{"id":8438,"date":"2023-07-20T13:59:26","date_gmt":"2023-07-20T11:59:26","guid":{"rendered":"https:\/\/nostraigua.cat\/?page_id=8438"},"modified":"2026-04-22T13:24:38","modified_gmt":"2026-04-22T11:24:38","slug":"buzon-etico","status":"publish","type":"page","link":"https:\/\/nostraigua.cat\/es\/buzon-etico\/","title":{"rendered":"Buz\u00f3n \u00e9tico"},"content":{"rendered":"<p>[et_pb_section fb_built=\u00bb1&#8243; fullwidth=\u00bbon\u00bb _builder_version=\u00bb4.21.0&#8243; _module_preset=\u00bbdefault\u00bb background_color=\u00bb#7ca5c8&#8243; background_image=\u00bbhttps:\/\/nostraigua.cat\/wp-content\/uploads\/2022\/06\/BANER-WEB-CAT_nostraigua_oficina_virtual_web-CA.png\u00bb background_size=\u00bbcontain\u00bb custom_padding=\u00bb||45px||false|false\u00bb top_divider_color=\u00bb#e7f1f9&#8243; bottom_divider_style=\u00bbwaves2&#8243; bottom_divider_color=\u00bb#e7f1f9&#8243; bottom_divider_repeat=\u00bb0.5x\u00bb hover_enabled=\u00bb0&#8243; global_colors_info=\u00bb{}\u00bb sticky_enabled=\u00bb0&#8243;][et_pb_fullwidth_slider show_arrows=\u00bboff\u00bb show_pagination=\u00bboff\u00bb use_bg_overlay=\u00bboff\u00bb use_text_overlay=\u00bboff\u00bb _builder_version=\u00bb4.21.0&#8243; _module_preset=\u00bbdefault\u00bb background_color=\u00bbRGBA(255,255,255,0)\u00bb min_height=\u00bb415px\u00bb min_height_tablet=\u00bb251px\u00bb min_height_phone=\u00bb127px\u00bb min_height_last_edited=\u00bbon|desktop\u00bb custom_margin=\u00bb0px||||false|false\u00bb custom_padding=\u00bb0px||||false|false\u00bb link_option_url=\u00bbhttps:\/\/nostraigua.bustiaetica.seu-e.cat\/#\/\u00bb global_colors_info=\u00bb{}\u00bb][et_pb_slide url_new_window=\u00bbon\u00bb admin_title=\u00bbB\u00fastia \u00c8tica\u00bb _builder_version=\u00bb4.21.0&#8243; _module_preset=\u00bbdefault\u00bb background_color=\u00bb#66b1df\u00bb background_enable_color=\u00bbon\u00bb background_image=\u00bbhttps:\/\/nostraigua.cat\/wp-content\/uploads\/2023\/07\/Baner-bustia-etica_CAST.png\u00bb background_enable_image=\u00bbon\u00bb link_option_url_new_window=\u00bbon\u00bb global_colors_info=\u00bb{}\u00bb sticky_transition=\u00bbon\u00bb][\/et_pb_slide][\/et_pb_fullwidth_slider][\/et_pb_section][et_pb_section fb_built=\u00bb1&#8243; _builder_version=\u00bb4.16&#8243; _module_preset=\u00bbdefault\u00bb use_background_color_gradient=\u00bbon\u00bb background_color_gradient_stops=\u00bb#e7f1f9 0%|#ffffff 180px\u00bb background_color_gradient_start=\u00bb#e7f1f9&#8243; background_color_gradient_end=\u00bb#ffffff\u00bb background_color_gradient_end_position=\u00bb180px\u00bb global_colors_info=\u00bb{}\u00bb][et_pb_row _builder_version=\u00bb4.16&#8243; _module_preset=\u00bbdefault\u00bb custom_padding=\u00bb0px|||||\u00bb global_colors_info=\u00bb{}\u00bb][et_pb_column type=\u00bb4_4&#8243; _builder_version=\u00bb4.16&#8243; _module_preset=\u00bbdefault\u00bb global_colors_info=\u00bb{}\u00bb][et_pb_post_title meta=\u00bboff\u00bb featured_image=\u00bboff\u00bb admin_label=\u00bbgPostTitle\u00bb _builder_version=\u00bb4.4.2&#8243; title_font=\u00bbMontserrat|600||on|||||\u00bb title_text_align=\u00bbcenter\u00bb title_text_color=\u00bb#000000&#8243; title_font_size=\u00bb30px\u00bb title_letter_spacing=\u00bb2px\u00bb title_line_height=\u00bb1.4em\u00bb custom_margin=\u00bb||0.8em||false|false\u00bb title_font_size_tablet=\u00bb24px\u00bb title_font_size_phone=\u00bb22px\u00bb title_font_size_last_edited=\u00bbon|phone\u00bb global_module=\u00bb681&#8243; saved_tabs=\u00bball\u00bb global_colors_info=\u00bb{}\u00bb][\/et_pb_post_title][et_pb_divider divider_weight=\u00bb4px\u00bb admin_label=\u00bbgSeparador\u00bb _builder_version=\u00bb4.4.7&#8243; max_width=\u00bb60px\u00bb module_alignment=\u00bbcenter\u00bb height=\u00bb4px\u00bb global_module=\u00bb532&#8243; saved_tabs=\u00bball\u00bb global_colors_info=\u00bb{}\u00bb][\/et_pb_divider][\/et_pb_column][\/et_pb_row][et_pb_row _builder_version=\u00bb4.21.0&#8243; _module_preset=\u00bbdefault\u00bb custom_padding=\u00bb||0px|||\u00bb global_colors_info=\u00bb{}\u00bb][et_pb_column type=\u00bb4_4&#8243; _builder_version=\u00bb4.21.0&#8243; _module_preset=\u00bbdefault\u00bb global_colors_info=\u00bb{}\u00bb][et_pb_text _builder_version=\u00bb4.21.0&#8243; _module_preset=\u00bbdefault\u00bb header_2_text_align=\u00bbcenter\u00bb header_2_text_color=\u00bb#FFFFFF\u00bb header_2_font_size=\u00bb30px\u00bb header_2_line_height=\u00bb1.5em\u00bb background_color=\u00bb#006EB3&#8243; custom_padding=\u00bb0.6em|0.8em||0.8em|false|true\u00bb global_colors_info=\u00bb{}\u00bb]<\/p>\n<h2>CANAL DE PARTICIPACI\u00d3N Y COLABORACI\u00d3N DE LA EPEL NOSTRAIGUA<\/h2>\n<p>[\/et_pb_text][et_pb_tabs module_class=\u00bbbe-tabs\u00bb _builder_version=\u00bb4.21.0&#8243; _module_preset=\u00bbdefault\u00bb global_colors_info=\u00bb{}\u00bb][et_pb_tab title=\u00bbInicio\u00bb _builder_version=\u00bb4.21.0&#8243; _module_preset=\u00bbdefault\u00bb background_enable_image=\u00bboff\u00bb global_colors_info=\u00bb{}\u00bb]<\/p>\n<p><img decoding=\"async\" src=\"https:\/\/nostraigua.cat\/wp-content\/uploads\/2023\/07\/be-es-ini-01.png\" alt=\"Intro 1\" class=\"be-im-intro\" \/><img decoding=\"async\" src=\"https:\/\/nostraigua.cat\/wp-content\/uploads\/2023\/07\/be-es-ini-02.png\" alt=\"Intro 2\" class=\"be-im-intro\" \/><img decoding=\"async\" src=\"https:\/\/nostraigua.cat\/wp-content\/uploads\/2023\/07\/be-es-ini-03.png\" alt=\"Intro 3\" class=\"be-im-intro\" \/><img decoding=\"async\" src=\"https:\/\/nostraigua.cat\/wp-content\/uploads\/2023\/07\/be-es-ini-04.png\" alt=\"Intro 4\" class=\"be-im-intro\" \/><\/p>\n<p>[\/et_pb_tab][et_pb_tab title=\u00bb\u00bfQu\u00e9 es?\u00bb _builder_version=\u00bb4.21.0&#8243; _module_preset=\u00bbdefault\u00bb global_colors_info=\u00bb{}\u00bb]<img loading=\"lazy\" decoding=\"async\" width=\"300\" height=\"300\" src=\"https:\/\/nostraigua.cat\/wp-content\/uploads\/2023\/07\/01-icona_que-es-300x300.png\" alt=\"\" class=\"wp-image-8588 alignnone size-medium be-im-baf\" style=\"float: left;\" \/><\/p>\n<p>El Buz\u00f3n \u00c9tico es un canal de comunicaci\u00f3n interno para que aquellas personas que prestan servicios en Nostraigua, o est\u00e1n en contacto con estos entes en el contexto de sus actividades laborales, que tengan pruebas de una mala praxis en Nostraigua lo puedan informar. Es un <strong>canal de comunicaci\u00f3n seguro y confidencial<\/strong> y, si se desea, an\u00f3nimo.<\/p>\n<p>&nbsp;<\/p>\n<p>Su regulaci\u00f3n se encuentra en el <a href=\"https:\/\/nostraigua.cat\/wp-content\/uploads\/2023\/06\/Protocol-Bustia-Etica-Nostraigua.pdf\">Protocolo del Buz\u00f3n \u00c9tico del EPEL Nostraigua<\/a> as\u00ed como en la <a href=\"https:\/\/www.boe.es\/eli\/es\/l\/2023\/02\/20\/2\/dof\/spa\/pdf\">Ley 2\/2023, reguladora de la protecci\u00f3n de las personas que informan de infracciones normativas y de lucha contra la corrupci\u00f3n<\/a>.<\/p>\n<p>&nbsp;<\/p>\n<p>Incluye mecanismos para garantizar la <strong>confidencialidad<\/strong> de todas las informaciones y tambi\u00e9n si se desea el <strong>anonimato<\/strong>. Ofrece un espacio de comunicaci\u00f3n seguro para mantener el contacto con el \u00f3rgano gestor y conocer su estado de tramitaci\u00f3n, incluso en los supuestos de anonimato. Se quiere favorecer que cualquier persona o servidor p\u00fablico pueda facilitar la informaci\u00f3n, sin sufrir represalias.<\/p>\n<p>&nbsp;<\/p>\n<p>Es un medio de prevenci\u00f3n y detecci\u00f3n de irregularidades que preserva la identidad de la persona que realiza la comunicaci\u00f3n. Y tambi\u00e9n incorpora herramientas para garantizar los derechos de la persona a la que se le atribuye la conducta irregular.[\/et_pb_tab][et_pb_tab title=\u00bb\u00bfQui\u00e9n realiza las alertas?\u00bb _builder_version=\u00bb4.21.0&#8243; _module_preset=\u00bbdefault\u00bb global_colors_info=\u00bb{}\u00bb]<img loading=\"lazy\" decoding=\"async\" width=\"300\" height=\"300\" src=\"https:\/\/nostraigua.cat\/wp-content\/uploads\/2023\/07\/02-icona-ambit-actuacio-300x300.png\" alt=\"\" class=\"wp-image-8592 alignnone size-medium be-im-baf\" style=\"float: left;\" \/><\/p>\n<p><span>Las personas que pueden dirigirse a este Buz\u00f3n son las personas que prestan servicios en Nostraigua, o est\u00e1n en contacto con esta entidad en el contexto de sus actividades laborales:<\/span><\/p>\n<ol>\n<li>Los empleades\/as y p\u00fablicos\/as que tengan la condici\u00f3n de funcionarios de carrera, funcionarios interinos, personal laboral, personal eventual o personal directivo.<\/li>\n<li><span><\/span>Cualquier persona que trabaje bajo la supervisi\u00f3n y direcci\u00f3n de contratistas, subcontratistas y proveedores de la Entidad.<\/li>\n<li><span><\/span><span><\/span><span>Voluntarios y trabajadores en pr\u00e1cticas, perciban o no remuneraci\u00f3n.<\/span><\/li>\n<li><span><\/span><span><\/span><span><\/span><span><\/span><span><\/span><span><\/span><span><\/span><span><\/span><span><\/span><span>Personas que comuniquen informaci\u00f3n sobre infracciones obtenidas en el marco de una relaci\u00f3n laboral ya concluida.<\/span><\/li>\n<li><span><\/span><span><\/span><span>Personas cuya relaci\u00f3n laboral todav\u00eda no haya comenzado, en los casos en que la informaci\u00f3n sobre infracciones se haya obtenido llevar\u00e1n el proceso de selecci\u00f3n.<\/span><span><\/span><span><\/span><\/li>\n<\/ol>\n<p>[\/et_pb_tab][et_pb_tab title=\u00bbRequisitos\u00bb _builder_version=\u00bb4.21.0&#8243; _module_preset=\u00bbdefault\u00bb global_colors_info=\u00bb{}\u00bb]<\/p>\n<p><img loading=\"lazy\" decoding=\"async\" width=\"300\" height=\"300\" src=\"https:\/\/nostraigua.cat\/wp-content\/uploads\/2023\/07\/03-icona_requisits-300x300.png\" alt=\"\" class=\"wp-image-8594 alignnone size-medium be-im-baf\" style=\"float: left;\" \/><\/p>\n<p>Para poder admitir las comunicaciones dirigidas al Buz\u00f3n de Informaciones y alertas, \u00e9stas deben cumplir los siguientes requisitos:<\/p>\n<ol>\n<li>Realizar una descripci\u00f3n de los hechos con el mayor detalle posible que permita la identificaci\u00f3n de la conducta contraria a derecho.<\/li>\n<li>Aportar toda la documentaci\u00f3n disponible para la verificaci\u00f3n de la comunicaci\u00f3n y\/o para la b\u00fasqueda de pruebas.<\/li>\n<li>La comunicaci\u00f3n debe estar dentro del \u00e1mbito de aplicaci\u00f3n objetivo del Buz\u00f3n de informaciones y alertas.<\/li>\n<li>No se admitir\u00e1n las comunicaciones carentes de fundamento o sean notoriamente falsas.<\/li>\n<\/ol>\n<p>&nbsp;<\/p>\n<p><strong>Recomendaciones de car\u00e1cter t\u00e9cnico:<\/strong><\/p>\n<ol>\n<li>Hay que tener en consideraci\u00f3n que los documentos pueden contener rastros del dispositivo en el que se han generado. Se recomienda crear los documentos que acompa\u00f1en a la comunicaci\u00f3n en dispositivos no vinculados a ninguna persona o bien borrar sus metadatos antes de enviarlos. .<\/li>\n<li>El formato \u00f3ptimo para subir los archivos al Buz\u00f3n \u00c9tico y de Bon Govern es el PDF. Tambi\u00e9n se admiten las siguientes extensiones: .txt, .rtf, .docx, .odt, xls, .xlsx, .ods, .gif, .tiff, .jpg, .jpeg y .zip.<\/li>\n<li>En cualquier caso, para garantizar plenamente el anonimato de la comunicaci\u00f3n en el entorno digital.<\/li>\n<li>No todas las versiones de exploradores funcionan correctamente para acceder a la aplicaci\u00f3n del Buz\u00f3n. Las versiones de navegador m\u00ednimas soportadas son Mozilla Firefox 34, Google Chrome 37, Safari 7.1 (IOS 8), Microsoft Internet Explorer 11, Edge 12 y Tor Browser.<\/li>\n<\/ol>\n<p>&nbsp;<\/p>\n<p>[\/et_pb_tab][et_pb_tab title=\u00bbFuncionamiento\u00bb _builder_version=\u00bb4.21.0&#8243; _module_preset=\u00bbdefault\u00bb global_colors_info=\u00bb{}\u00bb]<img loading=\"lazy\" decoding=\"async\" width=\"300\" height=\"300\" src=\"https:\/\/nostraigua.cat\/wp-content\/uploads\/2023\/07\/04-icona_funcionament-300x300.png\" alt=\"\" class=\"wp-image-8600 alignnone size-medium be-im-baf\" style=\"float: left;\" \/><\/p>\n<p>Las comunicaciones de alerta se har\u00e1n de forma telem\u00e1tica a trav\u00e9s del Buz\u00f3n \u00c9tico de Nostraigua <a href=\"https:\/\/nostraigua.bustiaetica.seu-e.cat\/%23\/,\">https:\/\/nostraigua.bustiaetica.seu-e.cat\/#\/<\/a>, que es el canal seguro que permite, por un lado, la presentaci\u00f3n de comunicaciones confidenciales y\/o an\u00f3nimas y, por otra, la comunicaci\u00f3n entre la persona alertadora y la persona gestora de la alerta (comunicaci\u00f3n bidireccional).<\/p>\n<p>&nbsp;<\/p>\n<p>En caso de que la recepci\u00f3n de la alerta sea por correo postal, verbal, telef\u00f3nica o por mensajer\u00eda de voz, las personas responsables de la investigaci\u00f3n contactar\u00e1n con la persona alertadora y le propondr\u00e1n el uso del Buz\u00f3n, que es el canal preferente establecido por Nostraigua, y que es el \u00fanico canal que garantizar\u00e1 la comunicaci\u00f3n bidireccional y que puede garantizar el anonimato.[\/et_pb_tab][et_pb_tab title=\u00bbSeguimiento\u00bb _builder_version=\u00bb4.21.0&#8243; _module_preset=\u00bbdefault\u00bb global_colors_info=\u00bb{}\u00bb]<img loading=\"lazy\" decoding=\"async\" width=\"300\" height=\"300\" src=\"https:\/\/nostraigua.cat\/wp-content\/uploads\/2023\/07\/05-icona_seguiment-300x300.png\" alt=\"\" class=\"wp-image-8598 alignnone size-medium be-im-baf\" style=\"float: left;\" \/><\/p>\n<ol>\n<li>Accede al Buz\u00f3n \u00c9tico. Hazlo mediante el navegador TOR si quieres mantener tu anonimato, puesto que es la \u00fanica garant\u00eda de que no se podr\u00e1 identificar la IP de tu ordenador. <a href=\"https:\/\/nostraigua.bustiaetica.seu-e.cat\/%23\/\">https:\/\/nostraigua.bustiaetica.seu-e.cat\/#\/<\/a><\/li>\n<\/ol>\n<p>&nbsp;<\/p>\n<ol start=\"2\">\n<li>Introduce el c\u00f3digo num\u00e9rico que guardaste al hacer la alerta. Esto permite ver si las personas responsables de la investigaci\u00f3n te han realizado alguna comunicaci\u00f3n: recepci\u00f3n de la alerta, requerimiento de informaci\u00f3n, etc.<\/li>\n<\/ol>\n<p>&nbsp;[\/et_pb_tab][et_pb_tab title=\u00bbComunicaciones an\u00f3nimas\u00bb _builder_version=\u00bb4.21.0&#8243; _module_preset=\u00bbdefault\u00bb global_colors_info=\u00bb{}\u00bb]<img loading=\"lazy\" decoding=\"async\" width=\"300\" height=\"300\" src=\"https:\/\/nostraigua.cat\/wp-content\/uploads\/2023\/07\/06-icona_anonimitat-300x300.png\" alt=\"\" class=\"wp-image-8602 alignnone size-medium be-im-baf\" style=\"float: left;\" \/><\/p>\n<p><strong>El buz\u00f3n garantiza en todo momento la confidencialidad de las comunicaciones y la indemnidad del comunicador<\/strong>. Las personas pueden facilitar sus datos identificativos y de contacto o, si lo prefieren, tambi\u00e9n pueden realizar la comunicaci\u00f3n de manera an\u00f3nima.<\/p>\n<p>Tiene dos opciones para hacer la comunicaci\u00f3n de forma an\u00f3nima:<\/p>\n<ul>\n<li>Utilizando su navegador pero sin facilitar los datos identificativos y de contacto. En este caso queda rastro de la direcci\u00f3n IP desde la que se realiza la comunicaci\u00f3n.<\/li>\n<li>Garantizando plenamente el anonimato de la comunicaci\u00f3n en el entorno digital (tambi\u00e9n de la direcci\u00f3n IP, que puede identificar a quien navega por internet), utilizando una red de anonimizaci\u00f3n. La herramienta m\u00e1s utilizada es la red TOR. Como cualquier otro navegador, para hacer uso de la herramienta TOR, es necesario descargar el navegador desde la <a href=\"https:\/\/www.torproject.org\/download\/\">p\u00e1gina de descarga<\/a>. En este <a href=\"https:\/\/www.youtube.com\/watch?v=Tdmq8qCEncI\">enlace<\/a>, puede ver un v\u00eddeo tutorial sobre c\u00f3mo descargar el TOR.<\/li>\n<\/ul>\n<p>El an\u00e1lisis de las herramientas usadas por otras entidades dedicadas a la denuncia ciudadana y de las aportaciones de los expertos en estos temas, aconsejan facilitar esta opci\u00f3n de anonimato para preservar la integridad de quien comunica, a menudo en situaci\u00f3n de vulnerabilidad.<\/p>\n<p>La red TOR es b\u00e1sicamente un software gratuito y de c\u00f3digo abierto que permite mejorar la privacidad y seguridad en Internet. Cuando se conecta a internet con TOR, la conexi\u00f3n pasa a trav\u00e9s de una serie de t\u00faneles cifrados, en lugar de hacerse directamente, lo que dificulta rastrear la fuente de la informaci\u00f3n. As\u00ed, la identidad de la persona que se conecta est\u00e1 protegida.<\/p>\n<p>El uso de la red TOR para acceder al buz\u00f3n es aconsejable o indispensable cuando se tiene el convencimiento o certeza de riesgo, porque garantiza el anonimato de la persona en el momento de la recepci\u00f3n de la comunicaci\u00f3n. Sin embargo, cabe recordar que quien comunica debe preservar, tambi\u00e9n, el anonimato en el momento de la emisi\u00f3n. Recuerde las sugerencias hechas en este sentido en el apartado \u201cAdvertencias previas\u201d (en las que, por ejemplo, se hace alusi\u00f3n al borrado de los metadatos\u2026).<\/p>\n<p>Se recomienda cerrar el resto de navegadores y aplicaciones mientras se utiliza TOR.[\/et_pb_tab][\/et_pb_tabs][\/et_pb_column][\/et_pb_row][et_pb_row _builder_version=\u00bb4.21.0&#8243; _module_preset=\u00bbdefault\u00bb background_color=\u00bbrgba(0,110,178,0.68)\u00bb use_background_color_gradient=\u00bbon\u00bb background_color_gradient_stops=\u00bb#8fb6d8 0%|rgba(0,110,178,0) 100%\u00bb background_color_gradient_start=\u00bb#8fb6d8&#8243; background_color_gradient_end=\u00bbrgba(0,110,178,0)\u00bb custom_padding=\u00bb38px||48px|||\u00bb border_radii=\u00bbon|8px|8px|8px|8px\u00bb box_shadow_style=\u00bbpreset3&#8243; global_colors_info=\u00bb{}\u00bb][et_pb_column type=\u00bb4_4&#8243; _builder_version=\u00bb4.21.0&#8243; _module_preset=\u00bbdefault\u00bb global_colors_info=\u00bb{}\u00bb][et_pb_text _builder_version=\u00bb4.21.0&#8243; _module_preset=\u00bbdefault\u00bb text_text_color=\u00bb#FFFFFF\u00bb header_2_font=\u00bb|700|||||||\u00bb header_2_text_align=\u00bbcenter\u00bb header_2_text_color=\u00bb#FFFFFF\u00bb text_orientation=\u00bbcenter\u00bb width=\u00bb80%\u00bb module_alignment=\u00bbcenter\u00bb min_height=\u00bb119.2px\u00bb hover_enabled=\u00bb0&#8243; global_colors_info=\u00bb{}\u00bb sticky_enabled=\u00bb0&#8243;]<\/p>\n<h2>Acceso al Buz\u00f3n \u00c9tico<\/h2>\n<p>Esta aplicaci\u00f3n es el canal prioritario de admisi\u00f3n de las comunicacines del buz\u00f3n ya que es el \u00fanico que garantiza la confidencialidad y permite el anonimato durante todo el proceso.<\/p>\n<p>[\/et_pb_text][et_pb_button button_text=\u00bbAccede\u00bb button_alignment=\u00bbcenter\u00bb module_class=\u00bbbe-popup\u00bb _builder_version=\u00bb4.21.0&#8243; _module_preset=\u00bbdefault\u00bb custom_button=\u00bbon\u00bb button_text_color=\u00bb#FFFFFF\u00bb global_colors_info=\u00bb{}\u00bb][\/et_pb_button][\/et_pb_column][\/et_pb_row][\/et_pb_section]<\/p>\n","protected":false},"excerpt":{"rendered":"<p>CANAL DE PARTICIPACI\u00d3N Y COLABORACI\u00d3N DE LA EPEL NOSTRAIGUA El Buz\u00f3n \u00c9tico es un canal de comunicaci\u00f3n interno para que aquellas personas que prestan servicios en Nostraigua, o est\u00e1n en contacto con estos entes en el contexto de sus actividades laborales, que tengan pruebas de una mala praxis en Nostraigua lo puedan informar. Es un [&hellip;]<\/p>\n","protected":false},"author":2,"featured_media":0,"parent":0,"menu_order":0,"comment_status":"closed","ping_status":"closed","template":"","meta":{"_et_pb_use_builder":"on","_et_pb_old_content":"","_et_gb_content_width":"","footnotes":""},"class_list":["post-8438","page","type-page","status-publish","hentry"],"yoast_head":"<!-- This site is optimized with the Yoast SEO plugin v27.1.1 - https:\/\/yoast.com\/product\/yoast-seo-wordpress\/ -->\n<title>Buz\u00f3n \u00e9tico - Nostraigua<\/title>\n<meta name=\"robots\" content=\"index, follow, max-snippet:-1, max-image-preview:large, max-video-preview:-1\" \/>\n<link rel=\"canonical\" href=\"https:\/\/nostraigua.cat\/es\/buzon-etico\/\" \/>\n<meta property=\"og:locale\" content=\"es_ES\" \/>\n<meta property=\"og:type\" content=\"article\" \/>\n<meta property=\"og:title\" content=\"Buz\u00f3n \u00e9tico - Nostraigua\" \/>\n<meta property=\"og:description\" content=\"CANAL DE PARTICIPACI\u00d3N Y COLABORACI\u00d3N DE LA EPEL NOSTRAIGUA El Buz\u00f3n \u00c9tico es un canal de comunicaci\u00f3n interno para que aquellas personas que prestan servicios en Nostraigua, o est\u00e1n en contacto con estos entes en el contexto de sus actividades laborales, que tengan pruebas de una mala praxis en Nostraigua lo puedan informar. Es un [&hellip;]\" \/>\n<meta property=\"og:url\" content=\"https:\/\/nostraigua.cat\/es\/buzon-etico\/\" \/>\n<meta property=\"og:site_name\" content=\"Nostraigua\" \/>\n<meta property=\"article:modified_time\" content=\"2026-04-22T11:24:38+00:00\" \/>\n<meta property=\"og:image\" content=\"https:\/\/nostraigua.cat\/wp-content\/uploads\/2023\/07\/be-es-ini-01.png\" \/>\n<meta name=\"twitter:card\" content=\"summary_large_image\" \/>\n<meta name=\"twitter:label1\" content=\"Tiempo de lectura\" \/>\n\t<meta name=\"twitter:data1\" content=\"10 minutos\" \/>\n<script type=\"application\/ld+json\" class=\"yoast-schema-graph\">{\"@context\":\"https:\/\/schema.org\",\"@graph\":[{\"@type\":\"WebPage\",\"@id\":\"https:\/\/nostraigua.cat\/es\/buzon-etico\/\",\"url\":\"https:\/\/nostraigua.cat\/es\/buzon-etico\/\",\"name\":\"Buz\u00f3n \u00e9tico - Nostraigua\",\"isPartOf\":{\"@id\":\"https:\/\/nostraigua.cat\/es\/#website\"},\"primaryImageOfPage\":{\"@id\":\"https:\/\/nostraigua.cat\/es\/buzon-etico\/#primaryimage\"},\"image\":{\"@id\":\"https:\/\/nostraigua.cat\/es\/buzon-etico\/#primaryimage\"},\"thumbnailUrl\":\"https:\/\/nostraigua.cat\/wp-content\/uploads\/2023\/07\/be-es-ini-01.png\",\"datePublished\":\"2023-07-20T11:59:26+00:00\",\"dateModified\":\"2026-04-22T11:24:38+00:00\",\"breadcrumb\":{\"@id\":\"https:\/\/nostraigua.cat\/es\/buzon-etico\/#breadcrumb\"},\"inLanguage\":\"es\",\"potentialAction\":[{\"@type\":\"ReadAction\",\"target\":[\"https:\/\/nostraigua.cat\/es\/buzon-etico\/\"]}]},{\"@type\":\"ImageObject\",\"inLanguage\":\"es\",\"@id\":\"https:\/\/nostraigua.cat\/es\/buzon-etico\/#primaryimage\",\"url\":\"https:\/\/nostraigua.cat\/wp-content\/uploads\/2023\/07\/be-es-ini-01.png\",\"contentUrl\":\"https:\/\/nostraigua.cat\/wp-content\/uploads\/2023\/07\/be-es-ini-01.png\"},{\"@type\":\"BreadcrumbList\",\"@id\":\"https:\/\/nostraigua.cat\/es\/buzon-etico\/#breadcrumb\",\"itemListElement\":[{\"@type\":\"ListItem\",\"position\":1,\"name\":\"Portada\",\"item\":\"https:\/\/nostraigua.cat\/es\/\"},{\"@type\":\"ListItem\",\"position\":2,\"name\":\"Buz\u00f3n \u00e9tico\"}]},{\"@type\":\"WebSite\",\"@id\":\"https:\/\/nostraigua.cat\/es\/#website\",\"url\":\"https:\/\/nostraigua.cat\/es\/\",\"name\":\"Nostraigua\",\"description\":\"Nostraigua\",\"potentialAction\":[{\"@type\":\"SearchAction\",\"target\":{\"@type\":\"EntryPoint\",\"urlTemplate\":\"https:\/\/nostraigua.cat\/es\/?s={search_term_string}\"},\"query-input\":{\"@type\":\"PropertyValueSpecification\",\"valueRequired\":true,\"valueName\":\"search_term_string\"}}],\"inLanguage\":\"es\"}]}<\/script>\n<!-- \/ Yoast SEO plugin. -->","yoast_head_json":{"title":"Buz\u00f3n \u00e9tico - Nostraigua","robots":{"index":"index","follow":"follow","max-snippet":"max-snippet:-1","max-image-preview":"max-image-preview:large","max-video-preview":"max-video-preview:-1"},"canonical":"https:\/\/nostraigua.cat\/es\/buzon-etico\/","og_locale":"es_ES","og_type":"article","og_title":"Buz\u00f3n \u00e9tico - Nostraigua","og_description":"CANAL DE PARTICIPACI\u00d3N Y COLABORACI\u00d3N DE LA EPEL NOSTRAIGUA El Buz\u00f3n \u00c9tico es un canal de comunicaci\u00f3n interno para que aquellas personas que prestan servicios en Nostraigua, o est\u00e1n en contacto con estos entes en el contexto de sus actividades laborales, que tengan pruebas de una mala praxis en Nostraigua lo puedan informar. Es un [&hellip;]","og_url":"https:\/\/nostraigua.cat\/es\/buzon-etico\/","og_site_name":"Nostraigua","article_modified_time":"2026-04-22T11:24:38+00:00","og_image":[{"url":"https:\/\/nostraigua.cat\/wp-content\/uploads\/2023\/07\/be-es-ini-01.png","type":"","width":"","height":""}],"twitter_card":"summary_large_image","twitter_misc":{"Tiempo de lectura":"10 minutos"},"schema":{"@context":"https:\/\/schema.org","@graph":[{"@type":"WebPage","@id":"https:\/\/nostraigua.cat\/es\/buzon-etico\/","url":"https:\/\/nostraigua.cat\/es\/buzon-etico\/","name":"Buz\u00f3n \u00e9tico - Nostraigua","isPartOf":{"@id":"https:\/\/nostraigua.cat\/es\/#website"},"primaryImageOfPage":{"@id":"https:\/\/nostraigua.cat\/es\/buzon-etico\/#primaryimage"},"image":{"@id":"https:\/\/nostraigua.cat\/es\/buzon-etico\/#primaryimage"},"thumbnailUrl":"https:\/\/nostraigua.cat\/wp-content\/uploads\/2023\/07\/be-es-ini-01.png","datePublished":"2023-07-20T11:59:26+00:00","dateModified":"2026-04-22T11:24:38+00:00","breadcrumb":{"@id":"https:\/\/nostraigua.cat\/es\/buzon-etico\/#breadcrumb"},"inLanguage":"es","potentialAction":[{"@type":"ReadAction","target":["https:\/\/nostraigua.cat\/es\/buzon-etico\/"]}]},{"@type":"ImageObject","inLanguage":"es","@id":"https:\/\/nostraigua.cat\/es\/buzon-etico\/#primaryimage","url":"https:\/\/nostraigua.cat\/wp-content\/uploads\/2023\/07\/be-es-ini-01.png","contentUrl":"https:\/\/nostraigua.cat\/wp-content\/uploads\/2023\/07\/be-es-ini-01.png"},{"@type":"BreadcrumbList","@id":"https:\/\/nostraigua.cat\/es\/buzon-etico\/#breadcrumb","itemListElement":[{"@type":"ListItem","position":1,"name":"Portada","item":"https:\/\/nostraigua.cat\/es\/"},{"@type":"ListItem","position":2,"name":"Buz\u00f3n \u00e9tico"}]},{"@type":"WebSite","@id":"https:\/\/nostraigua.cat\/es\/#website","url":"https:\/\/nostraigua.cat\/es\/","name":"Nostraigua","description":"Nostraigua","potentialAction":[{"@type":"SearchAction","target":{"@type":"EntryPoint","urlTemplate":"https:\/\/nostraigua.cat\/es\/?s={search_term_string}"},"query-input":{"@type":"PropertyValueSpecification","valueRequired":true,"valueName":"search_term_string"}}],"inLanguage":"es"}]}},"publishpress_future_workflow_manual_trigger":{"enabledWorkflows":[]},"_links":{"self":[{"href":"https:\/\/nostraigua.cat\/es\/wp-json\/wp\/v2\/pages\/8438","targetHints":{"allow":["GET"]}}],"collection":[{"href":"https:\/\/nostraigua.cat\/es\/wp-json\/wp\/v2\/pages"}],"about":[{"href":"https:\/\/nostraigua.cat\/es\/wp-json\/wp\/v2\/types\/page"}],"author":[{"embeddable":true,"href":"https:\/\/nostraigua.cat\/es\/wp-json\/wp\/v2\/users\/2"}],"replies":[{"embeddable":true,"href":"https:\/\/nostraigua.cat\/es\/wp-json\/wp\/v2\/comments?post=8438"}],"version-history":[{"count":25,"href":"https:\/\/nostraigua.cat\/es\/wp-json\/wp\/v2\/pages\/8438\/revisions"}],"predecessor-version":[{"id":12590,"href":"https:\/\/nostraigua.cat\/es\/wp-json\/wp\/v2\/pages\/8438\/revisions\/12590"}],"wp:attachment":[{"href":"https:\/\/nostraigua.cat\/es\/wp-json\/wp\/v2\/media?parent=8438"}],"curies":[{"name":"wp","href":"https:\/\/api.w.org\/{rel}","templated":true}]}}