{"id":7507,"date":"2022-10-24T13:37:25","date_gmt":"2022-10-24T11:37:25","guid":{"rendered":"https:\/\/nostraigua.cat\/?page_id=7507"},"modified":"2026-02-05T07:57:30","modified_gmt":"2026-02-05T06:57:30","slug":"devolucion-fianzas","status":"publish","type":"page","link":"https:\/\/nostraigua.cat\/es\/devolucion-fianzas\/","title":{"rendered":"Devoluci\u00f3n de fianzas"},"content":{"rendered":"<p>[et_pb_section fb_built=\u00bb1&#8243; fullwidth=\u00bbon\u00bb _builder_version=\u00bb4.16&#8243; _module_preset=\u00bbdefault\u00bb background_color=\u00bb#e7f1f9&#8243; custom_padding=\u00bb||||false|false\u00bb top_divider_color=\u00bb#e7f1f9&#8243; bottom_divider_style=\u00bbwaves2&#8243; bottom_divider_color=\u00bb#e7f1f9&#8243; bottom_divider_repeat=\u00bb0.2x\u00bb global_colors_info=\u00bb{}\u00bb][et_pb_fullwidth_slider show_arrows=\u00bboff\u00bb show_pagination=\u00bboff\u00bb _builder_version=\u00bb4.18.0&#8243; _module_preset=\u00bbdefault\u00bb background_color=\u00bb#e7f1f9&#8243; background_image=\u00bbhttps:\/\/nostraigua.cat\/wp-content\/uploads\/2022\/04\/nostraigua_baner_especific_CA-scaled.jpg\u00bb max_height=\u00bb383px\u00bb global_colors_info=\u00bb{}\u00bb][et_pb_slide heading=\u00bb@ET-DC@eyJkeW5hbWljIjp0cnVlLCJjb250ZW50IjoicG9zdF90aXRsZSIsInNldHRpbmdzIjp7ImJlZm9yZSI6IiIsImFmdGVyIjoiIn19@\u00bb use_bg_overlay=\u00bbon\u00bb bg_overlay_color=\u00bbrgba(0,110,179,0.41)\u00bb use_text_overlay=\u00bboff\u00bb _builder_version=\u00bb4.18.0&#8243; _dynamic_attributes=\u00bbheading\u00bb _module_preset=\u00bbdefault\u00bb header_font=\u00bb|700||on|||||\u00bb header_font_size=\u00bb36px\u00bb background_image=\u00bbhttps:\/\/nostraigua.cat\/wp-content\/uploads\/2020\/06\/imatge-factura-1-scaled.jpg\u00bb background_enable_image=\u00bbon\u00bb width=\u00bb60%\u00bb global_colors_info=\u00bb{}\u00bb sticky_transition=\u00bbon\u00bb][\/et_pb_slide][\/et_pb_fullwidth_slider][\/et_pb_section][et_pb_section fb_built=\u00bb1&#8243; _builder_version=\u00bb4.16&#8243; use_background_color_gradient=\u00bbon\u00bb background_color_gradient_stops=\u00bb#e7f1f9 0%|rgba(0,0,0,0) 100%\u00bb background_color_gradient_start=\u00bb#e7f1f9&#8243; background_color_gradient_end=\u00bbrgba(0,0,0,0)\u00bb custom_margin=\u00bb0px||||false|false\u00bb custom_padding=\u00bb0px|0px|0px|0px|false|false\u00bb global_colors_info=\u00bb{}\u00bb][et_pb_row _builder_version=\u00bb4.16&#8243; _module_preset=\u00bbdefault\u00bb global_colors_info=\u00bb{}\u00bb][et_pb_column type=\u00bb4_4&#8243; _builder_version=\u00bb4.16&#8243; _module_preset=\u00bbdefault\u00bb global_colors_info=\u00bb{}\u00bb][et_pb_text admin_label=\u00bbgTitle\u00bb _builder_version=\u00bb4.6.6&#8243; _dynamic_attributes=\u00bbcontent\u00bb text_font=\u00bb||||||||\u00bb text_font_size=\u00bb15px\u00bb text_line_height=\u00bb2em\u00bb header_font=\u00bb||||||||\u00bb header_text_align=\u00bbcenter\u00bb header_text_color=\u00bb#000000&#8243; header_letter_spacing=\u00bb2px\u00bb header_line_height=\u00bb1.4em\u00bb header_2_font=\u00bbMontserrat|600||on|||||\u00bb header_2_text_align=\u00bbcenter\u00bb header_2_font_size=\u00bb30px\u00bb header_2_letter_spacing=\u00bb2px\u00bb header_2_line_height=\u00bb1.4em\u00bb header_3_font=\u00bbMontserrat||||||||\u00bb header_3_text_align=\u00bbcenter\u00bb header_3_font_size=\u00bb24px\u00bb header_3_letter_spacing=\u00bb1px\u00bb header_3_line_height=\u00bb1.5em\u00bb header_4_font=\u00bbMontserrat|600||on|||||\u00bb header_4_text_align=\u00bbcenter\u00bb header_4_font_size=\u00bb20px\u00bb header_4_letter_spacing=\u00bb2px\u00bb header_4_line_height=\u00bb1.4em\u00bb header_5_font=\u00bbMontserrat|600||on|||||\u00bb header_5_text_align=\u00bbcenter\u00bb header_5_text_color=\u00bb#000000&#8243; header_5_font_size=\u00bb30px\u00bb header_5_letter_spacing=\u00bb2px\u00bb header_5_line_height=\u00bb1.4em\u00bb header_6_font=\u00bbMontserrat|600||on|||||\u00bb header_6_text_align=\u00bbcenter\u00bb header_6_text_color=\u00bb#000000&#8243; header_6_font_size=\u00bb30px\u00bb header_6_letter_spacing=\u00bb2px\u00bb header_6_line_height=\u00bb1.4em\u00bb text_orientation=\u00bbcenter\u00bb max_width=\u00bb700px\u00bb module_alignment=\u00bbcenter\u00bb custom_margin=\u00bb||1em||false|false\u00bb custom_padding=\u00bb15px||0px|||\u00bb header_font_size_tablet=\u00bb24px\u00bb header_font_size_phone=\u00bb22px\u00bb header_font_size_last_edited=\u00bbon|phone\u00bb header_2_font_size_tablet=\u00bb24px\u00bb header_2_font_size_phone=\u00bb22px\u00bb header_2_font_size_last_edited=\u00bbon|phone\u00bb header_3_font_size_tablet=\u00bb24px\u00bb header_3_font_size_phone=\u00bb22px\u00bb header_3_font_size_last_edited=\u00bbon|phone\u00bb header_4_font_size_tablet=\u00bb24px\u00bb header_4_font_size_phone=\u00bb22px\u00bb header_4_font_size_last_edited=\u00bbon|phone\u00bb header_5_font_size_tablet=\u00bb24px\u00bb header_5_font_size_phone=\u00bb22px\u00bb header_5_font_size_last_edited=\u00bbon|phone\u00bb header_6_font_size_tablet=\u00bb24px\u00bb header_6_font_size_phone=\u00bb22px\u00bb header_6_font_size_last_edited=\u00bbon|phone\u00bb global_module=\u00bb654&#8243; saved_tabs=\u00bball\u00bb locked=\u00bboff\u00bb global_colors_info=\u00bb{}\u00bb header_font_size__hover=\u00bb30px\u00bb header_font_size__hover_enabled=\u00bb30px\u00bb header_letter_spacing__hover=\u00bb0px\u00bb header_letter_spacing__hover_enabled=\u00bb0px\u00bb header_text_shadow_style__hover=\u00bbnone\u00bb header_text_shadow_style__hover_enabled=\u00bbnone\u00bb header_text_shadow_color__hover=\u00bbrgba(0,0,0,0.4)\u00bb header_text_shadow_color__hover_enabled=\u00bbrgba(0,0,0,0.4)\u00bb]<\/p>\n<h3>PROCEDIMIENTO DE DEVOLUCI\u00d3N DE LAS FIANZAS DEL SERVICIO DE AGUA<\/h3>\n<p>[\/et_pb_text][et_pb_divider divider_weight=\u00bb4px\u00bb admin_label=\u00bbgSeparador\u00bb _builder_version=\u00bb4.4.7&#8243; max_width=\u00bb60px\u00bb module_alignment=\u00bbcenter\u00bb height=\u00bb4px\u00bb global_module=\u00bb532&#8243; saved_tabs=\u00bball\u00bb global_colors_info=\u00bb{}\u00bb][\/et_pb_divider][\/et_pb_column][\/et_pb_row][et_pb_row column_structure=\u00bb1_2,1_2&#8243; use_custom_gutter=\u00bbon\u00bb gutter_width=\u00bb4&#8243; _builder_version=\u00bb4.18.0&#8243; custom_margin=\u00bb||||false|false\u00bb custom_padding=\u00bb35px|||||\u00bb global_colors_info=\u00bb{}\u00bb][et_pb_column type=\u00bb1_2&#8243; _builder_version=\u00bb4.16&#8243; global_colors_info=\u00bb{}\u00bb][et_pb_toggle title=\u00bb\u00bfQu\u00e9 es?\u00bb _builder_version=\u00bb4.18.0&#8243; _module_preset=\u00bb81380669-78e4-439d-9020-a0a3e8dc0b89&#8243; saved_tabs=\u00bball\u00bb global_colors_info=\u00bb{}\u00bb]<\/p>\n<p>Una de las modificaciones m\u00e1s importantes de la nueva ordenanza del servicio de agua y alcantarillado aprobada por el Pleno del Ayuntamiento de Mont-roig del Camp, es que, a partir del 1 de julio de 2022, deben devolverse de oficio las fianzas depositadas por los usuarios del servicio.<\/p>\n<p>[\/et_pb_toggle][\/et_pb_column][et_pb_column type=\u00bb1_2&#8243; _builder_version=\u00bb4.16&#8243; global_colors_info=\u00bb{}\u00bb][et_pb_toggle title=\u00bb\u00bfC\u00f3mo se realizar\u00e1 la devoluci\u00f3n?\u00bb _builder_version=\u00bb4.27.4&#8243; _module_preset=\u00bb81380669-78e4-439d-9020-a0a3e8dc0b89&#8243; saved_tabs=\u00bball\u00bb global_colors_info=\u00bb{}\u00bb]<\/p>\n<ul>\n<li>En fecha 30\/06\/2022, el Consejo de Administraci\u00f3 aprueba un procedimiento escalonado de devoluci\u00f3n de las fianzas gestionadas por la EPEL Nostraigua en funci\u00f3n de la situaci\u00f3n de la persona abonada.<\/li>\n<li>En fecha 15\/12\/2025, el Consejo de Administraci\u00f3n aprueba una modificaci\u00f3n del procedimiento en el cual la persona titular del contrato puede solicitar la devoluci\u00f3n de la fianza del servicio de agua.<\/li>\n<\/ul>\n<p>[\/et_pb_toggle][\/et_pb_column][\/et_pb_row][et_pb_row use_custom_gutter=\u00bbon\u00bb gutter_width=\u00bb4&#8243; _builder_version=\u00bb4.16&#8243; custom_margin=\u00bb||||false|false\u00bb custom_padding=\u00bb14px||4px|||\u00bb global_colors_info=\u00bb{}\u00bb][et_pb_column type=\u00bb4_4&#8243; _builder_version=\u00bb4.16&#8243; global_colors_info=\u00bb{}\u00bb][et_pb_text admin_label=\u00bbgTitle\u00bb _builder_version=\u00bb4.6.6&#8243; _dynamic_attributes=\u00bbcontent\u00bb text_font=\u00bb||||||||\u00bb text_font_size=\u00bb15px\u00bb text_line_height=\u00bb2em\u00bb header_font=\u00bb||||||||\u00bb header_text_align=\u00bbcenter\u00bb header_text_color=\u00bb#000000&#8243; header_letter_spacing=\u00bb2px\u00bb header_line_height=\u00bb1.4em\u00bb header_2_font=\u00bbMontserrat|600||on|||||\u00bb header_2_text_align=\u00bbcenter\u00bb header_2_font_size=\u00bb30px\u00bb header_2_letter_spacing=\u00bb2px\u00bb header_2_line_height=\u00bb1.4em\u00bb header_3_font=\u00bbMontserrat||||||||\u00bb header_3_text_align=\u00bbcenter\u00bb header_3_font_size=\u00bb24px\u00bb header_3_letter_spacing=\u00bb1px\u00bb header_3_line_height=\u00bb1.5em\u00bb header_4_font=\u00bbMontserrat|600||on|||||\u00bb header_4_text_align=\u00bbcenter\u00bb header_4_font_size=\u00bb20px\u00bb header_4_letter_spacing=\u00bb2px\u00bb header_4_line_height=\u00bb1.4em\u00bb header_5_font=\u00bbMontserrat|600||on|||||\u00bb header_5_text_align=\u00bbcenter\u00bb header_5_text_color=\u00bb#000000&#8243; header_5_font_size=\u00bb30px\u00bb header_5_letter_spacing=\u00bb2px\u00bb header_5_line_height=\u00bb1.4em\u00bb header_6_font=\u00bbMontserrat|600||on|||||\u00bb header_6_text_align=\u00bbcenter\u00bb header_6_text_color=\u00bb#000000&#8243; header_6_font_size=\u00bb30px\u00bb header_6_letter_spacing=\u00bb2px\u00bb header_6_line_height=\u00bb1.4em\u00bb text_orientation=\u00bbcenter\u00bb max_width=\u00bb700px\u00bb module_alignment=\u00bbcenter\u00bb custom_margin=\u00bb||1em||false|false\u00bb custom_padding=\u00bb15px||0px|||\u00bb header_font_size_tablet=\u00bb24px\u00bb header_font_size_phone=\u00bb22px\u00bb header_font_size_last_edited=\u00bbon|phone\u00bb header_2_font_size_tablet=\u00bb24px\u00bb header_2_font_size_phone=\u00bb22px\u00bb header_2_font_size_last_edited=\u00bbon|phone\u00bb header_3_font_size_tablet=\u00bb24px\u00bb header_3_font_size_phone=\u00bb22px\u00bb header_3_font_size_last_edited=\u00bbon|phone\u00bb header_4_font_size_tablet=\u00bb24px\u00bb header_4_font_size_phone=\u00bb22px\u00bb header_4_font_size_last_edited=\u00bbon|phone\u00bb header_5_font_size_tablet=\u00bb24px\u00bb header_5_font_size_phone=\u00bb22px\u00bb header_5_font_size_last_edited=\u00bbon|phone\u00bb header_6_font_size_tablet=\u00bb24px\u00bb header_6_font_size_phone=\u00bb22px\u00bb header_6_font_size_last_edited=\u00bbon|phone\u00bb global_module=\u00bb654&#8243; saved_tabs=\u00bball\u00bb locked=\u00bboff\u00bb global_colors_info=\u00bb{}\u00bb header_font_size__hover=\u00bb30px\u00bb header_font_size__hover_enabled=\u00bb30px\u00bb header_letter_spacing__hover=\u00bb0px\u00bb header_letter_spacing__hover_enabled=\u00bb0px\u00bb header_text_shadow_style__hover=\u00bbnone\u00bb header_text_shadow_style__hover_enabled=\u00bbnone\u00bb header_text_shadow_color__hover=\u00bbrgba(0,0,0,0.4)\u00bb header_text_shadow_color__hover_enabled=\u00bbrgba(0,0,0,0.4)\u00bb]<\/p>\n<h3><strong>DEVOLUCI\u00d3N DE FIANZAS GESTIONADAS POR LA EPEL NOSTRAIGUA (Acuerdo 30\/06\/2022)<\/strong><\/h3>\n<p>[\/et_pb_text][et_pb_divider color=\u00bbrgba(0,110,178,0.26)\u00bb divider_weight=\u00bb2px\u00bb admin_label=\u00bbgSeparadorFAQs\u00bb _builder_version=\u00bb4.4.4&#8243; max_width=\u00bb24%\u00bb module_alignment=\u00bbcenter\u00bb custom_margin=\u00bb0px||||false|false\u00bb custom_padding=\u00bb0px||||false|false\u00bb global_module=\u00bb1999&#8243; saved_tabs=\u00bball\u00bb global_colors_info=\u00bb{}\u00bb][\/et_pb_divider][\/et_pb_column][\/et_pb_row][et_pb_row use_custom_gutter=\u00bbon\u00bb _builder_version=\u00bb4.27.4&#8243; custom_margin=\u00bb||||false|false\u00bb custom_padding=\u00bb35px|||||\u00bb global_colors_info=\u00bb{}\u00bb][et_pb_column type=\u00bb4_4&#8243; _builder_version=\u00bb4.16&#8243; global_colors_info=\u00bb{}\u00bb][et_pb_tabs _builder_version=\u00bb4.27.4&#8243; _module_preset=\u00bbdefault\u00bb global_colors_info=\u00bb{}\u00bb][et_pb_tab title=\u00bbFASE 1&#8243; _builder_version=\u00bb4.27.4&#8243; _module_preset=\u00bbdefault\u00bb global_colors_info=\u00bb{}\u00bb]<\/p>\n<p>Personas abonadas con contrato vigente y que cumplen las caracter\u00edsticas siguientes:<\/p>\n<ul>\n<li>Disponen del pago domiciliado<\/li>\n<li>Estan dados de alta al env\u00edo de la facturaci\u00f3n en pdf.<\/li>\n<li>La persona abonada del suministro es la misma que la persona titular de la cuenta corriente domiciliada.<\/li>\n<li>No tenga deudas pendientes con la entidad suministradora<\/li>\n<\/ul>\n<p><span>IMPORTE DEVUELTO: 266.131,10\u20ac<\/span><\/p>\n<p>[\/et_pb_tab][et_pb_tab title=\u00bbFASE 2&#8243; _builder_version=\u00bb4.27.4&#8243; _module_preset=\u00bbdefault\u00bb global_colors_info=\u00bb{}\u00bb]<\/p>\n<p>Personas abonadas con contrato vigente y que cumplen las caracter\u00edsticas siguientes:<\/p>\n<ul>\n<li>Disponen del pago domiciliado<\/li>\n<li>Estan dados de alta al env\u00edo de la facturaci\u00f3n en pdf.<\/li>\n<li>La persona abonada del suministro es diferente de la persona titular de la cuenta corriente domiciliada.<\/li>\n<li>No tenga deudas pendientes con la entidad suministradora<\/li>\n<\/ul>\n<p><span>IMPORTE DEVUELTO: 7.110,25\u20ac<\/span><\/p>\n<p>[\/et_pb_tab][et_pb_tab title=\u00bbFASE 3&#8243; _builder_version=\u00bb4.27.4&#8243; _module_preset=\u00bbdefault\u00bb global_colors_info=\u00bb{}\u00bb]<\/p>\n<p>Personas abonadas con contrato vigente y que cumplen las caracter\u00edsticas siguientes:<\/p>\n<ul>\n<li>Disponen del pago domiciliado<\/li>\n<li>La persona abonada del suministro es la misma que la persona titular de la cuenta corriente domiciliada.<\/li>\n<li>Env\u00edo de la facturaci\u00f3n por correo ordinario<\/li>\n<li>No tenga deudas pendientes con la entidad suministradora<\/li>\n<\/ul>\n<p><span>IMPORTE DEVUELTO: 129.871,60\u20ac<\/span><\/p>\n<p>[\/et_pb_tab][\/et_pb_tabs][\/et_pb_column][\/et_pb_row][\/et_pb_section]<\/p>\n","protected":false},"excerpt":{"rendered":"<p>PROCEDIMIENTO DE DEVOLUCI\u00d3N DE LAS FIANZAS DEL SERVICIO DE AGUAUna de las modificaciones m\u00e1s importantes de la nueva ordenanza del servicio de agua y alcantarillado aprobada por el Pleno del Ayuntamiento de Mont-roig del Camp, es que, a partir del 1 de julio de 2022, deben devolverse de oficio las fianzas depositadas por los usuarios [&hellip;]<\/p>\n","protected":false},"author":2,"featured_media":0,"parent":0,"menu_order":0,"comment_status":"closed","ping_status":"closed","template":"","meta":{"_et_pb_use_builder":"on","_et_pb_old_content":"","_et_gb_content_width":"","footnotes":""},"class_list":["post-7507","page","type-page","status-publish","hentry"],"yoast_head":"<!-- This site is optimized with the Yoast SEO plugin v27.1.1 - https:\/\/yoast.com\/product\/yoast-seo-wordpress\/ -->\n<title>Devoluci\u00f3n de fianzas - Nostraigua<\/title>\n<meta name=\"robots\" content=\"index, follow, max-snippet:-1, max-image-preview:large, max-video-preview:-1\" \/>\n<link rel=\"canonical\" href=\"https:\/\/nostraigua.cat\/es\/devolucion-fianzas\/\" \/>\n<meta property=\"og:locale\" content=\"es_ES\" \/>\n<meta property=\"og:type\" content=\"article\" \/>\n<meta property=\"og:title\" content=\"Devoluci\u00f3n de fianzas - Nostraigua\" \/>\n<meta property=\"og:description\" content=\"PROCEDIMIENTO DE DEVOLUCI\u00d3N DE LAS FIANZAS DEL SERVICIO DE AGUAUna de las modificaciones m\u00e1s importantes de la nueva ordenanza del servicio de agua y alcantarillado aprobada por el Pleno del Ayuntamiento de Mont-roig del Camp, es que, a partir del 1 de julio de 2022, deben devolverse de oficio las fianzas depositadas por los usuarios [&hellip;]\" \/>\n<meta property=\"og:url\" content=\"https:\/\/nostraigua.cat\/es\/devolucion-fianzas\/\" \/>\n<meta property=\"og:site_name\" content=\"Nostraigua\" \/>\n<meta property=\"article:modified_time\" content=\"2026-02-05T06:57:30+00:00\" \/>\n<meta name=\"twitter:card\" content=\"summary_large_image\" \/>\n<meta name=\"twitter:label1\" content=\"Tiempo de lectura\" \/>\n\t<meta name=\"twitter:data1\" content=\"2 minutos\" \/>\n<script type=\"application\/ld+json\" class=\"yoast-schema-graph\">{\"@context\":\"https:\/\/schema.org\",\"@graph\":[{\"@type\":\"WebPage\",\"@id\":\"https:\/\/nostraigua.cat\/es\/devolucion-fianzas\/\",\"url\":\"https:\/\/nostraigua.cat\/es\/devolucion-fianzas\/\",\"name\":\"Devoluci\u00f3n de fianzas - Nostraigua\",\"isPartOf\":{\"@id\":\"https:\/\/nostraigua.cat\/es\/#website\"},\"datePublished\":\"2022-10-24T11:37:25+00:00\",\"dateModified\":\"2026-02-05T06:57:30+00:00\",\"breadcrumb\":{\"@id\":\"https:\/\/nostraigua.cat\/es\/devolucion-fianzas\/#breadcrumb\"},\"inLanguage\":\"es\",\"potentialAction\":[{\"@type\":\"ReadAction\",\"target\":[\"https:\/\/nostraigua.cat\/es\/devolucion-fianzas\/\"]}]},{\"@type\":\"BreadcrumbList\",\"@id\":\"https:\/\/nostraigua.cat\/es\/devolucion-fianzas\/#breadcrumb\",\"itemListElement\":[{\"@type\":\"ListItem\",\"position\":1,\"name\":\"Portada\",\"item\":\"https:\/\/nostraigua.cat\/es\/\"},{\"@type\":\"ListItem\",\"position\":2,\"name\":\"Devoluci\u00f3n de fianzas\"}]},{\"@type\":\"WebSite\",\"@id\":\"https:\/\/nostraigua.cat\/es\/#website\",\"url\":\"https:\/\/nostraigua.cat\/es\/\",\"name\":\"Nostraigua\",\"description\":\"Nostraigua\",\"potentialAction\":[{\"@type\":\"SearchAction\",\"target\":{\"@type\":\"EntryPoint\",\"urlTemplate\":\"https:\/\/nostraigua.cat\/es\/?s={search_term_string}\"},\"query-input\":{\"@type\":\"PropertyValueSpecification\",\"valueRequired\":true,\"valueName\":\"search_term_string\"}}],\"inLanguage\":\"es\"}]}<\/script>\n<!-- \/ Yoast SEO plugin. -->","yoast_head_json":{"title":"Devoluci\u00f3n de fianzas - Nostraigua","robots":{"index":"index","follow":"follow","max-snippet":"max-snippet:-1","max-image-preview":"max-image-preview:large","max-video-preview":"max-video-preview:-1"},"canonical":"https:\/\/nostraigua.cat\/es\/devolucion-fianzas\/","og_locale":"es_ES","og_type":"article","og_title":"Devoluci\u00f3n de fianzas - Nostraigua","og_description":"PROCEDIMIENTO DE DEVOLUCI\u00d3N DE LAS FIANZAS DEL SERVICIO DE AGUAUna de las modificaciones m\u00e1s importantes de la nueva ordenanza del servicio de agua y alcantarillado aprobada por el Pleno del Ayuntamiento de Mont-roig del Camp, es que, a partir del 1 de julio de 2022, deben devolverse de oficio las fianzas depositadas por los usuarios [&hellip;]","og_url":"https:\/\/nostraigua.cat\/es\/devolucion-fianzas\/","og_site_name":"Nostraigua","article_modified_time":"2026-02-05T06:57:30+00:00","twitter_card":"summary_large_image","twitter_misc":{"Tiempo de lectura":"2 minutos"},"schema":{"@context":"https:\/\/schema.org","@graph":[{"@type":"WebPage","@id":"https:\/\/nostraigua.cat\/es\/devolucion-fianzas\/","url":"https:\/\/nostraigua.cat\/es\/devolucion-fianzas\/","name":"Devoluci\u00f3n de fianzas - Nostraigua","isPartOf":{"@id":"https:\/\/nostraigua.cat\/es\/#website"},"datePublished":"2022-10-24T11:37:25+00:00","dateModified":"2026-02-05T06:57:30+00:00","breadcrumb":{"@id":"https:\/\/nostraigua.cat\/es\/devolucion-fianzas\/#breadcrumb"},"inLanguage":"es","potentialAction":[{"@type":"ReadAction","target":["https:\/\/nostraigua.cat\/es\/devolucion-fianzas\/"]}]},{"@type":"BreadcrumbList","@id":"https:\/\/nostraigua.cat\/es\/devolucion-fianzas\/#breadcrumb","itemListElement":[{"@type":"ListItem","position":1,"name":"Portada","item":"https:\/\/nostraigua.cat\/es\/"},{"@type":"ListItem","position":2,"name":"Devoluci\u00f3n de fianzas"}]},{"@type":"WebSite","@id":"https:\/\/nostraigua.cat\/es\/#website","url":"https:\/\/nostraigua.cat\/es\/","name":"Nostraigua","description":"Nostraigua","potentialAction":[{"@type":"SearchAction","target":{"@type":"EntryPoint","urlTemplate":"https:\/\/nostraigua.cat\/es\/?s={search_term_string}"},"query-input":{"@type":"PropertyValueSpecification","valueRequired":true,"valueName":"search_term_string"}}],"inLanguage":"es"}]}},"publishpress_future_workflow_manual_trigger":{"enabledWorkflows":[]},"_links":{"self":[{"href":"https:\/\/nostraigua.cat\/es\/wp-json\/wp\/v2\/pages\/7507","targetHints":{"allow":["GET"]}}],"collection":[{"href":"https:\/\/nostraigua.cat\/es\/wp-json\/wp\/v2\/pages"}],"about":[{"href":"https:\/\/nostraigua.cat\/es\/wp-json\/wp\/v2\/types\/page"}],"author":[{"embeddable":true,"href":"https:\/\/nostraigua.cat\/es\/wp-json\/wp\/v2\/users\/2"}],"replies":[{"embeddable":true,"href":"https:\/\/nostraigua.cat\/es\/wp-json\/wp\/v2\/comments?post=7507"}],"version-history":[{"count":19,"href":"https:\/\/nostraigua.cat\/es\/wp-json\/wp\/v2\/pages\/7507\/revisions"}],"predecessor-version":[{"id":12106,"href":"https:\/\/nostraigua.cat\/es\/wp-json\/wp\/v2\/pages\/7507\/revisions\/12106"}],"wp:attachment":[{"href":"https:\/\/nostraigua.cat\/es\/wp-json\/wp\/v2\/media?parent=7507"}],"curies":[{"name":"wp","href":"https:\/\/api.w.org\/{rel}","templated":true}]}}