{"id":6846,"date":"2022-07-01T08:23:10","date_gmt":"2022-07-01T06:23:10","guid":{"rendered":"https:\/\/nostraigua.cat\/?page_id=6846"},"modified":"2023-03-21T14:12:23","modified_gmt":"2023-03-21T13:12:23","slug":"oficina-virtual","status":"publish","type":"page","link":"https:\/\/nostraigua.cat\/es\/oficina-virtual\/","title":{"rendered":"Oficina Virtual"},"content":{"rendered":"<p>[et_pb_section fb_built=\u00bb1&#8243; fullwidth=\u00bbon\u00bb _builder_version=\u00bb4.17.4&#8243; _module_preset=\u00bbdefault\u00bb background_color=\u00bb#7ca5c8&#8243; background_image=\u00bbhttps:\/\/nostraigua.cat\/wp-content\/uploads\/2022\/06\/BANER-WEB-CAT_nostraigua_oficina_virtual_web-CA.png\u00bb background_size=\u00bbcontain\u00bb custom_padding=\u00bb||45px||false|false\u00bb top_divider_color=\u00bb#e7f1f9&#8243; bottom_divider_style=\u00bbwaves2&#8243; bottom_divider_color=\u00bb#e7f1f9&#8243; bottom_divider_repeat=\u00bb0.5x\u00bb global_colors_info=\u00bb{}\u00bb][et_pb_fullwidth_slider show_arrows=\u00bboff\u00bb show_pagination=\u00bboff\u00bb use_bg_overlay=\u00bboff\u00bb use_text_overlay=\u00bboff\u00bb _builder_version=\u00bb4.17.4&#8243; _module_preset=\u00bbdefault\u00bb background_color=\u00bbRGBA(255,255,255,0)\u00bb min_height=\u00bb415px\u00bb min_height_tablet=\u00bb251px\u00bb min_height_phone=\u00bb127px\u00bb min_height_last_edited=\u00bbon|desktop\u00bb custom_margin=\u00bb0px||||false|false\u00bb custom_padding=\u00bb0px||||false|false\u00bb link_option_url=\u00bbhttps:\/\/nostraigua.cat\/oficina-virtual\/\u00bb global_colors_info=\u00bb{}\u00bb][et_pb_slide url_new_window=\u00bbon\u00bb admin_title=\u00bbOficina Virtual Ca\u00bb _builder_version=\u00bb4.17.4&#8243; _module_preset=\u00bbdefault\u00bb background_color=\u00bb#66b1df\u00bb background_enable_color=\u00bbon\u00bb background_image=\u00bbhttps:\/\/nostraigua.cat\/wp-content\/uploads\/2022\/06\/BANER-WEB-CAST_nostraigua_oficina_virtual_web-ES.png\u00bb background_enable_image=\u00bbon\u00bb link_option_url_new_window=\u00bbon\u00bb global_colors_info=\u00bb{}\u00bb sticky_transition=\u00bbon\u00bb][\/et_pb_slide][\/et_pb_fullwidth_slider][\/et_pb_section][et_pb_section fb_built=\u00bb1&#8243; _builder_version=\u00bb4.16&#8243; _module_preset=\u00bbdefault\u00bb use_background_color_gradient=\u00bbon\u00bb background_color_gradient_stops=\u00bb#e7f1f9 0%|#ffffff 180px\u00bb background_color_gradient_start=\u00bb#e7f1f9&#8243; background_color_gradient_end=\u00bb#ffffff\u00bb background_color_gradient_end_position=\u00bb180px\u00bb global_colors_info=\u00bb{}\u00bb][et_pb_row _builder_version=\u00bb4.16&#8243; _module_preset=\u00bbdefault\u00bb custom_padding=\u00bb0px|||||\u00bb global_colors_info=\u00bb{}\u00bb][et_pb_column type=\u00bb4_4&#8243; _builder_version=\u00bb4.16&#8243; _module_preset=\u00bbdefault\u00bb global_colors_info=\u00bb{}\u00bb][et_pb_post_title meta=\u00bboff\u00bb featured_image=\u00bboff\u00bb admin_label=\u00bbgPostTitle\u00bb _builder_version=\u00bb4.4.2&#8243; title_font=\u00bbMontserrat|600||on|||||\u00bb title_text_align=\u00bbcenter\u00bb title_text_color=\u00bb#000000&#8243; title_font_size=\u00bb30px\u00bb title_letter_spacing=\u00bb2px\u00bb title_line_height=\u00bb1.4em\u00bb custom_margin=\u00bb||0.8em||false|false\u00bb title_font_size_tablet=\u00bb24px\u00bb title_font_size_phone=\u00bb22px\u00bb title_font_size_last_edited=\u00bbon|phone\u00bb global_module=\u00bb681&#8243; global_colors_info=\u00bb{}\u00bb][\/et_pb_post_title][et_pb_divider divider_weight=\u00bb4px\u00bb admin_label=\u00bbgSeparador\u00bb _builder_version=\u00bb4.4.7&#8243; max_width=\u00bb60px\u00bb module_alignment=\u00bbcenter\u00bb height=\u00bb4px\u00bb global_module=\u00bb532&#8243; saved_tabs=\u00bball\u00bb global_colors_info=\u00bb{}\u00bb][\/et_pb_divider][\/et_pb_column][\/et_pb_row][et_pb_row column_structure=\u00bb3_5,2_5&#8243; _builder_version=\u00bb4.16&#8243; _module_preset=\u00bbdefault\u00bb global_colors_info=\u00bb{}\u00bb][et_pb_column type=\u00bb3_5&#8243; _builder_version=\u00bb4.16&#8243; _module_preset=\u00bbdefault\u00bb global_colors_info=\u00bb{}\u00bb][et_pb_text _builder_version=\u00bb4.17.4&#8243; _module_preset=\u00bb850d171e-7da3-419b-8f5b-a40b1fd28f93&#8243; text_letter_spacing=\u00bb0.6px\u00bb custom_padding=\u00bb||0px|||\u00bb global_colors_info=\u00bb{}\u00bb custom_css_main_element_last_edited=\u00bbon|phone\u00bb]<\/p>\n<p>&nbsp;<\/p>\n<p style=\"text-align: left;\">La Oficina Virtual es una nueva \u00e1rea en la que podr\u00e1s acceder a trav\u00e9s de un ordenador o cualquier dispositivo con acceso a internet y que te permitir\u00e1 consultar y descargar tus facturas, consultar tus consumos e introducir las lecturas, y as\u00ed como consultar la informaci\u00f3n de tus contratos.<\/p>\n<p>Para poder acceder a la oficina virtual, deber\u00e1s darte de alta como usuario. Para facilitar este proceso de alta, hemos realizado un v\u00eddeo tutorial donde se explica al detalle c\u00f3mo es este proceso de registro y el que podr\u00e1s encontrar a continuaci\u00f3n.<\/p>\n<p>La oficina virtual es un proyecto vivo en el que la entidad seguir\u00e1 trabajando para ofrecerte nuevas funcionalidades y tr\u00e1mites para facilitar las gestiones del ciclo integral del agua.<\/p>\n<p style=\"text-align: center;\"><img loading=\"lazy\" decoding=\"async\" class=\"wp-image-6697 alignnone size-medium\" src=\"https:\/\/nostraigua.cat\/wp-content\/uploads\/2022\/06\/nostraigua-300x87.png\" alt=\"\" width=\"300\" height=\"87\" \/><\/p>\n<p>[\/et_pb_text][\/et_pb_column][et_pb_column type=\u00bb2_5&#8243; _builder_version=\u00bb4.17.4&#8243; _module_preset=\u00bbdefault\u00bb global_colors_info=\u00bb{}\u00bb][et_pb_video src=\u00bbhttps:\/\/www.youtube.com\/watch?v=UhvSSVdx4q8&#8243; _builder_version=\u00bb4.20.0&#8243; _module_preset=\u00bbdefault\u00bb hover_enabled=\u00bb0&#8243; global_colors_info=\u00bb{}\u00bb sticky_enabled=\u00bb0&#8243;][\/et_pb_video][et_pb_cta title=\u00bbOFICINA VIRTUAL\u00bb button_url=\u00bb\/\/ov.nostraigua.cat\/login?lg=es\u00bb button_text=\u00bbReg\u00edstrate aqu\u00ed\u00bb _builder_version=\u00bb4.17.4&#8243; _module_preset=\u00bbdefault\u00bb header_font=\u00bb|700|||||||\u00bb background_color=\u00bbrgba(0,110,178,0.68)\u00bb use_background_color_gradient=\u00bbon\u00bb background_color_gradient_stops=\u00bb#8fb6d8 0%|rgba(0,110,178,0) 100%\u00bb background_color_gradient_start=\u00bb#8fb6d8&#8243; background_color_gradient_end=\u00bbrgba(0,110,178,0)\u00bb custom_margin=\u00bb||3em||false|false\u00bb box_shadow_style=\u00bbpreset2&#8243; global_colors_info=\u00bb{}\u00bb][\/et_pb_cta][\/et_pb_column][\/et_pb_row][\/et_pb_section]<\/p>\n","protected":false},"excerpt":{"rendered":"<p>&nbsp; La Oficina Virtual es una nueva \u00e1rea en la que podr\u00e1s acceder a trav\u00e9s de un ordenador o cualquier dispositivo con acceso a internet y que te permitir\u00e1 consultar y descargar tus facturas, consultar tus consumos e introducir las lecturas, y as\u00ed como consultar la informaci\u00f3n de tus contratos. Para poder acceder a la [&hellip;]<\/p>\n","protected":false},"author":4,"featured_media":0,"parent":0,"menu_order":0,"comment_status":"closed","ping_status":"closed","template":"","meta":{"_et_pb_use_builder":"on","_et_pb_old_content":"","_et_gb_content_width":"","footnotes":""},"class_list":["post-6846","page","type-page","status-publish","hentry"],"yoast_head":"<!-- This site is optimized with the Yoast SEO plugin v27.1.1 - https:\/\/yoast.com\/product\/yoast-seo-wordpress\/ -->\n<title>Oficina Virtual - Nostraigua<\/title>\n<meta name=\"robots\" content=\"index, follow, max-snippet:-1, max-image-preview:large, max-video-preview:-1\" \/>\n<link rel=\"canonical\" href=\"https:\/\/nostraigua.cat\/es\/oficina-virtual\/\" \/>\n<meta property=\"og:locale\" content=\"es_ES\" \/>\n<meta property=\"og:type\" content=\"article\" \/>\n<meta property=\"og:title\" content=\"Oficina Virtual - Nostraigua\" \/>\n<meta property=\"og:description\" content=\"&nbsp; La Oficina Virtual es una nueva \u00e1rea en la que podr\u00e1s acceder a trav\u00e9s de un ordenador o cualquier dispositivo con acceso a internet y que te permitir\u00e1 consultar y descargar tus facturas, consultar tus consumos e introducir las lecturas, y as\u00ed como consultar la informaci\u00f3n de tus contratos. Para poder acceder a la [&hellip;]\" \/>\n<meta property=\"og:url\" content=\"https:\/\/nostraigua.cat\/es\/oficina-virtual\/\" \/>\n<meta property=\"og:site_name\" content=\"Nostraigua\" \/>\n<meta property=\"article:modified_time\" content=\"2023-03-21T13:12:23+00:00\" \/>\n<meta property=\"og:image\" content=\"https:\/\/nostraigua.cat\/wp-content\/uploads\/2022\/06\/nostraigua-300x87.png\" \/>\n<meta name=\"twitter:card\" content=\"summary_large_image\" \/>\n<meta name=\"twitter:label1\" content=\"Tiempo de lectura\" \/>\n\t<meta name=\"twitter:data1\" content=\"2 minutos\" \/>\n<script type=\"application\/ld+json\" class=\"yoast-schema-graph\">{\"@context\":\"https:\/\/schema.org\",\"@graph\":[{\"@type\":\"WebPage\",\"@id\":\"https:\/\/nostraigua.cat\/es\/oficina-virtual\/\",\"url\":\"https:\/\/nostraigua.cat\/es\/oficina-virtual\/\",\"name\":\"Oficina Virtual - Nostraigua\",\"isPartOf\":{\"@id\":\"https:\/\/nostraigua.cat\/es\/#website\"},\"primaryImageOfPage\":{\"@id\":\"https:\/\/nostraigua.cat\/es\/oficina-virtual\/#primaryimage\"},\"image\":{\"@id\":\"https:\/\/nostraigua.cat\/es\/oficina-virtual\/#primaryimage\"},\"thumbnailUrl\":\"https:\/\/nostraigua.cat\/wp-content\/uploads\/2022\/06\/nostraigua-300x87.png\",\"datePublished\":\"2022-07-01T06:23:10+00:00\",\"dateModified\":\"2023-03-21T13:12:23+00:00\",\"breadcrumb\":{\"@id\":\"https:\/\/nostraigua.cat\/es\/oficina-virtual\/#breadcrumb\"},\"inLanguage\":\"es\",\"potentialAction\":[{\"@type\":\"ReadAction\",\"target\":[\"https:\/\/nostraigua.cat\/es\/oficina-virtual\/\"]}]},{\"@type\":\"ImageObject\",\"inLanguage\":\"es\",\"@id\":\"https:\/\/nostraigua.cat\/es\/oficina-virtual\/#primaryimage\",\"url\":\"https:\/\/nostraigua.cat\/wp-content\/uploads\/2022\/06\/nostraigua-300x87.png\",\"contentUrl\":\"https:\/\/nostraigua.cat\/wp-content\/uploads\/2022\/06\/nostraigua-300x87.png\"},{\"@type\":\"BreadcrumbList\",\"@id\":\"https:\/\/nostraigua.cat\/es\/oficina-virtual\/#breadcrumb\",\"itemListElement\":[{\"@type\":\"ListItem\",\"position\":1,\"name\":\"Portada\",\"item\":\"https:\/\/nostraigua.cat\/es\/\"},{\"@type\":\"ListItem\",\"position\":2,\"name\":\"Oficina Virtual\"}]},{\"@type\":\"WebSite\",\"@id\":\"https:\/\/nostraigua.cat\/es\/#website\",\"url\":\"https:\/\/nostraigua.cat\/es\/\",\"name\":\"Nostraigua\",\"description\":\"Nostraigua\",\"potentialAction\":[{\"@type\":\"SearchAction\",\"target\":{\"@type\":\"EntryPoint\",\"urlTemplate\":\"https:\/\/nostraigua.cat\/es\/?s={search_term_string}\"},\"query-input\":{\"@type\":\"PropertyValueSpecification\",\"valueRequired\":true,\"valueName\":\"search_term_string\"}}],\"inLanguage\":\"es\"}]}<\/script>\n<!-- \/ Yoast SEO plugin. -->","yoast_head_json":{"title":"Oficina Virtual - Nostraigua","robots":{"index":"index","follow":"follow","max-snippet":"max-snippet:-1","max-image-preview":"max-image-preview:large","max-video-preview":"max-video-preview:-1"},"canonical":"https:\/\/nostraigua.cat\/es\/oficina-virtual\/","og_locale":"es_ES","og_type":"article","og_title":"Oficina Virtual - Nostraigua","og_description":"&nbsp; La Oficina Virtual es una nueva \u00e1rea en la que podr\u00e1s acceder a trav\u00e9s de un ordenador o cualquier dispositivo con acceso a internet y que te permitir\u00e1 consultar y descargar tus facturas, consultar tus consumos e introducir las lecturas, y as\u00ed como consultar la informaci\u00f3n de tus contratos. Para poder acceder a la [&hellip;]","og_url":"https:\/\/nostraigua.cat\/es\/oficina-virtual\/","og_site_name":"Nostraigua","article_modified_time":"2023-03-21T13:12:23+00:00","og_image":[{"url":"https:\/\/nostraigua.cat\/wp-content\/uploads\/2022\/06\/nostraigua-300x87.png","type":"","width":"","height":""}],"twitter_card":"summary_large_image","twitter_misc":{"Tiempo de lectura":"2 minutos"},"schema":{"@context":"https:\/\/schema.org","@graph":[{"@type":"WebPage","@id":"https:\/\/nostraigua.cat\/es\/oficina-virtual\/","url":"https:\/\/nostraigua.cat\/es\/oficina-virtual\/","name":"Oficina Virtual - Nostraigua","isPartOf":{"@id":"https:\/\/nostraigua.cat\/es\/#website"},"primaryImageOfPage":{"@id":"https:\/\/nostraigua.cat\/es\/oficina-virtual\/#primaryimage"},"image":{"@id":"https:\/\/nostraigua.cat\/es\/oficina-virtual\/#primaryimage"},"thumbnailUrl":"https:\/\/nostraigua.cat\/wp-content\/uploads\/2022\/06\/nostraigua-300x87.png","datePublished":"2022-07-01T06:23:10+00:00","dateModified":"2023-03-21T13:12:23+00:00","breadcrumb":{"@id":"https:\/\/nostraigua.cat\/es\/oficina-virtual\/#breadcrumb"},"inLanguage":"es","potentialAction":[{"@type":"ReadAction","target":["https:\/\/nostraigua.cat\/es\/oficina-virtual\/"]}]},{"@type":"ImageObject","inLanguage":"es","@id":"https:\/\/nostraigua.cat\/es\/oficina-virtual\/#primaryimage","url":"https:\/\/nostraigua.cat\/wp-content\/uploads\/2022\/06\/nostraigua-300x87.png","contentUrl":"https:\/\/nostraigua.cat\/wp-content\/uploads\/2022\/06\/nostraigua-300x87.png"},{"@type":"BreadcrumbList","@id":"https:\/\/nostraigua.cat\/es\/oficina-virtual\/#breadcrumb","itemListElement":[{"@type":"ListItem","position":1,"name":"Portada","item":"https:\/\/nostraigua.cat\/es\/"},{"@type":"ListItem","position":2,"name":"Oficina Virtual"}]},{"@type":"WebSite","@id":"https:\/\/nostraigua.cat\/es\/#website","url":"https:\/\/nostraigua.cat\/es\/","name":"Nostraigua","description":"Nostraigua","potentialAction":[{"@type":"SearchAction","target":{"@type":"EntryPoint","urlTemplate":"https:\/\/nostraigua.cat\/es\/?s={search_term_string}"},"query-input":{"@type":"PropertyValueSpecification","valueRequired":true,"valueName":"search_term_string"}}],"inLanguage":"es"}]}},"publishpress_future_workflow_manual_trigger":{"enabledWorkflows":[]},"_links":{"self":[{"href":"https:\/\/nostraigua.cat\/es\/wp-json\/wp\/v2\/pages\/6846","targetHints":{"allow":["GET"]}}],"collection":[{"href":"https:\/\/nostraigua.cat\/es\/wp-json\/wp\/v2\/pages"}],"about":[{"href":"https:\/\/nostraigua.cat\/es\/wp-json\/wp\/v2\/types\/page"}],"author":[{"embeddable":true,"href":"https:\/\/nostraigua.cat\/es\/wp-json\/wp\/v2\/users\/4"}],"replies":[{"embeddable":true,"href":"https:\/\/nostraigua.cat\/es\/wp-json\/wp\/v2\/comments?post=6846"}],"version-history":[{"count":25,"href":"https:\/\/nostraigua.cat\/es\/wp-json\/wp\/v2\/pages\/6846\/revisions"}],"predecessor-version":[{"id":8032,"href":"https:\/\/nostraigua.cat\/es\/wp-json\/wp\/v2\/pages\/6846\/revisions\/8032"}],"wp:attachment":[{"href":"https:\/\/nostraigua.cat\/es\/wp-json\/wp\/v2\/media?parent=6846"}],"curies":[{"name":"wp","href":"https:\/\/api.w.org\/{rel}","templated":true}]}}