{"id":583,"date":"2020-04-08T02:31:11","date_gmt":"2020-04-08T01:31:11","guid":{"rendered":"https:\/\/nostraigua.cat\/politica-de-cookies\/"},"modified":"2026-03-31T17:24:53","modified_gmt":"2026-03-31T15:24:53","slug":"politica-cookies","status":"publish","type":"page","link":"https:\/\/nostraigua.cat\/es\/politica-cookies\/","title":{"rendered":"Pol\u00edtica de cookies"},"content":{"rendered":"<p>[et_pb_section fb_built=\u00bb1&#8243; custom_padding_last_edited=\u00bbon|phone\u00bb disabled_on=\u00bboff|off|off\u00bb admin_label=\u00bbgHSectionWave\u00bb _builder_version=\u00bb4.4.2&#8243; background_enable_color=\u00bboff\u00bb height_tablet=\u00bb\u00bb height_phone=\u00bb0px\u00bb height_last_edited=\u00bbon|phone\u00bb custom_margin_last_edited=\u00bboff|desktop\u00bb custom_padding=\u00bb|0px||0px|false|false\u00bb custom_padding_tablet=\u00bb20px||0px||false|false\u00bb custom_padding_phone=\u00bb5px||||false|false\u00bb top_divider_style=\u00bbwaves2&#8243; top_divider_color=\u00bb#ffffff\u00bb top_divider_height=\u00bb5vw\u00bb top_divider_repeat=\u00bb0.5x\u00bb top_divider_flip=\u00bbvertical\u00bb bottom_divider_height=\u00bb30px\u00bb global_module=\u00bb524&#8243; collapsed=\u00bboff\u00bb global_colors_info=\u00bb{}\u00bb][et_pb_row disabled_on=\u00bboff|off|off\u00bb _builder_version=\u00bb4.16&#8243; max_width=\u00bb80%\u00bb custom_margin=\u00bb-6vw||||false|false\u00bb custom_margin_phone=\u00bb-12vw||||false|false\u00bb custom_margin_last_edited=\u00bboff|desktop\u00bb use_custom_width=\u00bbon\u00bb width_unit=\u00bboff\u00bb custom_width_px__hover=\u00bb1080px\u00bb custom_width_px__hover_enabled=\u00bb1080px\u00bb custom_width_percent__hover=\u00bb80%\u00bb custom_width_percent__hover_enabled=\u00bb80%\u00bb locked=\u00bboff\u00bb global_colors_info=\u00bb{}\u00bb use_custom_width__hover=\u00bboff\u00bb use_custom_width__hover_enabled=\u00bboff\u00bb width_unit__hover=\u00bbon\u00bb width_unit__hover_enabled=\u00bbon\u00bb gutter_width__hover=\u00bb3&#8243; gutter_width__hover_enabled=\u00bb3&#8243; parallax_1__hover=\u00bboff\u00bb parallax_1__hover_enabled=\u00bboff\u00bb parallax_2__hover=\u00bboff\u00bb parallax_2__hover_enabled=\u00bboff\u00bb parallax_3__hover=\u00bboff\u00bb parallax_3__hover_enabled=\u00bboff\u00bb parallax_4__hover=\u00bboff\u00bb parallax_4__hover_enabled=\u00bboff\u00bb parallax_5__hover=\u00bboff\u00bb parallax_5__hover_enabled=\u00bboff\u00bb parallax_6__hover=\u00bboff\u00bb parallax_6__hover_enabled=\u00bboff\u00bb parallax_method_1__hover=\u00bbon\u00bb parallax_method_1__hover_enabled=\u00bbon\u00bb parallax_method_2__hover=\u00bbon\u00bb parallax_method_2__hover_enabled=\u00bbon\u00bb parallax_method_3__hover=\u00bbon\u00bb parallax_method_3__hover_enabled=\u00bbon\u00bb parallax_method_4__hover=\u00bbon\u00bb parallax_method_4__hover_enabled=\u00bbon\u00bb parallax_method_5__hover=\u00bbon\u00bb parallax_method_5__hover_enabled=\u00bbon\u00bb parallax_method_6__hover=\u00bbon\u00bb parallax_method_6__hover_enabled=\u00bbon\u00bb use_background_color_gradient__hover=\u00bboff\u00bb use_background_color_gradient__hover_enabled=\u00bboff\u00bb background_color_gradient_start__hover=\u00bb#2b87da\u00bb background_color_gradient_start__hover_enabled=\u00bb#2b87da\u00bb background_color_gradient_end__hover=\u00bb#29c4a9&#8243; background_color_gradient_end__hover_enabled=\u00bb#29c4a9&#8243; background_color_gradient_type__hover=\u00bblinear\u00bb background_color_gradient_type__hover_enabled=\u00bblinear\u00bb background_color_gradient_direction__hover=\u00bb180deg\u00bb background_color_gradient_direction__hover_enabled=\u00bb180deg\u00bb background_color_gradient_direction_radial__hover=\u00bbcenter\u00bb background_color_gradient_direction_radial__hover_enabled=\u00bbcenter\u00bb background_color_gradient_start_position__hover=\u00bb0%\u00bb background_color_gradient_start_position__hover_enabled=\u00bb0%\u00bb background_color_gradient_end_position__hover=\u00bb100%\u00bb background_color_gradient_end_position__hover_enabled=\u00bb100%\u00bb background_color_gradient_overlays_image__hover=\u00bboff\u00bb background_color_gradient_overlays_image__hover_enabled=\u00bboff\u00bb parallax__hover=\u00bboff\u00bb parallax__hover_enabled=\u00bboff\u00bb parallax_method__hover=\u00bbon\u00bb parallax_method__hover_enabled=\u00bbon\u00bb background_size__hover=\u00bbcover\u00bb background_size__hover_enabled=\u00bbcover\u00bb background_position__hover=\u00bbcenter\u00bb background_position__hover_enabled=\u00bbcenter\u00bb background_repeat__hover=\u00bbno-repeat\u00bb background_repeat__hover_enabled=\u00bbno-repeat\u00bb background_blend__hover=\u00bbnormal\u00bb background_blend__hover_enabled=\u00bbnormal\u00bb allow_player_pause__hover=\u00bboff\u00bb allow_player_pause__hover_enabled=\u00bboff\u00bb background_video_pause_outside_viewport__hover=\u00bbon\u00bb background_video_pause_outside_viewport__hover_enabled=\u00bbon\u00bb make_fullwidth__hover=\u00bboff\u00bb make_fullwidth__hover_enabled=\u00bboff\u00bb use_custom_gutter__hover=\u00bboff\u00bb use_custom_gutter__hover_enabled=\u00bboff\u00bb make_equal__hover=\u00bboff\u00bb make_equal__hover_enabled=\u00bboff\u00bb border_radii__hover=\u00bbon||||\u00bb border_radii__hover_enabled=\u00bbon||||\u00bb box_shadow_style__hover=\u00bbnone\u00bb box_shadow_style__hover_enabled=\u00bbnone\u00bb box_shadow_color__hover=\u00bbrgba(0,0,0,0.3)\u00bb box_shadow_color__hover_enabled=\u00bbrgba(0,0,0,0.3)\u00bb filter_hue_rotate__hover=\u00bb0deg\u00bb filter_hue_rotate__hover_enabled=\u00bb0deg\u00bb filter_saturate__hover=\u00bb100%\u00bb filter_saturate__hover_enabled=\u00bb100%\u00bb filter_brightness__hover=\u00bb100%\u00bb filter_brightness__hover_enabled=\u00bb100%\u00bb filter_contrast__hover=\u00bb100%\u00bb filter_contrast__hover_enabled=\u00bb100%\u00bb filter_invert__hover=\u00bb0%\u00bb filter_invert__hover_enabled=\u00bb0%\u00bb filter_sepia__hover=\u00bb0%\u00bb filter_sepia__hover_enabled=\u00bb0%\u00bb filter_opacity__hover=\u00bb100%\u00bb filter_opacity__hover_enabled=\u00bb100%\u00bb filter_blur__hover=\u00bb0px\u00bb filter_blur__hover_enabled=\u00bb0px\u00bb mix_blend_mode__hover=\u00bbnormal\u00bb mix_blend_mode__hover_enabled=\u00bbnormal\u00bb animation_style__hover=\u00bbnone\u00bb animation_style__hover_enabled=\u00bbnone\u00bb animation_repeat__hover=\u00bbonce\u00bb animation_repeat__hover_enabled=\u00bbonce\u00bb animation_direction__hover=\u00bbcenter\u00bb animation_direction__hover_enabled=\u00bbcenter\u00bb animation_duration__hover=\u00bb1000ms\u00bb animation_duration__hover_enabled=\u00bb1000ms\u00bb animation_delay__hover=\u00bb0ms\u00bb animation_delay__hover_enabled=\u00bb0ms\u00bb animation_intensity_slide__hover=\u00bb50%\u00bb animation_intensity_slide__hover_enabled=\u00bb50%\u00bb animation_intensity_zoom__hover=\u00bb50%\u00bb animation_intensity_zoom__hover_enabled=\u00bb50%\u00bb animation_intensity_flip__hover=\u00bb50%\u00bb animation_intensity_flip__hover_enabled=\u00bb50%\u00bb animation_intensity_fold__hover=\u00bb50%\u00bb animation_intensity_fold__hover_enabled=\u00bb50%\u00bb animation_intensity_roll__hover=\u00bb50%\u00bb animation_intensity_roll__hover_enabled=\u00bb50%\u00bb animation_starting_opacity__hover=\u00bb0%\u00bb animation_starting_opacity__hover_enabled=\u00bb0%\u00bb animation_speed_curve__hover=\u00bbease-in-out\u00bb animation_speed_curve__hover_enabled=\u00bbease-in-out\u00bb hover_transition_duration__hover=\u00bb300ms\u00bb hover_transition_duration__hover_enabled=\u00bb300ms\u00bb hover_transition_delay__hover=\u00bb0ms\u00bb hover_transition_delay__hover_enabled=\u00bb0ms\u00bb hover_transition_speed_curve__hover=\u00bbease\u00bb hover_transition_speed_curve__hover_enabled=\u00bbease\u00bb width__hover=\u00bb80%\u00bb width__hover_enabled=\u00bb80%\u00bb max_width__hover=\u00bb80%\u00bb max_width__hover_enabled=\u00bb80%\u00bb background_color_gradient_stops__hover=\u00bb#2b87da 0%|#29c4a9 100%\u00bb][et_pb_column type=\u00bb4_4&#8243; _builder_version=\u00bb4.16&#8243; custom_padding=\u00bb|||\u00bb global_colors_info=\u00bb{}\u00bb custom_padding__hover=\u00bb|||\u00bb][et_pb_text disabled_on=\u00bboff|off|off\u00bb _builder_version=\u00bb4.16&#8243; text_font=\u00bb||||||||\u00bb text_text_color=\u00bbrgba(0,0,0,0)\u00bb text_font_size=\u00bb15px\u00bb text_line_height=\u00bb2em\u00bb header_font=\u00bb||||||||\u00bb header_2_font=\u00bbMontserrat|600||on|||||\u00bb header_2_letter_spacing=\u00bb2px\u00bb header_2_line_height=\u00bb1.4em\u00bb header_3_font=\u00bbMontserrat|800||on|||||\u00bb header_3_text_color=\u00bbrgba(255,255,255,0.12)\u00bb header_3_font_size=\u00bb8vw\u00bb header_3_letter_spacing=\u00bb2px\u00bb z_index=\u00bb-3&#8243; text_orientation=\u00bbcenter\u00bb module_alignment=\u00bbcenter\u00bb height=\u00bb60px\u00bb custom_margin=\u00bb0px||0px||false|false\u00bb filter_blur=\u00bb2px\u00bb header_2_font_size_tablet=\u00bb\u00bb header_2_font_size_phone=\u00bb20px\u00bb header_2_font_size_last_edited=\u00bbon|phone\u00bb locked=\u00bboff\u00bb global_colors_info=\u00bb{}\u00bb header_font_size__hover=\u00bb30px\u00bb header_font_size__hover_enabled=\u00bb30px\u00bb header_letter_spacing__hover=\u00bb0px\u00bb header_letter_spacing__hover_enabled=\u00bb0px\u00bb header_text_shadow_style__hover=\u00bbnone\u00bb header_text_shadow_style__hover_enabled=\u00bbnone\u00bb header_text_shadow_color__hover=\u00bbrgba(0,0,0,0.4)\u00bb header_text_shadow_color__hover_enabled=\u00bbrgba(0,0,0,0.4)\u00bb header_2_font_size__hover=\u00bb26px\u00bb header_2_font_size__hover_enabled=\u00bb26px\u00bb header_2_letter_spacing__hover=\u00bb0px\u00bb header_2_letter_spacing__hover_enabled=\u00bb0px\u00bb header_2_line_height__hover=\u00bb1em\u00bb header_2_line_height__hover_enabled=\u00bb1em\u00bb header_2_text_shadow_style__hover=\u00bbnone\u00bb header_2_text_shadow_style__hover_enabled=\u00bbnone\u00bb header_2_text_shadow_color__hover=\u00bbrgba(0,0,0,0.4)\u00bb header_2_text_shadow_color__hover_enabled=\u00bbrgba(0,0,0,0.4)\u00bb]<\/p>\n<h3>Nostraigua<\/h3>\n<p>[\/et_pb_text][\/et_pb_column][\/et_pb_row][\/et_pb_section][et_pb_section fb_built=\u00bb1&#8243; _builder_version=\u00bb4.16&#8243; custom_margin=\u00bb-6vh||||false|false\u00bb custom_padding=\u00bb0px|0px|100px|0px|false|false\u00bb global_colors_info=\u00bb{}\u00bb][et_pb_row _builder_version=\u00bb4.16&#8243; global_colors_info=\u00bb{}\u00bb][et_pb_column type=\u00bb4_4&#8243; _builder_version=\u00bb4.16&#8243; custom_padding=\u00bb|||\u00bb global_colors_info=\u00bb{}\u00bb custom_padding__hover=\u00bb|||\u00bb][et_pb_post_title meta=\u00bboff\u00bb featured_image=\u00bboff\u00bb admin_label=\u00bbgPostTitle\u00bb _builder_version=\u00bb4.4.2&#8243; title_font=\u00bbMontserrat|600||on|||||\u00bb title_text_align=\u00bbcenter\u00bb title_text_color=\u00bb#000000&#8243; title_font_size=\u00bb30px\u00bb title_letter_spacing=\u00bb2px\u00bb title_line_height=\u00bb1.4em\u00bb custom_margin=\u00bb||0.8em||false|false\u00bb title_font_size_tablet=\u00bb24px\u00bb title_font_size_phone=\u00bb22px\u00bb title_font_size_last_edited=\u00bbon|phone\u00bb global_module=\u00bb681&#8243; global_colors_info=\u00bb{}\u00bb][\/et_pb_post_title][et_pb_divider divider_weight=\u00bb4px\u00bb admin_label=\u00bbgSeparador\u00bb _builder_version=\u00bb4.4.7&#8243; max_width=\u00bb60px\u00bb module_alignment=\u00bbcenter\u00bb height=\u00bb4px\u00bb global_module=\u00bb532&#8243; saved_tabs=\u00bball\u00bb global_colors_info=\u00bb{}\u00bb][\/et_pb_divider][et_pb_text _builder_version=\u00bb4.27.4&#8243; text_font=\u00bb||||||||\u00bb text_font_size=\u00bb16px\u00bb text_line_height=\u00bb2.2em\u00bb hover_enabled=\u00bb0&#8243; text_font_size_tablet=\u00bb\u00bb text_font_size_phone=\u00bb14px\u00bb text_font_size_last_edited=\u00bbon|tablet\u00bb locked=\u00bboff\u00bb global_colors_info=\u00bb{}\u00bb admin_label=\u00bbText\u00bb sticky_enabled=\u00bb0&#8243;]<\/p>\n<p>En cumplimiento del art\u00edculo 22 de la Ley de Servicios de la Sociedad de la Informaci\u00f3n y Comercio Electr\u00f3nico y la Gu\u00eda del uso de las Cookies de la AEPD, le informamos que este portal web utiliza cookies.<\/p>\n<ul>\n<li><strong>Que son las cookies<\/strong>\n<p>Las Cookies son archivos que se instalan en el sitio web del navegador o en los dispositivos (smartphones, Tablet) del usuario durante su recorrido por las p\u00e1ginas del sitio web y sirven para almacenar informaci\u00f3n sobre su visita.Se utilizan Cookies por:<\/p>\n<p>&#8211; Asegurar que las p\u00e1ginas web puedan funcionar correctamente.<br \/>&#8211; Almacenar las preferencias, como el idioma o el tama\u00f1o de la letra.<br \/>&#8211; Conocer la experiencia de navegaci\u00f3n del usuario.<br \/>&#8211; Recopilar informaci\u00f3n estad\u00edstica an\u00f3nima, como qu\u00e9 p\u00e1ginas ha visitado el usuario o cu\u00e1nto tiempo ha estado en el sitio web.<\/p>\n<p>El empleo de las cookies permite optimizar la navegaci\u00f3n, dando la informaci\u00f3n y los servicios ofrecidos a los intereses de los usuarios, para proporcionarle una mejor experiencia siempre que visite el sitio web.<\/p>\n<\/li>\n<li><strong>Cookies que utilizamos<\/strong>\n<p>Nuestra web hace uso de cookies de los siguientes tipos:<\/p>\n<table border=\"1\" cellspacing=\"0\" cellpadding=\"0\">\n<tbody>\n<tr>\n<td valign=\"top\"><strong>Tipos de cookies<\/strong><\/td>\n<td valign=\"top\"><strong>Nombre de la cookie<\/strong><\/td>\n<td valign=\"top\"><strong>Finalidad<\/strong><\/td>\n<td valign=\"top\"><strong>Conservaci\u00f3n <\/strong><\/td>\n<\/tr>\n<tr>\n<td rowspan=\"6\" valign=\"top\"><strong>Cookies t\u00e9cnicas<\/strong><\/td>\n<td valign=\"top\">rc:a<\/td>\n<td rowspan=\"3\" valign=\"top\">Cookies de terceros (Google) con el fin de leer y filtrar las solicitudes de los bots.<\/td>\n<td valign=\"top\">Conservaci\u00f3n permanente de las cookies.<\/td>\n<\/tr>\n<tr>\n<td valign=\"top\">rc::b<\/td>\n<td valign=\"top\">Conservaci\u00f3n de las cookies durante la sesi\u00f3n.<\/td>\n<\/tr>\n<tr>\n<td valign=\"top\">rc::c<\/td>\n<td valign=\"top\">Conservaci\u00f3n de las cookies durante la sesi\u00f3n.<\/td>\n<\/tr>\n<tr>\n<td valign=\"top\">CookieConsent<\/td>\n<td valign=\"top\">Cookies propias con la finalidad de gestionar<\/td>\n<td valign=\"top\">Conservaci\u00f3n de las cookies durante 1 a\u00f1o.<\/td>\n<\/tr>\n<tr>\n<td valign=\"top\">Test cookie<\/td>\n<td valign=\"top\">Cookies de terceros (doubleclick.net) que se utilizan para comprobar que el cercado del usuario soporta cookies.<\/td>\n<td valign=\"top\">Conservaci\u00f3n de las cookies durante 1 a\u00f1o.<\/td>\n<\/tr>\n<tr>\n<td valign=\"top\">_GREACAPTCHA<\/td>\n<td valign=\"top\">Cookies de terceros (Google) con la finalidad de proporcionar sus an\u00e1lisis del riesgo.<\/td>\n<td valign=\"top\">Conservaci\u00f3n permanente de las cookies.<\/td>\n<\/tr>\n<tr>\n<td rowspan=\"10\" valign=\"top\"><strong>Cookies de preferencia<\/strong><\/td>\n<td valign=\"top\">YSC<\/td>\n<td rowspan=\"10\" valign=\"top\">Cookies de terceros (YouTube) almacena las preferencias de reproductor de video del usuario mediante un video de YouTube incrustado.<\/td>\n<td valign=\"top\">Conservaci\u00f3n de las cookies durante la sesi\u00f3n.<\/td>\n<\/tr>\n<tr>\n<td valign=\"top\">Yt.innertube::nextld<\/td>\n<td valign=\"top\">Conservaci\u00f3n permanente de las cookies.<\/td>\n<\/tr>\n<tr>\n<td valign=\"top\">Yt.innertube::request<\/td>\n<td valign=\"top\">Conservaci\u00f3n permanente de las cookies.<\/td>\n<\/tr>\n<tr>\n<td valign=\"top\">Yt-remote-cast-available<\/td>\n<td valign=\"top\">Conservaci\u00f3n de las cookies durante la sesi\u00f3n.<\/td>\n<\/tr>\n<tr>\n<td valign=\"top\">Yt-remote-cast-installed<\/td>\n<td valign=\"top\">Conservaci\u00f3n de las cookies durante la sesi\u00f3n.<\/td>\n<\/tr>\n<tr>\n<td valign=\"top\">Yt-remote-connected-devices<\/td>\n<td valign=\"top\">Conservaci\u00f3n permanente de las cookies.<\/td>\n<\/tr>\n<tr>\n<td valign=\"top\">Yt-remote-device-id<\/td>\n<td valign=\"top\">Conservaci\u00f3n permanente de las cookies.<\/td>\n<\/tr>\n<tr>\n<td valign=\"top\">Yt-remote-fast-check-period<\/td>\n<td valign=\"top\">Conservaci\u00f3n permanente de las cookies.<\/td>\n<\/tr>\n<tr>\n<td valign=\"top\">Yt-remote-device-session-app<\/td>\n<td valign=\"top\">Conservaci\u00f3n de las cookies durante la sesi\u00f3n.<\/td>\n<\/tr>\n<tr>\n<td valign=\"top\">Yt-remote-session-name<\/td>\n<td valign=\"top\">Conservaci\u00f3n de las cookies durante la sesi\u00f3n.<\/td>\n<\/tr>\n<tr>\n<td rowspan=\"2\" valign=\"top\"><strong>Cookies publicitarias<\/strong><\/td>\n<td valign=\"top\">IDE<\/td>\n<td valign=\"top\">Cookies de terceros (doubleclick.net) que se utilizan con el fin de mostrar anuncios de Google en sitios web que no son de Google.<\/td>\n<td valign=\"top\">Conservaci\u00f3n durante 2 a\u00f1os.<\/td>\n<\/tr>\n<tr>\n<td valign=\"top\">VISITOR_INFO1_LIVE<\/td>\n<td valign=\"top\">Cookies de terceros (YouTube) con el fin de mostrar anuncios m\u00e1s relevantes y habilita recomendaciones personalizadas a YouTube, que est\u00e1n basadas en las visualizaciones y b\u00fasquedas que haya realizado el usuario.<\/td>\n<td valign=\"top\">Conservaci\u00f3n durante 6 meses.<\/td>\n<\/tr>\n<\/tbody>\n<\/table>\n<p>Mediante el uso de nuestras cookies no se llevan a cabo elaboraci\u00f3n de perfiles ni tratamiento que impliquen decisiones automatizadas con efectos jur\u00eddicos para el usuario o que le afecten significativamente de forma similar.<\/p>\n<\/li>\n<li><strong>Transferencia internacional de datos<\/strong>\n<p>No se realizan transferencias internacionales de datos personales.<\/p>\n<p>Aunque la informaci\u00f3n extra\u00edda de las cookies anal\u00edticas se transfiera fuera del Espacio Econ\u00f3mico Europeo (YouTube, Google, Doubleclick.net), no se ejecuta una transferencia internacional de datos personales, ya que esta informaci\u00f3n no permite identificar a sus usuarios ni se utiliza para distinguir a unos usuarios de otros ni se realiza un seguimiento individualizado de los mismos.<\/p>\n<\/li>\n<li><strong>Periodo de conservaci\u00f3n de las cookies <\/strong>\n<p>Las cookies se conservar\u00e1n un per\u00edodo m\u00ednimo de la sesi\u00f3n de navegaci\u00f3n y un m\u00e1ximo de 2 a\u00f1os, en funci\u00f3n del tipo de cookies seg\u00fan la tabla anterior. El usuario puede revocar su consentimiento mediante los mecanismos que se describen en el siguiente apartado, borrando total o parcialmente las cookies que considere.<\/p>\n<\/li>\n<li><strong>\u00bfC\u00f3mo se pueden administrar las cookies en el navegador?<\/strong>\n<p>La instalaci\u00f3n de cookies se realiza siempre y cuando el usuario autorice.<br \/>La instalaci\u00f3n de cookies se efect\u00faa \u00fanicamente cuando el usuario ACEPTA el uso de estas en el primer acceso al portal web mediante una ventana peque\u00f1a informativa, donde podr\u00e1 configurar la aceptaci\u00f3n de las cookies que no sean imprescindibles para el funcionamiento de la web.El usuario en cualquier momento puede denegar o revocar el consentimiento para la utilizaci\u00f3n de cookies mediante el <a href=\"javascript:Cookiebot.show();\">Cuadro de Configuraci\u00f3n<\/a> o las opciones de su navegador.<br \/>Las instrucciones para la gesti\u00f3n de cookies de los navegadores m\u00e1s habituales se pueden encontrar en los siguientes enlaces:<\/p>\n<ul>\n<li><a href=\"https:\/\/support.google.com\/chrome\/answer\/95647?hl=ca\">Google Chrome<\/a>.<\/li>\n<li><a href=\"http:\/\/support.mozilla.org\/ca\/kb\/enable-and-disable-cookies-website-preferences\">Mozilla Firefox<\/a>.<\/li>\n<li><a href=\"http:\/\/windows.microsoft.com\/es-es\/internet-explorer\/delete-manage-cookies\">Internet Explorer<\/a>.<\/li>\n<li><a href=\"https:\/\/support.apple.com\/es-es\/guide\/safari\/sfri11471\/mac\" target=\"_blank\" rel=\"noopener\">Safari<\/a><u> <\/u><\/li>\n<li><a href=\"https:\/\/www.allaboutcookies.org\/es\/administrar-las-cookies\/opera.html\" target=\"_blank\" rel=\"noopener\">Opera<\/a><\/li>\n<\/ul>\n<p>En caso de que utilice otros navegadores o plataformas, por favor, consulte la documentaci\u00f3n espec\u00edfica suministrada por la empresa desarrolladora del navegador.<br \/>Si bloquea el uso de cookies en su navegador es posible que algunos servicios o funcionalidades de la p\u00e1gina web no est\u00e9n disponibles.<\/p>\n<\/li>\n<\/ul>\n<p>[\/et_pb_text][\/et_pb_column][\/et_pb_row][\/et_pb_section]<\/p>\n","protected":false},"excerpt":{"rendered":"<p>NostraiguaEn cumplimiento del art\u00edculo 22 de la Ley de Servicios de la Sociedad de la Informaci\u00f3n y Comercio Electr\u00f3nico y la Gu\u00eda del uso de las Cookies de la AEPD, le informamos que este portal web utiliza cookies. Que son las cookies Las Cookies son archivos que se instalan en el sitio web del navegador [&hellip;]<\/p>\n","protected":false},"author":2,"featured_media":0,"parent":0,"menu_order":0,"comment_status":"closed","ping_status":"closed","template":"","meta":{"_et_pb_use_builder":"on","_et_pb_old_content":"","_et_gb_content_width":"","footnotes":""},"class_list":["post-583","page","type-page","status-publish","hentry"],"yoast_head":"<!-- This site is optimized with the Yoast SEO plugin v27.1.1 - https:\/\/yoast.com\/product\/yoast-seo-wordpress\/ -->\n<title>Pol\u00edtica de cookies - Nostraigua<\/title>\n<meta name=\"robots\" content=\"index, follow, max-snippet:-1, max-image-preview:large, max-video-preview:-1\" \/>\n<link rel=\"canonical\" href=\"https:\/\/nostraigua.cat\/es\/politica-cookies\/\" \/>\n<meta property=\"og:locale\" content=\"es_ES\" \/>\n<meta property=\"og:type\" content=\"article\" \/>\n<meta property=\"og:title\" content=\"Pol\u00edtica de cookies - Nostraigua\" \/>\n<meta property=\"og:description\" content=\"NostraiguaEn cumplimiento del art\u00edculo 22 de la Ley de Servicios de la Sociedad de la Informaci\u00f3n y Comercio Electr\u00f3nico y la Gu\u00eda del uso de las Cookies de la AEPD, le informamos que este portal web utiliza cookies. Que son las cookies Las Cookies son archivos que se instalan en el sitio web del navegador [&hellip;]\" \/>\n<meta property=\"og:url\" content=\"https:\/\/nostraigua.cat\/es\/politica-cookies\/\" \/>\n<meta property=\"og:site_name\" content=\"Nostraigua\" \/>\n<meta property=\"article:modified_time\" content=\"2026-03-31T15:24:53+00:00\" \/>\n<meta name=\"twitter:card\" content=\"summary_large_image\" \/>\n<meta name=\"twitter:label1\" content=\"Tiempo de lectura\" \/>\n\t<meta name=\"twitter:data1\" content=\"5 minutos\" \/>\n<script type=\"application\/ld+json\" class=\"yoast-schema-graph\">{\"@context\":\"https:\/\/schema.org\",\"@graph\":[{\"@type\":\"WebPage\",\"@id\":\"https:\/\/nostraigua.cat\/es\/politica-cookies\/\",\"url\":\"https:\/\/nostraigua.cat\/es\/politica-cookies\/\",\"name\":\"Pol\u00edtica de cookies - Nostraigua\",\"isPartOf\":{\"@id\":\"https:\/\/nostraigua.cat\/es\/#website\"},\"datePublished\":\"2020-04-08T01:31:11+00:00\",\"dateModified\":\"2026-03-31T15:24:53+00:00\",\"breadcrumb\":{\"@id\":\"https:\/\/nostraigua.cat\/es\/politica-cookies\/#breadcrumb\"},\"inLanguage\":\"es\",\"potentialAction\":[{\"@type\":\"ReadAction\",\"target\":[\"https:\/\/nostraigua.cat\/es\/politica-cookies\/\"]}]},{\"@type\":\"BreadcrumbList\",\"@id\":\"https:\/\/nostraigua.cat\/es\/politica-cookies\/#breadcrumb\",\"itemListElement\":[{\"@type\":\"ListItem\",\"position\":1,\"name\":\"Portada\",\"item\":\"https:\/\/nostraigua.cat\/es\/\"},{\"@type\":\"ListItem\",\"position\":2,\"name\":\"Pol\u00edtica de cookies\"}]},{\"@type\":\"WebSite\",\"@id\":\"https:\/\/nostraigua.cat\/es\/#website\",\"url\":\"https:\/\/nostraigua.cat\/es\/\",\"name\":\"Nostraigua\",\"description\":\"Nostraigua\",\"potentialAction\":[{\"@type\":\"SearchAction\",\"target\":{\"@type\":\"EntryPoint\",\"urlTemplate\":\"https:\/\/nostraigua.cat\/es\/?s={search_term_string}\"},\"query-input\":{\"@type\":\"PropertyValueSpecification\",\"valueRequired\":true,\"valueName\":\"search_term_string\"}}],\"inLanguage\":\"es\"}]}<\/script>\n<!-- \/ Yoast SEO plugin. -->","yoast_head_json":{"title":"Pol\u00edtica de cookies - Nostraigua","robots":{"index":"index","follow":"follow","max-snippet":"max-snippet:-1","max-image-preview":"max-image-preview:large","max-video-preview":"max-video-preview:-1"},"canonical":"https:\/\/nostraigua.cat\/es\/politica-cookies\/","og_locale":"es_ES","og_type":"article","og_title":"Pol\u00edtica de cookies - Nostraigua","og_description":"NostraiguaEn cumplimiento del art\u00edculo 22 de la Ley de Servicios de la Sociedad de la Informaci\u00f3n y Comercio Electr\u00f3nico y la Gu\u00eda del uso de las Cookies de la AEPD, le informamos que este portal web utiliza cookies. Que son las cookies Las Cookies son archivos que se instalan en el sitio web del navegador [&hellip;]","og_url":"https:\/\/nostraigua.cat\/es\/politica-cookies\/","og_site_name":"Nostraigua","article_modified_time":"2026-03-31T15:24:53+00:00","twitter_card":"summary_large_image","twitter_misc":{"Tiempo de lectura":"5 minutos"},"schema":{"@context":"https:\/\/schema.org","@graph":[{"@type":"WebPage","@id":"https:\/\/nostraigua.cat\/es\/politica-cookies\/","url":"https:\/\/nostraigua.cat\/es\/politica-cookies\/","name":"Pol\u00edtica de cookies - Nostraigua","isPartOf":{"@id":"https:\/\/nostraigua.cat\/es\/#website"},"datePublished":"2020-04-08T01:31:11+00:00","dateModified":"2026-03-31T15:24:53+00:00","breadcrumb":{"@id":"https:\/\/nostraigua.cat\/es\/politica-cookies\/#breadcrumb"},"inLanguage":"es","potentialAction":[{"@type":"ReadAction","target":["https:\/\/nostraigua.cat\/es\/politica-cookies\/"]}]},{"@type":"BreadcrumbList","@id":"https:\/\/nostraigua.cat\/es\/politica-cookies\/#breadcrumb","itemListElement":[{"@type":"ListItem","position":1,"name":"Portada","item":"https:\/\/nostraigua.cat\/es\/"},{"@type":"ListItem","position":2,"name":"Pol\u00edtica de cookies"}]},{"@type":"WebSite","@id":"https:\/\/nostraigua.cat\/es\/#website","url":"https:\/\/nostraigua.cat\/es\/","name":"Nostraigua","description":"Nostraigua","potentialAction":[{"@type":"SearchAction","target":{"@type":"EntryPoint","urlTemplate":"https:\/\/nostraigua.cat\/es\/?s={search_term_string}"},"query-input":{"@type":"PropertyValueSpecification","valueRequired":true,"valueName":"search_term_string"}}],"inLanguage":"es"}]}},"publishpress_future_workflow_manual_trigger":{"enabledWorkflows":[]},"_links":{"self":[{"href":"https:\/\/nostraigua.cat\/es\/wp-json\/wp\/v2\/pages\/583","targetHints":{"allow":["GET"]}}],"collection":[{"href":"https:\/\/nostraigua.cat\/es\/wp-json\/wp\/v2\/pages"}],"about":[{"href":"https:\/\/nostraigua.cat\/es\/wp-json\/wp\/v2\/types\/page"}],"author":[{"embeddable":true,"href":"https:\/\/nostraigua.cat\/es\/wp-json\/wp\/v2\/users\/2"}],"replies":[{"embeddable":true,"href":"https:\/\/nostraigua.cat\/es\/wp-json\/wp\/v2\/comments?post=583"}],"version-history":[{"count":16,"href":"https:\/\/nostraigua.cat\/es\/wp-json\/wp\/v2\/pages\/583\/revisions"}],"predecessor-version":[{"id":12536,"href":"https:\/\/nostraigua.cat\/es\/wp-json\/wp\/v2\/pages\/583\/revisions\/12536"}],"wp:attachment":[{"href":"https:\/\/nostraigua.cat\/es\/wp-json\/wp\/v2\/media?parent=583"}],"curies":[{"name":"wp","href":"https:\/\/api.w.org\/{rel}","templated":true}]}}