{"id":5240,"date":"2021-09-02T13:23:22","date_gmt":"2021-09-02T11:23:22","guid":{"rendered":"https:\/\/nostraigua.cat\/?page_id=5240"},"modified":"2021-09-02T13:29:06","modified_gmt":"2021-09-02T11:29:06","slug":"cita-previa","status":"publish","type":"page","link":"https:\/\/nostraigua.cat\/es\/cita-previa\/","title":{"rendered":"Cita previa con Nostraigua"},"content":{"rendered":"<p>[et_pb_section fb_built=\u00bb1&#8243; fullwidth=\u00bbon\u00bb _builder_version=\u00bb4.5.1&#8243; _module_preset=\u00bbdefault\u00bb background_color=\u00bb#e7f1f9&#8243; top_divider_color=\u00bb#e7f1f9&#8243; bottom_divider_style=\u00bbwaves2&#8243; bottom_divider_color=\u00bb#e7f1f9&#8243; bottom_divider_repeat=\u00bb0.5x\u00bb][et_pb_fullwidth_slider show_arrows=\u00bboff\u00bb show_pagination=\u00bboff\u00bb _builder_version=\u00bb4.9.10&#8243; _module_preset=\u00bbdefault\u00bb background_color=\u00bb#e7f1f9&#8243; hover_enabled=\u00bb0&#8243; sticky_enabled=\u00bb0&#8243;][et_pb_slide button_link=\u00bbhttps:\/\/nostraigua.eadministracio.cat\/citaprevia.1.1&#8243; _builder_version=\u00bb4.9.10&#8243; _module_preset=\u00bbdefault\u00bb background_image=\u00bbhttps:\/\/nostraigua.cat\/wp-content\/uploads\/2021\/09\/baner_cita_previa_2800.jpg\u00bb background_enable_image=\u00bbon\u00bb link_option_url=\u00bbhttps:\/\/nostraigua.eadministracio.cat\/citaprevia.1.1&#8243; hover_enabled=\u00bb0&#8243; sticky_transition=\u00bbon\u00bb url_new_window=\u00bbon\u00bb link_option_url_new_window=\u00bbon\u00bb sticky_enabled=\u00bb0&#8243;][\/et_pb_slide][\/et_pb_fullwidth_slider][\/et_pb_section][et_pb_section fb_built=\u00bb1&#8243; _builder_version=\u00bb4.5.1&#8243; _module_preset=\u00bbdefault\u00bb use_background_color_gradient=\u00bbon\u00bb background_color_gradient_start=\u00bb#e7f1f9&#8243; background_color_gradient_end=\u00bb#ffffff\u00bb background_color_gradient_end_position=\u00bb180px\u00bb][et_pb_row _builder_version=\u00bb4.6.6&#8243; _module_preset=\u00bbdefault\u00bb custom_padding=\u00bb0px|||||\u00bb][et_pb_column type=\u00bb4_4&#8243; _builder_version=\u00bb4.6.6&#8243; _module_preset=\u00bbdefault\u00bb][et_pb_post_title meta=\u00bboff\u00bb featured_image=\u00bboff\u00bb admin_label=\u00bbgPostTitle\u00bb _builder_version=\u00bb4.4.2&#8243; title_font=\u00bbMontserrat|600||on|||||\u00bb title_text_align=\u00bbcenter\u00bb title_text_color=\u00bb#000000&#8243; title_font_size=\u00bb30px\u00bb title_letter_spacing=\u00bb2px\u00bb title_line_height=\u00bb1.4em\u00bb custom_margin=\u00bb||0.8em||false|false\u00bb title_font_size_tablet=\u00bb24px\u00bb title_font_size_phone=\u00bb22px\u00bb title_font_size_last_edited=\u00bbon|phone\u00bb global_module=\u00bb681&#8243;][\/et_pb_post_title][et_pb_divider divider_weight=\u00bb4px\u00bb admin_label=\u00bbgSeparador\u00bb _builder_version=\u00bb4.6.6&#8243; max_width=\u00bb60px\u00bb module_alignment=\u00bbcenter\u00bb height=\u00bb4px\u00bb global_module=\u00bb532&#8243; saved_tabs=\u00bball\u00bb][\/et_pb_divider][\/et_pb_column][\/et_pb_row][et_pb_row column_structure=\u00bb1_2,1_2&#8243; _builder_version=\u00bb4.9.10&#8243; _module_preset=\u00bbdefault\u00bb][et_pb_column type=\u00bb1_2&#8243; _builder_version=\u00bb4.9.10&#8243; _module_preset=\u00bbdefault\u00bb][et_pb_text _builder_version=\u00bb4.9.10&#8243; _module_preset=\u00bb850d171e-7da3-419b-8f5b-a40b1fd28f93&#8243; custom_padding=\u00bb||0px|||\u00bb custom_css_main_element_last_edited=\u00bbon|phone\u00bb]<\/p>\n<p>A trav\u00e9s de este espacio podr\u00e1 reservar <strong>cita previa presencial en las Oficinas de Atenci\u00f3n al Usuario de Mont-roig y Miami<\/strong> para la gesti\u00f3n de los diferentes tr\u00e1mites administrativos que afectan al servicio municipal de agua y alcantarillado.<\/p>\n<p>En este espacio podr\u00e1 seleccionar de manera inmediata el horario disponible para ser atendido presencialmente, siempre con cita previa, en caso de que el tr\u00e1mite no pueda ser de forma telem\u00e1tica o cuando el ciudadano\/a no disponga de los medios necesarios para hacer la tramitaci\u00f3n telem\u00e1tica.<\/p>\n<p>Una vez solicitada, habr\u00e1 que asistir a la hora de la cita en la oficina correspondiente y seguir las medidas de prevenci\u00f3n para entrar en el equipamiento municipal: <strong>uso de mascarilla obligatorio, mantener la distancia de seguridad y limpiarse las manos con gel hidroalcoh\u00f3lico.<\/strong><\/p>\n<p>[\/et_pb_text][\/et_pb_column][et_pb_column type=\u00bb1_2&#8243; _builder_version=\u00bb4.9.10&#8243; _module_preset=\u00bbdefault\u00bb][et_pb_text _builder_version=\u00bb4.9.10&#8243; _module_preset=\u00bb850d171e-7da3-419b-8f5b-a40b1fd28f93&#8243; hover_enabled=\u00bb0&#8243; custom_css_main_element_last_edited=\u00bbon|phone\u00bb sticky_enabled=\u00bb0&#8243;]<\/p>\n<p>Habr\u00e1 que respetar el aforo y las indicaciones del personal municipal (2 personas m\u00e1ximo en las oficinas de Mont-roig y Miami), no acceder acompa\u00f1ado\/a, traer un bol\u00edgrafo de casa y si es posible enviar previamente la documentaci\u00f3n para tramitar en formato digital a <a href=\"mailto:info@nostraigua.cat\">info@nostraigua.cat<\/a>.<\/p>\n<p>Tambi\u00e9n se puede solicitar cita previa de manera telef\u00f3nica a trav\u00e9s del <strong>977837686<\/strong> y <strong>977810386<\/strong>, donde se facilitar\u00e1, cuando sea posible, los d\u00edas disponibles para ser atendido.<\/p>\n<p>[\/et_pb_text][et_pb_cta button_url=\u00bbhttps:\/\/nostraigua.eadministracio.cat\/citaprevia.1.1&#8243; button_text=\u00bbAccede al tr\u00e1mite\u00bb _builder_version=\u00bb4.9.10&#8243; _module_preset=\u00bbdefault\u00bb background_enable_color=\u00bboff\u00bb use_background_color=\u00bboff\u00bb custom_button=\u00bbon\u00bb button_text_color=\u00bb#006EB3&#8243; button_bg_color=\u00bbrgba(0,110,179,0.06)\u00bb hover_enabled=\u00bb0&#8243; url_new_window=\u00bbon\u00bb sticky_enabled=\u00bb0&#8243;][\/et_pb_cta][\/et_pb_column][\/et_pb_row][et_pb_row column_structure=\u00bb1_2,1_2&#8243; _builder_version=\u00bb4.4.4&#8243;][et_pb_column type=\u00bb1_2&#8243; _builder_version=\u00bb4.4.4&#8243;][et_pb_cta title=\u00bbOficina de Mont-roig\u00bb button_url=\u00bbtel:+34977837686&#8243; button_text=\u00bbLl\u00e1manos al 977 837 686&#8243; _builder_version=\u00bb4.4.4&#8243; header_font=\u00bb|800|||||||\u00bb body_link_font=\u00bb|700|||||||\u00bb body_link_text_color=\u00bb#ffffff\u00bb background_enable_color=\u00bboff\u00bb use_background_color_gradient=\u00bbon\u00bb background_color_gradient_start=\u00bbrgba(0,110,178,0.77)\u00bb background_color_gradient_end=\u00bb#006eb3&#8243; background_color_gradient_type=\u00bbradial\u00bb background_color_gradient_direction_radial=\u00bbtop right\u00bb background_color_gradient_end_position=\u00bb80%\u00bb custom_button=\u00bbon\u00bb button_border_radius=\u00bb100px\u00bb button_icon=\u00bb%%264%%\u00bb border_color_all=\u00bb#ffffff\u00bb box_shadow_style=\u00bbpreset3&#8243; box_shadow_spread=\u00bb-1px\u00bb box_shadow_style_button=\u00bbpreset1&#8243; box_shadow_blur_button=\u00bb7px\u00bb]<\/p>\n<div class=\"et_pb_blurb_container\">\n<div class=\"et_pb_blurb_description\">\n<p style=\"text-align: center;\"><span>C. Riudoms, 21<\/span><br \/>\n<span> 43300 <strong>Mont-roig del Camp<\/strong><\/span><br \/>\n<span><strong>GPS:<\/strong> Lat. 41,085 \/ Long. 0,962<\/span><br \/>\n<span>[ <a href=\"https:\/\/www.google.com\/maps\/dir\/\/Carrer+de+Riudoms,+21,+43300+Mont-roig+del+Camp,+Tarragona,+Spain\/@41.0853783,0.9621396,17z\/\" target=\"_blank\" rel=\"noopener noreferrer\">Abrir en Google Maps<\/a> ]<\/span><\/p>\n<\/div>\n<\/div>\n<p>[\/et_pb_cta][\/et_pb_column][et_pb_column type=\u00bb1_2&#8243; _builder_version=\u00bb4.4.4&#8243;][et_pb_cta title=\u00bbOficina de Miami Platja\u00bb button_url=\u00bbtel:+34977810386&#8243; button_text=\u00bbLl\u00e1manos al 977 810 386&#8243; _builder_version=\u00bb4.4.4&#8243; header_font=\u00bb|800|||||||\u00bb body_link_font=\u00bb|700|||||||\u00bb body_link_text_color=\u00bb#ffffff\u00bb background_enable_color=\u00bboff\u00bb use_background_color_gradient=\u00bbon\u00bb background_color_gradient_start=\u00bbrgba(0,110,178,0.77)\u00bb background_color_gradient_end=\u00bb#006eb3&#8243; background_color_gradient_type=\u00bbradial\u00bb background_color_gradient_direction_radial=\u00bbtop left\u00bb background_color_gradient_end_position=\u00bb80%\u00bb custom_button=\u00bbon\u00bb button_border_radius=\u00bb100px\u00bb button_icon=\u00bb%%264%%\u00bb border_color_all=\u00bb#ffffff\u00bb box_shadow_style=\u00bbpreset3&#8243; box_shadow_spread=\u00bb-1px\u00bb box_shadow_style_button=\u00bbpreset1&#8243; box_shadow_blur_button=\u00bb7px\u00bb]<\/p>\n<div class=\"et_pb_blurb_container\">\n<div class=\"et_pb_blurb_description\">\n<p style=\"text-align: center;\"><span>Av. Barcelona 188, C.C. L\u2019Illa, locales 19-20<\/span><br \/> <span> 43892 <strong>Miami Platja<\/strong><\/span><br \/> <span><strong>GPS:<\/strong> Lat. 41,004 \/ Long. 0,933<\/span><br \/> <span>[ <a href=\"https:\/\/www.google.com\/maps\/dir\/\/NOSTRAIGUA,+43892+Miami+Platja,+Tarragona,+Espanya\/@41.004294,0.9334503,17.32z\/\" target=\"_blank\" rel=\"noopener noreferrer\">Abrir en Google Maps<\/a> ]<\/span><span><a href=\"tel:+34977837686\" target=\"_top\" rel=\"noopener noreferrer\"><\/a><\/span><\/p>\n<\/div>\n<\/div>\n<p>[\/et_pb_cta][\/et_pb_column][\/et_pb_row][et_pb_row _builder_version=\u00bb4.9.10&#8243; _module_preset=\u00bbdefault\u00bb][et_pb_column type=\u00bb4_4&#8243; _builder_version=\u00bb4.9.10&#8243; _module_preset=\u00bbdefault\u00bb][\/et_pb_column][\/et_pb_row][\/et_pb_section]<\/p>\n","protected":false},"excerpt":{"rendered":"<p>A trav\u00e9s de este espacio podr\u00e1 reservar cita previa presencial en las Oficinas de Atenci\u00f3n al Usuario de Mont-roig y Miami para la gesti\u00f3n de los diferentes tr\u00e1mites administrativos que afectan al servicio municipal de agua y alcantarillado. En este espacio podr\u00e1 seleccionar de manera inmediata el horario disponible para ser atendido presencialmente, siempre con [&hellip;]<\/p>\n","protected":false},"author":2,"featured_media":0,"parent":0,"menu_order":0,"comment_status":"closed","ping_status":"closed","template":"","meta":{"_et_pb_use_builder":"on","_et_pb_old_content":"","_et_gb_content_width":"","footnotes":""},"class_list":["post-5240","page","type-page","status-publish","hentry"],"yoast_head":"<!-- This site is optimized with the Yoast SEO plugin v27.1.1 - https:\/\/yoast.com\/product\/yoast-seo-wordpress\/ -->\n<title>Cita previa con Nostraigua - Nostraigua<\/title>\n<meta name=\"robots\" content=\"index, follow, max-snippet:-1, max-image-preview:large, max-video-preview:-1\" \/>\n<link rel=\"canonical\" href=\"https:\/\/nostraigua.cat\/es\/cita-previa\/\" \/>\n<meta property=\"og:locale\" content=\"es_ES\" \/>\n<meta property=\"og:type\" content=\"article\" \/>\n<meta property=\"og:title\" content=\"Cita previa con Nostraigua - Nostraigua\" \/>\n<meta property=\"og:description\" content=\"A trav\u00e9s de este espacio podr\u00e1 reservar cita previa presencial en las Oficinas de Atenci\u00f3n al Usuario de Mont-roig y Miami para la gesti\u00f3n de los diferentes tr\u00e1mites administrativos que afectan al servicio municipal de agua y alcantarillado. En este espacio podr\u00e1 seleccionar de manera inmediata el horario disponible para ser atendido presencialmente, siempre con [&hellip;]\" \/>\n<meta property=\"og:url\" content=\"https:\/\/nostraigua.cat\/es\/cita-previa\/\" \/>\n<meta property=\"og:site_name\" content=\"Nostraigua\" \/>\n<meta property=\"article:modified_time\" content=\"2021-09-02T11:29:06+00:00\" \/>\n<meta name=\"twitter:card\" content=\"summary_large_image\" \/>\n<meta name=\"twitter:label1\" content=\"Tiempo de lectura\" \/>\n\t<meta name=\"twitter:data1\" content=\"5 minutos\" \/>\n<script type=\"application\/ld+json\" class=\"yoast-schema-graph\">{\"@context\":\"https:\/\/schema.org\",\"@graph\":[{\"@type\":\"WebPage\",\"@id\":\"https:\/\/nostraigua.cat\/es\/cita-previa\/\",\"url\":\"https:\/\/nostraigua.cat\/es\/cita-previa\/\",\"name\":\"Cita previa con Nostraigua - Nostraigua\",\"isPartOf\":{\"@id\":\"https:\/\/nostraigua.cat\/es\/#website\"},\"datePublished\":\"2021-09-02T11:23:22+00:00\",\"dateModified\":\"2021-09-02T11:29:06+00:00\",\"breadcrumb\":{\"@id\":\"https:\/\/nostraigua.cat\/es\/cita-previa\/#breadcrumb\"},\"inLanguage\":\"es\",\"potentialAction\":[{\"@type\":\"ReadAction\",\"target\":[\"https:\/\/nostraigua.cat\/es\/cita-previa\/\"]}]},{\"@type\":\"BreadcrumbList\",\"@id\":\"https:\/\/nostraigua.cat\/es\/cita-previa\/#breadcrumb\",\"itemListElement\":[{\"@type\":\"ListItem\",\"position\":1,\"name\":\"Portada\",\"item\":\"https:\/\/nostraigua.cat\/es\/\"},{\"@type\":\"ListItem\",\"position\":2,\"name\":\"Cita previa con Nostraigua\"}]},{\"@type\":\"WebSite\",\"@id\":\"https:\/\/nostraigua.cat\/es\/#website\",\"url\":\"https:\/\/nostraigua.cat\/es\/\",\"name\":\"Nostraigua\",\"description\":\"Nostraigua\",\"potentialAction\":[{\"@type\":\"SearchAction\",\"target\":{\"@type\":\"EntryPoint\",\"urlTemplate\":\"https:\/\/nostraigua.cat\/es\/?s={search_term_string}\"},\"query-input\":{\"@type\":\"PropertyValueSpecification\",\"valueRequired\":true,\"valueName\":\"search_term_string\"}}],\"inLanguage\":\"es\"}]}<\/script>\n<!-- \/ Yoast SEO plugin. -->","yoast_head_json":{"title":"Cita previa con Nostraigua - Nostraigua","robots":{"index":"index","follow":"follow","max-snippet":"max-snippet:-1","max-image-preview":"max-image-preview:large","max-video-preview":"max-video-preview:-1"},"canonical":"https:\/\/nostraigua.cat\/es\/cita-previa\/","og_locale":"es_ES","og_type":"article","og_title":"Cita previa con Nostraigua - Nostraigua","og_description":"A trav\u00e9s de este espacio podr\u00e1 reservar cita previa presencial en las Oficinas de Atenci\u00f3n al Usuario de Mont-roig y Miami para la gesti\u00f3n de los diferentes tr\u00e1mites administrativos que afectan al servicio municipal de agua y alcantarillado. En este espacio podr\u00e1 seleccionar de manera inmediata el horario disponible para ser atendido presencialmente, siempre con [&hellip;]","og_url":"https:\/\/nostraigua.cat\/es\/cita-previa\/","og_site_name":"Nostraigua","article_modified_time":"2021-09-02T11:29:06+00:00","twitter_card":"summary_large_image","twitter_misc":{"Tiempo de lectura":"5 minutos"},"schema":{"@context":"https:\/\/schema.org","@graph":[{"@type":"WebPage","@id":"https:\/\/nostraigua.cat\/es\/cita-previa\/","url":"https:\/\/nostraigua.cat\/es\/cita-previa\/","name":"Cita previa con Nostraigua - Nostraigua","isPartOf":{"@id":"https:\/\/nostraigua.cat\/es\/#website"},"datePublished":"2021-09-02T11:23:22+00:00","dateModified":"2021-09-02T11:29:06+00:00","breadcrumb":{"@id":"https:\/\/nostraigua.cat\/es\/cita-previa\/#breadcrumb"},"inLanguage":"es","potentialAction":[{"@type":"ReadAction","target":["https:\/\/nostraigua.cat\/es\/cita-previa\/"]}]},{"@type":"BreadcrumbList","@id":"https:\/\/nostraigua.cat\/es\/cita-previa\/#breadcrumb","itemListElement":[{"@type":"ListItem","position":1,"name":"Portada","item":"https:\/\/nostraigua.cat\/es\/"},{"@type":"ListItem","position":2,"name":"Cita previa con Nostraigua"}]},{"@type":"WebSite","@id":"https:\/\/nostraigua.cat\/es\/#website","url":"https:\/\/nostraigua.cat\/es\/","name":"Nostraigua","description":"Nostraigua","potentialAction":[{"@type":"SearchAction","target":{"@type":"EntryPoint","urlTemplate":"https:\/\/nostraigua.cat\/es\/?s={search_term_string}"},"query-input":{"@type":"PropertyValueSpecification","valueRequired":true,"valueName":"search_term_string"}}],"inLanguage":"es"}]}},"publishpress_future_workflow_manual_trigger":{"enabledWorkflows":[]},"_links":{"self":[{"href":"https:\/\/nostraigua.cat\/es\/wp-json\/wp\/v2\/pages\/5240","targetHints":{"allow":["GET"]}}],"collection":[{"href":"https:\/\/nostraigua.cat\/es\/wp-json\/wp\/v2\/pages"}],"about":[{"href":"https:\/\/nostraigua.cat\/es\/wp-json\/wp\/v2\/types\/page"}],"author":[{"embeddable":true,"href":"https:\/\/nostraigua.cat\/es\/wp-json\/wp\/v2\/users\/2"}],"replies":[{"embeddable":true,"href":"https:\/\/nostraigua.cat\/es\/wp-json\/wp\/v2\/comments?post=5240"}],"version-history":[{"count":9,"href":"https:\/\/nostraigua.cat\/es\/wp-json\/wp\/v2\/pages\/5240\/revisions"}],"predecessor-version":[{"id":5279,"href":"https:\/\/nostraigua.cat\/es\/wp-json\/wp\/v2\/pages\/5240\/revisions\/5279"}],"wp:attachment":[{"href":"https:\/\/nostraigua.cat\/es\/wp-json\/wp\/v2\/media?parent=5240"}],"curies":[{"name":"wp","href":"https:\/\/api.w.org\/{rel}","templated":true}]}}