{"id":437,"date":"2020-04-07T22:14:52","date_gmt":"2020-04-07T21:14:52","guid":{"rendered":"https:\/\/nostraigua.cat\/aviso-legal\/"},"modified":"2022-02-08T17:10:42","modified_gmt":"2022-02-08T16:10:42","slug":"aviso-legal","status":"publish","type":"page","link":"https:\/\/nostraigua.cat\/es\/aviso-legal\/","title":{"rendered":"Aviso legal"},"content":{"rendered":"<p>[et_pb_section fb_built=\u00bb1&#8243; custom_padding_last_edited=\u00bbon|phone\u00bb disabled_on=\u00bboff|off|off\u00bb admin_label=\u00bbgHSectionWave\u00bb _builder_version=\u00bb4.4.2&#8243; background_enable_color=\u00bboff\u00bb height_tablet=\u00bb\u00bb height_phone=\u00bb0px\u00bb height_last_edited=\u00bbon|phone\u00bb custom_margin_last_edited=\u00bboff|desktop\u00bb custom_padding=\u00bb|0px||0px|false|false\u00bb custom_padding_tablet=\u00bb20px||0px||false|false\u00bb custom_padding_phone=\u00bb5px||||false|false\u00bb top_divider_style=\u00bbwaves2&#8243; top_divider_color=\u00bb#ffffff\u00bb top_divider_height=\u00bb5vw\u00bb top_divider_repeat=\u00bb0.5x\u00bb top_divider_flip=\u00bbvertical\u00bb bottom_divider_height=\u00bb30px\u00bb global_module=\u00bb524&#8243; collapsed=\u00bboff\u00bb global_colors_info=\u00bb{}\u00bb][et_pb_row disabled_on=\u00bboff|off|off\u00bb _builder_version=\u00bb4.4.2&#8243; max_width=\u00bb80%\u00bb custom_margin=\u00bb-6vw||||false|false\u00bb custom_margin_phone=\u00bb-12vw||||false|false\u00bb custom_margin_last_edited=\u00bboff|desktop\u00bb use_custom_width=\u00bbon\u00bb width_unit=\u00bboff\u00bb custom_width_px__hover=\u00bb1080px\u00bb custom_width_px__hover_enabled=\u00bb1080px\u00bb custom_width_percent__hover=\u00bb80%\u00bb custom_width_percent__hover_enabled=\u00bb80%\u00bb locked=\u00bboff\u00bb global_colors_info=\u00bb{}\u00bb use_custom_width__hover=\u00bboff\u00bb use_custom_width__hover_enabled=\u00bboff\u00bb width_unit__hover=\u00bbon\u00bb width_unit__hover_enabled=\u00bbon\u00bb gutter_width__hover=\u00bb3&#8243; gutter_width__hover_enabled=\u00bb3&#8243; parallax_1__hover=\u00bboff\u00bb parallax_1__hover_enabled=\u00bboff\u00bb parallax_2__hover=\u00bboff\u00bb parallax_2__hover_enabled=\u00bboff\u00bb parallax_3__hover=\u00bboff\u00bb parallax_3__hover_enabled=\u00bboff\u00bb parallax_4__hover=\u00bboff\u00bb parallax_4__hover_enabled=\u00bboff\u00bb parallax_5__hover=\u00bboff\u00bb parallax_5__hover_enabled=\u00bboff\u00bb parallax_6__hover=\u00bboff\u00bb parallax_6__hover_enabled=\u00bboff\u00bb parallax_method_1__hover=\u00bbon\u00bb parallax_method_1__hover_enabled=\u00bbon\u00bb parallax_method_2__hover=\u00bbon\u00bb parallax_method_2__hover_enabled=\u00bbon\u00bb parallax_method_3__hover=\u00bbon\u00bb parallax_method_3__hover_enabled=\u00bbon\u00bb parallax_method_4__hover=\u00bbon\u00bb parallax_method_4__hover_enabled=\u00bbon\u00bb parallax_method_5__hover=\u00bbon\u00bb parallax_method_5__hover_enabled=\u00bbon\u00bb parallax_method_6__hover=\u00bbon\u00bb parallax_method_6__hover_enabled=\u00bbon\u00bb use_background_color_gradient__hover=\u00bboff\u00bb use_background_color_gradient__hover_enabled=\u00bboff\u00bb background_color_gradient_start__hover=\u00bb#2b87da\u00bb background_color_gradient_start__hover_enabled=\u00bb#2b87da\u00bb background_color_gradient_end__hover=\u00bb#29c4a9&#8243; background_color_gradient_end__hover_enabled=\u00bb#29c4a9&#8243; background_color_gradient_type__hover=\u00bblinear\u00bb background_color_gradient_type__hover_enabled=\u00bblinear\u00bb background_color_gradient_direction__hover=\u00bb180deg\u00bb background_color_gradient_direction__hover_enabled=\u00bb180deg\u00bb background_color_gradient_direction_radial__hover=\u00bbcenter\u00bb background_color_gradient_direction_radial__hover_enabled=\u00bbcenter\u00bb background_color_gradient_start_position__hover=\u00bb0%\u00bb background_color_gradient_start_position__hover_enabled=\u00bb0%\u00bb background_color_gradient_end_position__hover=\u00bb100%\u00bb background_color_gradient_end_position__hover_enabled=\u00bb100%\u00bb background_color_gradient_overlays_image__hover=\u00bboff\u00bb background_color_gradient_overlays_image__hover_enabled=\u00bboff\u00bb parallax__hover=\u00bboff\u00bb parallax__hover_enabled=\u00bboff\u00bb parallax_method__hover=\u00bbon\u00bb parallax_method__hover_enabled=\u00bbon\u00bb background_size__hover=\u00bbcover\u00bb background_size__hover_enabled=\u00bbcover\u00bb background_position__hover=\u00bbcenter\u00bb background_position__hover_enabled=\u00bbcenter\u00bb background_repeat__hover=\u00bbno-repeat\u00bb background_repeat__hover_enabled=\u00bbno-repeat\u00bb background_blend__hover=\u00bbnormal\u00bb background_blend__hover_enabled=\u00bbnormal\u00bb allow_player_pause__hover=\u00bboff\u00bb allow_player_pause__hover_enabled=\u00bboff\u00bb background_video_pause_outside_viewport__hover=\u00bbon\u00bb background_video_pause_outside_viewport__hover_enabled=\u00bbon\u00bb make_fullwidth__hover=\u00bboff\u00bb make_fullwidth__hover_enabled=\u00bboff\u00bb use_custom_gutter__hover=\u00bboff\u00bb use_custom_gutter__hover_enabled=\u00bboff\u00bb make_equal__hover=\u00bboff\u00bb make_equal__hover_enabled=\u00bboff\u00bb border_radii__hover=\u00bbon||||\u00bb border_radii__hover_enabled=\u00bbon||||\u00bb box_shadow_style__hover=\u00bbnone\u00bb box_shadow_style__hover_enabled=\u00bbnone\u00bb box_shadow_color__hover=\u00bbrgba(0,0,0,0.3)\u00bb box_shadow_color__hover_enabled=\u00bbrgba(0,0,0,0.3)\u00bb filter_hue_rotate__hover=\u00bb0deg\u00bb filter_hue_rotate__hover_enabled=\u00bb0deg\u00bb filter_saturate__hover=\u00bb100%\u00bb filter_saturate__hover_enabled=\u00bb100%\u00bb filter_brightness__hover=\u00bb100%\u00bb filter_brightness__hover_enabled=\u00bb100%\u00bb filter_contrast__hover=\u00bb100%\u00bb filter_contrast__hover_enabled=\u00bb100%\u00bb filter_invert__hover=\u00bb0%\u00bb filter_invert__hover_enabled=\u00bb0%\u00bb filter_sepia__hover=\u00bb0%\u00bb filter_sepia__hover_enabled=\u00bb0%\u00bb filter_opacity__hover=\u00bb100%\u00bb filter_opacity__hover_enabled=\u00bb100%\u00bb filter_blur__hover=\u00bb0px\u00bb filter_blur__hover_enabled=\u00bb0px\u00bb mix_blend_mode__hover=\u00bbnormal\u00bb mix_blend_mode__hover_enabled=\u00bbnormal\u00bb animation_style__hover=\u00bbnone\u00bb animation_style__hover_enabled=\u00bbnone\u00bb animation_repeat__hover=\u00bbonce\u00bb animation_repeat__hover_enabled=\u00bbonce\u00bb animation_direction__hover=\u00bbcenter\u00bb animation_direction__hover_enabled=\u00bbcenter\u00bb animation_duration__hover=\u00bb1000ms\u00bb animation_duration__hover_enabled=\u00bb1000ms\u00bb animation_delay__hover=\u00bb0ms\u00bb animation_delay__hover_enabled=\u00bb0ms\u00bb animation_intensity_slide__hover=\u00bb50%\u00bb animation_intensity_slide__hover_enabled=\u00bb50%\u00bb animation_intensity_zoom__hover=\u00bb50%\u00bb animation_intensity_zoom__hover_enabled=\u00bb50%\u00bb animation_intensity_flip__hover=\u00bb50%\u00bb animation_intensity_flip__hover_enabled=\u00bb50%\u00bb animation_intensity_fold__hover=\u00bb50%\u00bb animation_intensity_fold__hover_enabled=\u00bb50%\u00bb animation_intensity_roll__hover=\u00bb50%\u00bb animation_intensity_roll__hover_enabled=\u00bb50%\u00bb animation_starting_opacity__hover=\u00bb0%\u00bb animation_starting_opacity__hover_enabled=\u00bb0%\u00bb animation_speed_curve__hover=\u00bbease-in-out\u00bb animation_speed_curve__hover_enabled=\u00bbease-in-out\u00bb hover_transition_duration__hover=\u00bb300ms\u00bb hover_transition_duration__hover_enabled=\u00bb300ms\u00bb hover_transition_delay__hover=\u00bb0ms\u00bb hover_transition_delay__hover_enabled=\u00bb0ms\u00bb hover_transition_speed_curve__hover=\u00bbease\u00bb hover_transition_speed_curve__hover_enabled=\u00bbease\u00bb width__hover=\u00bb80%\u00bb width__hover_enabled=\u00bb80%\u00bb max_width__hover=\u00bb80%\u00bb max_width__hover_enabled=\u00bb80%\u00bb][et_pb_column type=\u00bb4_4&#8243; _builder_version=\u00bb3.25&#8243; custom_padding=\u00bb|||\u00bb global_colors_info=\u00bb{}\u00bb custom_padding__hover=\u00bb|||\u00bb][et_pb_text disabled_on=\u00bboff|off|off\u00bb admin_label=\u00bbTexto\u00bb _builder_version=\u00bb4.4.2&#8243; text_font=\u00bb||||||||\u00bb text_text_color=\u00bbrgba(0,0,0,0)\u00bb text_font_size=\u00bb15px\u00bb text_line_height=\u00bb2em\u00bb header_font=\u00bb||||||||\u00bb header_2_font=\u00bbMontserrat|600||on|||||\u00bb header_2_letter_spacing=\u00bb2px\u00bb header_2_line_height=\u00bb1.4em\u00bb header_3_font=\u00bbMontserrat|800||on|||||\u00bb header_3_text_color=\u00bbrgba(255,255,255,0.12)\u00bb header_3_font_size=\u00bb8vw\u00bb header_3_letter_spacing=\u00bb2px\u00bb z_index=\u00bb-3&#8243; text_orientation=\u00bbcenter\u00bb module_alignment=\u00bbcenter\u00bb height=\u00bb60px\u00bb custom_margin=\u00bb0px||0px||false|false\u00bb filter_blur=\u00bb2px\u00bb header_2_font_size_tablet=\u00bb\u00bb header_2_font_size_phone=\u00bb20px\u00bb header_2_font_size_last_edited=\u00bbon|phone\u00bb locked=\u00bboff\u00bb global_colors_info=\u00bb{}\u00bb header_font_size__hover=\u00bb30px\u00bb header_font_size__hover_enabled=\u00bb30px\u00bb header_letter_spacing__hover=\u00bb0px\u00bb header_letter_spacing__hover_enabled=\u00bb0px\u00bb header_text_shadow_style__hover=\u00bbnone\u00bb header_text_shadow_style__hover_enabled=\u00bbnone\u00bb header_text_shadow_color__hover=\u00bbrgba(0,0,0,0.4)\u00bb header_text_shadow_color__hover_enabled=\u00bbrgba(0,0,0,0.4)\u00bb header_2_font_size__hover=\u00bb26px\u00bb header_2_font_size__hover_enabled=\u00bb26px\u00bb header_2_letter_spacing__hover=\u00bb0px\u00bb header_2_letter_spacing__hover_enabled=\u00bb0px\u00bb header_2_line_height__hover=\u00bb1em\u00bb header_2_line_height__hover_enabled=\u00bb1em\u00bb header_2_text_shadow_style__hover=\u00bbnone\u00bb header_2_text_shadow_style__hover_enabled=\u00bbnone\u00bb header_2_text_shadow_color__hover=\u00bbrgba(0,0,0,0.4)\u00bb header_2_text_shadow_color__hover_enabled=\u00bbrgba(0,0,0,0.4)\u00bb]<\/p>\n<h3>Nostraigua<\/h3>\n<p>[\/et_pb_text][\/et_pb_column][\/et_pb_row][\/et_pb_section][et_pb_section fb_built=\u00bb1&#8243; _builder_version=\u00bb4.4.2&#8243; custom_margin=\u00bb-6vh||||false|false\u00bb custom_padding=\u00bb0px|0px|100px|0px|false|false\u00bb global_colors_info=\u00bb{}\u00bb][et_pb_row _builder_version=\u00bb3.25&#8243; global_colors_info=\u00bb{}\u00bb][et_pb_column type=\u00bb4_4&#8243; _builder_version=\u00bb3.25&#8243; custom_padding=\u00bb|||\u00bb global_colors_info=\u00bb{}\u00bb custom_padding__hover=\u00bb|||\u00bb][et_pb_post_title meta=\u00bboff\u00bb featured_image=\u00bboff\u00bb admin_label=\u00bbgPostTitle\u00bb _builder_version=\u00bb4.4.2&#8243; title_font=\u00bbMontserrat|600||on|||||\u00bb title_text_align=\u00bbcenter\u00bb title_text_color=\u00bb#000000&#8243; title_font_size=\u00bb30px\u00bb title_letter_spacing=\u00bb2px\u00bb title_line_height=\u00bb1.4em\u00bb custom_margin=\u00bb||0.8em||false|false\u00bb title_font_size_tablet=\u00bb24px\u00bb title_font_size_phone=\u00bb22px\u00bb title_font_size_last_edited=\u00bbon|phone\u00bb global_module=\u00bb681&#8243; global_colors_info=\u00bb{}\u00bb][\/et_pb_post_title][et_pb_divider divider_weight=\u00bb4px\u00bb admin_label=\u00bbgSeparador\u00bb _builder_version=\u00bb4.6.6&#8243; max_width=\u00bb60px\u00bb module_alignment=\u00bbcenter\u00bb height=\u00bb4px\u00bb global_module=\u00bb532&#8243; saved_tabs=\u00bball\u00bb global_colors_info=\u00bb{}\u00bb][\/et_pb_divider][et_pb_text ol_position=\u00bboutside\u00bb ol_item_indent=\u00bb20px\u00bb _builder_version=\u00bb4.14.7&#8243; text_font=\u00bb||||||||\u00bb text_font_size=\u00bb16px\u00bb text_line_height=\u00bb2.2em\u00bb ol_font=\u00bb||||||||\u00bb hover_enabled=\u00bb0&#8243; text_font_size_tablet=\u00bb\u00bb text_font_size_phone=\u00bb14px\u00bb text_font_size_last_edited=\u00bbon|tablet\u00bb locked=\u00bboff\u00bb global_colors_info=\u00bb{}\u00bb sticky_enabled=\u00bb0&#8243;]<\/p>\n<ol>\n<li><strong>Titularidad del sitio Web<\/strong><br \/>\n  El propietario del presente sitio web es:<\/p>\n<blockquote><p>Entidad P\u00fablica Empresarial Local \u2013 Nostraigua<br \/>\n  CIF: Q4300259A<br \/>\n  Domicilio postal: Avda. Barcelona, 188 Locales 19-20. Miami Platja 43892 Tarragona <br \/>\n  Tel\u00e9fono: 977 837 686<br \/>\n  Correo electr\u00f3nico: <a href=\"mailto:info@nostraigua.cat\">info@nostraigua.cat<\/a><\/p><\/blockquote>\n<\/li>\n<li><strong>Aceptaci\u00f3n de las condiciones de uso<\/strong><br \/>\n  Las presentes condiciones (de ahora en adelante denominados \u00abAviso legal\u00bb) tiene por objetivo regular el uso de estos sitios web.<br \/>\n  El acceso y la navegaci\u00f3n en el sitio web, o el uso de los servicios de esta, le atribuye la condici\u00f3n de Usuario y supone la aceptaci\u00f3n expresa y plena de todas y cada una de las condiciones que incorpora en este Aviso legal.<br \/>\n  Nostraigua se reserva el derecho a modificar sin previo aviso el contenido de este aviso legal, por tanto, y para una correcta utilizaci\u00f3n del sitio web, le recomendamos que visite peri\u00f3dicamente esta secci\u00f3n.<\/li>\n<li><strong>Condiciones generales de uso de la web<\/strong><br \/>\n  El Usuario, al aceptar las presentes condiciones, se obliga expresamente a:<br \/>\n  Utilizar los contenidos de manera diligente, correcta y licita y, en particular, se compromete a abstenerse a utilizar los contenidos de forma, con fines o efectos contrarios a este Aviso Legal, la ley, a la moral y a las buenas costumbres generalmente aceptados al orden p\u00fablico. En especial, los usuarios y usuarias tienen que evitar toda conducta que pueda atentar contra el principio de no discriminaci\u00f3n por razones de sexo, raza, religi\u00f3n, ideolog\u00eda o cualquier otra circunstancia personal o social.<br \/>\n  No realizar ninguna acci\u00f3n destinada perjudicar, bloquear, da\u00f1ar, inutilizar, sobrecargar, de manera temporal o definitiva, las funcionalidades, herramientas, contenidos y\/o la infraestructura de la p\u00e1gina web, de manera que impide su uso normal.<br \/>\n  No difundir, transmitir o poner a disposici\u00f3n de terceros cualquier tipo de informaci\u00f3n, elemento o material contenido en este sitio Web con finalidades il\u00edcitas y expresamente prohibidas en el presente Aviso Legal, y que resulten contrarias a derechos e intereses de Nostraigua, sus usuarios y\/o terceros, as\u00ed como la normativa de violaciones de secreto a las comunicaciones, violaci\u00f3n de secretos empresariales, protecci\u00f3n de datos personales, propiedad intelectual, propiedad industrial, derecho a la competencia o cualquier acceso y uso del sitio web sin aviso previo, y adoptar todas las medidas que considere oportunas en cada momento con tal de evitar las actividades y las conductas descritas.<br \/>\n  En consecuencia, Nostraigua se reserva el derecho a excluir las usuarias y los usuarios que incumplan las condiciones de acceso y uso del sitio web sin aviso previo, y adoptar todas las medidas que considere oportunas en cada momento por tal de evitar las actividades y las conductas descritas.<\/li>\n<li><strong>Propiedad intelectual e Industrial<\/strong><br \/>\n  Toda la informaci\u00f3n, contenidos de este portal de internet, as\u00ed como su dise\u00f1o gr\u00e1fico y los c\u00f3digos que contiene son propiedad de Nostraigua o de terceros que lo han autorizado el uso. La reproducci\u00f3n, distribuci\u00f3n, comercializaci\u00f3n, transformaci\u00f3n, comunicaci\u00f3n p\u00fablica no autorizada de estas obras constituyen una infracci\u00f3n de derechos de propiedad intelectual. \u00a0<br \/>\n  As\u00ed mismo, tampoco se podr\u00e1 realizar ninguna utilizaci\u00f3n comercial de nombres comerciales, marcas o signos distintos, dise\u00f1os industriales, patentes, contenidos al portal. Estos son propiedad industrial no se podr\u00e1 hacer ning\u00fan uso, quitando que se cuente con la autorizaci\u00f3n del titular de los correspondientes derechos o esto resulte legalmente permitido. <br \/>\n  En el caso que cualquier usuario o tercero considere que alguno de los contenidos del sitio web infringen sus derechos de propiedad intelectual o industrial, habr\u00e1 de enviar una comunicaci\u00f3n a <a href=\"mailto:info@nostraigua.cat\">info@nostraigua.cat<\/a>.<\/li>\n<li><strong>Limitaci\u00f3n de Responsabilidades<\/strong><br \/>\n  Nostraigua se reserva el derecho a interrumpir al acceso en su sitio web, as\u00ed como la presentaci\u00f3n de cualquier servicio a trav\u00e9s de este en cualquier momento y sin previo aviso, sea por motivos t\u00e9cnicos, de seguridad, de mantenimiento o por cualquier otra causa.<br \/>\n  Nostraigua no ser\u00e1 responsable en caso de que se haga de interrumpir el servicio, retardo o mal funcionamiento y otros inconvenientes que tengan su origen en causa que se escapan del control de Nostraigua y\/o sigan debido a una actuaci\u00f3n dolida o culpable del usuario y\/o tengan su origen por causa de fuerza mayor.\u00a0 <br \/>\n  La informaci\u00f3n contenida en este sitio web puede no ser la correcta, a pesar de los esfuerzos llevados a t\u00e9rmino para lograrlo en exactitud y la actualizaci\u00f3n. En consecuencia, Nostraigua no se responsabiliza de los errores contenidos, ni de los da\u00f1os o perjuicios derivados de su utilizaci\u00f3n.<br \/>\n  Este sitio web contiene enlaces a otros sitios webs de cuyo contenido, utilidad o exactitud no se puede responsabilizar a Nostraigua. La incorporaci\u00f3n de un enlace a este sitio web no puede considerarse una recomendaci\u00f3n a los usuarios para que lo utilicen; la decisi\u00f3n de utilizarlo es responsabilidad de estos \u00faltimos.<br \/>\n  Nostraigua no se hace responsable de los da\u00f1os y perjuicios derivados del uso de este sitio web o de sus contenidos, y no garantiza la ausencia de virus o la imposibilidad de causar da\u00f1os en los sistemas inform\u00e1ticos del usuario.<br \/>\n  Nostraigua no se responsabiliza del mal uso que pueda hacerse de este sitio web.<br \/>\n  La utilizaci\u00f3n no autorizada de la informaci\u00f3n contenida en este portal, as\u00ed como los perjuicios ocasionados a Nostraigua, pueden dar lugar al ejercicio de las acciones que legalmente correspondan y, en su caso, a las responsabilidades que se deriven del ejercicio citado.<\/li>\n<li><strong>Tratamiento de dades personales \u00a0<\/strong><br \/>\n  El tratamiento de los datos de los usuarios se realizar\u00e1 \u00fanica y exclusivamente para los servicios que solicita y las competencias propias de Nostraigua de acuerdo con la normativa vigente en materia de protecci\u00f3n de datos. El usuario puede consultar el detalle del tratamiento de datos que efectuamos en la <a href=\"https:\/\/nostraigua.cat\/es\/politica-privacidad\/\">Pol\u00edtica de privacidad.<\/a> <br \/>\n  Nostraigua se compromete a cumplir con el deber de secreto y confidencialidad respecto de los datos personales suministrados por el usuario y aplicar las medidas necesarias adecuadas para garantizar la confidencialidad, disponibilidad e integridad de la informaci\u00f3n y datos personales.<\/li>\n<li><strong>Uso de cookies <\/strong><br \/>\n  Nostraigua informa que este sitio web utiliza cookies (cookies) que permiten dar un mejor servicio al usuario. Las cookies no recogen informaci\u00f3n del usuario, siendo totalmente an\u00f3nimo y sin posibilidad de asociarse a un usuario concreto ni identificado.<br \/>\n  La vigencia de estas cookies se limita a la necesaria para conseguir esos objetivos. El usuario tiene la posibilidad de configurar su navegador de Internet para obtener un mejor conocimiento y control de cookies. El usuario puede obtener m\u00e1s informaci\u00f3n sobre el uso de cookies en <a href=\"https:\/\/nostraigua.cat\/es\/politica-cookies\/\">Pol\u00edtica de cookies.<\/a><\/li>\n<li><strong>Legislaci\u00f3n aplicable y Tribunales competentes<\/strong><br \/>\n  Las condiciones de este sitio web y las relaciones entre el usuario y Nostraigua se regir\u00e1n por la legislaci\u00f3n espa\u00f1ola.<br \/>\n  Para conocer de cualquier discrepancia que pueda surgir entre el usuario y Nostraigua, ambas partes se someten a los Jueces y Tribunales del partido judicial de Reus o aquellos que correspondan seg\u00fan las normas procesales aplicables en cada caso.<\/li>\n<\/ol>\n<p>[\/et_pb_text][\/et_pb_column][\/et_pb_row][\/et_pb_section]<\/p>\n","protected":false},"excerpt":{"rendered":"<p>Nostraigua Titularidad del sitio Web El propietario del presente sitio web es: Entidad P\u00fablica Empresarial Local \u2013 Nostraigua CIF: Q4300259A Domicilio postal: Avda. Barcelona, 188 Locales 19-20. Miami Platja 43892 Tarragona Tel\u00e9fono: 977 837 686 Correo electr\u00f3nico: info@nostraigua.cat Aceptaci\u00f3n de las condiciones de uso Las presentes condiciones (de ahora en adelante denominados \u00abAviso legal\u00bb) tiene [&hellip;]<\/p>\n","protected":false},"author":2,"featured_media":0,"parent":0,"menu_order":0,"comment_status":"closed","ping_status":"closed","template":"","meta":{"_et_pb_use_builder":"on","_et_pb_old_content":"","_et_gb_content_width":"","footnotes":""},"class_list":["post-437","page","type-page","status-publish","hentry"],"yoast_head":"<!-- This site is optimized with the Yoast SEO plugin v27.1.1 - https:\/\/yoast.com\/product\/yoast-seo-wordpress\/ -->\n<title>Aviso legal - Nostraigua<\/title>\n<meta name=\"robots\" content=\"index, follow, max-snippet:-1, max-image-preview:large, max-video-preview:-1\" \/>\n<link rel=\"canonical\" href=\"https:\/\/nostraigua.cat\/es\/aviso-legal\/\" \/>\n<meta property=\"og:locale\" content=\"es_ES\" \/>\n<meta property=\"og:type\" content=\"article\" \/>\n<meta property=\"og:title\" content=\"Aviso legal - Nostraigua\" \/>\n<meta property=\"og:description\" content=\"Nostraigua Titularidad del sitio Web El propietario del presente sitio web es: Entidad P\u00fablica Empresarial Local \u2013 Nostraigua CIF: Q4300259A Domicilio postal: Avda. Barcelona, 188 Locales 19-20. Miami Platja 43892 Tarragona Tel\u00e9fono: 977 837 686 Correo electr\u00f3nico: info@nostraigua.cat Aceptaci\u00f3n de las condiciones de uso Las presentes condiciones (de ahora en adelante denominados &quot;Aviso legal&quot;) tiene [&hellip;]\" \/>\n<meta property=\"og:url\" content=\"https:\/\/nostraigua.cat\/es\/aviso-legal\/\" \/>\n<meta property=\"og:site_name\" content=\"Nostraigua\" \/>\n<meta property=\"article:modified_time\" content=\"2022-02-08T16:10:42+00:00\" \/>\n<meta name=\"twitter:card\" content=\"summary_large_image\" \/>\n<meta name=\"twitter:label1\" content=\"Tiempo de lectura\" \/>\n\t<meta name=\"twitter:data1\" content=\"12 minutos\" \/>\n<script type=\"application\/ld+json\" class=\"yoast-schema-graph\">{\"@context\":\"https:\/\/schema.org\",\"@graph\":[{\"@type\":\"WebPage\",\"@id\":\"https:\/\/nostraigua.cat\/es\/aviso-legal\/\",\"url\":\"https:\/\/nostraigua.cat\/es\/aviso-legal\/\",\"name\":\"Aviso legal - Nostraigua\",\"isPartOf\":{\"@id\":\"https:\/\/nostraigua.cat\/es\/#website\"},\"datePublished\":\"2020-04-07T21:14:52+00:00\",\"dateModified\":\"2022-02-08T16:10:42+00:00\",\"breadcrumb\":{\"@id\":\"https:\/\/nostraigua.cat\/es\/aviso-legal\/#breadcrumb\"},\"inLanguage\":\"es\",\"potentialAction\":[{\"@type\":\"ReadAction\",\"target\":[\"https:\/\/nostraigua.cat\/es\/aviso-legal\/\"]}]},{\"@type\":\"BreadcrumbList\",\"@id\":\"https:\/\/nostraigua.cat\/es\/aviso-legal\/#breadcrumb\",\"itemListElement\":[{\"@type\":\"ListItem\",\"position\":1,\"name\":\"Portada\",\"item\":\"https:\/\/nostraigua.cat\/es\/\"},{\"@type\":\"ListItem\",\"position\":2,\"name\":\"Aviso legal\"}]},{\"@type\":\"WebSite\",\"@id\":\"https:\/\/nostraigua.cat\/es\/#website\",\"url\":\"https:\/\/nostraigua.cat\/es\/\",\"name\":\"Nostraigua\",\"description\":\"Nostraigua\",\"potentialAction\":[{\"@type\":\"SearchAction\",\"target\":{\"@type\":\"EntryPoint\",\"urlTemplate\":\"https:\/\/nostraigua.cat\/es\/?s={search_term_string}\"},\"query-input\":{\"@type\":\"PropertyValueSpecification\",\"valueRequired\":true,\"valueName\":\"search_term_string\"}}],\"inLanguage\":\"es\"}]}<\/script>\n<!-- \/ Yoast SEO plugin. -->","yoast_head_json":{"title":"Aviso legal - Nostraigua","robots":{"index":"index","follow":"follow","max-snippet":"max-snippet:-1","max-image-preview":"max-image-preview:large","max-video-preview":"max-video-preview:-1"},"canonical":"https:\/\/nostraigua.cat\/es\/aviso-legal\/","og_locale":"es_ES","og_type":"article","og_title":"Aviso legal - Nostraigua","og_description":"Nostraigua Titularidad del sitio Web El propietario del presente sitio web es: Entidad P\u00fablica Empresarial Local \u2013 Nostraigua CIF: Q4300259A Domicilio postal: Avda. Barcelona, 188 Locales 19-20. Miami Platja 43892 Tarragona Tel\u00e9fono: 977 837 686 Correo electr\u00f3nico: info@nostraigua.cat Aceptaci\u00f3n de las condiciones de uso Las presentes condiciones (de ahora en adelante denominados \"Aviso legal\") tiene [&hellip;]","og_url":"https:\/\/nostraigua.cat\/es\/aviso-legal\/","og_site_name":"Nostraigua","article_modified_time":"2022-02-08T16:10:42+00:00","twitter_card":"summary_large_image","twitter_misc":{"Tiempo de lectura":"12 minutos"},"schema":{"@context":"https:\/\/schema.org","@graph":[{"@type":"WebPage","@id":"https:\/\/nostraigua.cat\/es\/aviso-legal\/","url":"https:\/\/nostraigua.cat\/es\/aviso-legal\/","name":"Aviso legal - Nostraigua","isPartOf":{"@id":"https:\/\/nostraigua.cat\/es\/#website"},"datePublished":"2020-04-07T21:14:52+00:00","dateModified":"2022-02-08T16:10:42+00:00","breadcrumb":{"@id":"https:\/\/nostraigua.cat\/es\/aviso-legal\/#breadcrumb"},"inLanguage":"es","potentialAction":[{"@type":"ReadAction","target":["https:\/\/nostraigua.cat\/es\/aviso-legal\/"]}]},{"@type":"BreadcrumbList","@id":"https:\/\/nostraigua.cat\/es\/aviso-legal\/#breadcrumb","itemListElement":[{"@type":"ListItem","position":1,"name":"Portada","item":"https:\/\/nostraigua.cat\/es\/"},{"@type":"ListItem","position":2,"name":"Aviso legal"}]},{"@type":"WebSite","@id":"https:\/\/nostraigua.cat\/es\/#website","url":"https:\/\/nostraigua.cat\/es\/","name":"Nostraigua","description":"Nostraigua","potentialAction":[{"@type":"SearchAction","target":{"@type":"EntryPoint","urlTemplate":"https:\/\/nostraigua.cat\/es\/?s={search_term_string}"},"query-input":{"@type":"PropertyValueSpecification","valueRequired":true,"valueName":"search_term_string"}}],"inLanguage":"es"}]}},"publishpress_future_workflow_manual_trigger":{"enabledWorkflows":[]},"_links":{"self":[{"href":"https:\/\/nostraigua.cat\/es\/wp-json\/wp\/v2\/pages\/437","targetHints":{"allow":["GET"]}}],"collection":[{"href":"https:\/\/nostraigua.cat\/es\/wp-json\/wp\/v2\/pages"}],"about":[{"href":"https:\/\/nostraigua.cat\/es\/wp-json\/wp\/v2\/types\/page"}],"author":[{"embeddable":true,"href":"https:\/\/nostraigua.cat\/es\/wp-json\/wp\/v2\/users\/2"}],"replies":[{"embeddable":true,"href":"https:\/\/nostraigua.cat\/es\/wp-json\/wp\/v2\/comments?post=437"}],"version-history":[{"count":14,"href":"https:\/\/nostraigua.cat\/es\/wp-json\/wp\/v2\/pages\/437\/revisions"}],"predecessor-version":[{"id":5913,"href":"https:\/\/nostraigua.cat\/es\/wp-json\/wp\/v2\/pages\/437\/revisions\/5913"}],"wp:attachment":[{"href":"https:\/\/nostraigua.cat\/es\/wp-json\/wp\/v2\/media?parent=437"}],"curies":[{"name":"wp","href":"https:\/\/api.w.org\/{rel}","templated":true}]}}