{"id":4107,"date":"2020-11-17T18:38:23","date_gmt":"2020-11-17T17:38:23","guid":{"rendered":"https:\/\/nostraigua.cat\/?page_id=4107"},"modified":"2020-11-17T19:05:54","modified_gmt":"2020-11-17T18:05:54","slug":"alertas","status":"publish","type":"page","link":"https:\/\/nostraigua.cat\/es\/alertas\/","title":{"rendered":"Alertas de consumo"},"content":{"rendered":"<p>[et_pb_section fb_built=\u00bb1&#8243; fullwidth=\u00bbon\u00bb _builder_version=\u00bb4.6.6&#8243; _module_preset=\u00bbdefault\u00bb background_color=\u00bb#e7f1f9&#8243; custom_padding=\u00bb||||false|false\u00bb top_divider_color=\u00bb#e7f1f9&#8243; bottom_divider_style=\u00bbwaves2&#8243; bottom_divider_color=\u00bb#e7f1f9&#8243; bottom_divider_repeat=\u00bb0.2x\u00bb][et_pb_fullwidth_slider show_arrows=\u00bboff\u00bb show_pagination=\u00bboff\u00bb _builder_version=\u00bb4.6.6&#8243; _module_preset=\u00bbdefault\u00bb background_color=\u00bb#e7f1f9&#8243;][et_pb_slide _builder_version=\u00bb4.6.6&#8243; _module_preset=\u00bbdefault\u00bb background_image=\u00bbhttps:\/\/nostraigua.cat\/wp-content\/uploads\/2020\/11\/Banner-alertes-de-consum-1.png\u00bb background_enable_image=\u00bbon\u00bb sticky_transition=\u00bbon\u00bb][\/et_pb_slide][\/et_pb_fullwidth_slider][\/et_pb_section][et_pb_section fb_built=\u00bb1&#8243; _builder_version=\u00bb4.6.6&#8243; use_background_color_gradient=\u00bbon\u00bb background_color_gradient_start=\u00bb#e7f1f9&#8243; background_color_gradient_end=\u00bbrgba(0,0,0,0)\u00bb custom_margin=\u00bb0px||||false|false\u00bb custom_padding=\u00bb0px|0px|0px|0px|false|false\u00bb][et_pb_row _builder_version=\u00bb4.6.6&#8243; _module_preset=\u00bbdefault\u00bb custom_padding=\u00bb||||false|false\u00bb][et_pb_column type=\u00bb4_4&#8243; _builder_version=\u00bb4.6.6&#8243; _module_preset=\u00bbdefault\u00bb][et_pb_text _builder_version=\u00bb4.6.6&#8243; _dynamic_attributes=\u00bbcontent\u00bb text_font=\u00bb||||||||\u00bb text_font_size=\u00bb15px\u00bb text_line_height=\u00bb2em\u00bb header_font=\u00bb||||||||\u00bb header_2_font=\u00bbMontserrat|600||on|||||\u00bb header_2_letter_spacing=\u00bb2px\u00bb header_2_line_height=\u00bb1.4em\u00bb header_3_font=\u00bbMontserrat||||||||\u00bb header_3_line_height=\u00bb1.5em\u00bb text_orientation=\u00bbcenter\u00bb max_width=\u00bb700px\u00bb module_alignment=\u00bbcenter\u00bb custom_margin=\u00bb||1em||false|false\u00bb locked=\u00bboff\u00bb header_font_size__hover=\u00bb30px\u00bb header_font_size__hover_enabled=\u00bb30px\u00bb header_letter_spacing__hover=\u00bb0px\u00bb header_letter_spacing__hover_enabled=\u00bb0px\u00bb header_text_shadow_style__hover=\u00bbnone\u00bb header_text_shadow_style__hover_enabled=\u00bbnone\u00bb header_text_shadow_color__hover=\u00bbrgba(0,0,0,0.4)\u00bb header_text_shadow_color__hover_enabled=\u00bbrgba(0,0,0,0.4)\u00bb]<\/p>\n<h2>SERVICIO DE ALERTAS DE CONSUMO<\/h2>\n<p>[\/et_pb_text][et_pb_divider divider_weight=\u00bb4px\u00bb admin_label=\u00bbgSeparador\u00bb _builder_version=\u00bb4.6.6&#8243; max_width=\u00bb60px\u00bb module_alignment=\u00bbcenter\u00bb height=\u00bb4px\u00bb global_module=\u00bb532&#8243; saved_tabs=\u00bball\u00bb][\/et_pb_divider][\/et_pb_column][\/et_pb_row][et_pb_row column_structure=\u00bb1_2,1_2&#8243; use_custom_gutter=\u00bbon\u00bb gutter_width=\u00bb4&#8243; _builder_version=\u00bb4.6.6&#8243; custom_margin=\u00bb||||false|false\u00bb][et_pb_column type=\u00bb1_2&#8243; _builder_version=\u00bb4.4.4&#8243;][et_pb_text _builder_version=\u00bb4.6.6&#8243; _module_preset=\u00bb4ddd77bf-24c7-4f40-bf11-b8c6268923aa\u00bb]<\/p>\n<p>Este servicio de alertas de consumo ofrece la posiblidad de generar avisos de control sobre vuestro consumo de agua.<\/p>\n<blockquote class=\"dest\">\n<p>Se trata de un sistema de avisos gratuito que permite tener controlado el suministro indicado y detectar posibles escapes o incidencias en el contador.<\/p>\n<\/blockquote>\n<p>Con este servicio pretendemos a contribuir a incentivar el ahorro y el uso sostenible del agua mediante el consumo dom\u00e9stico, agr\u00edcola, industrial y comercial, responsable y respetuoso con al medio ambiente.<\/p>\n<p>En el momento de realizar la lectura del contador, si se ha sobrepasado el l\u00edmite de m\u00b3 que ha establecido en el formulario de solicitud, autom\u00e1ticamente se le enviar\u00e1 un aviso por SMS al tel\u00e9fono m\u00f3vil proporcionado como tambi\u00e9n un correo electr\u00f3nico a la direcci\u00f3n electr\u00f3nica facilitada.<\/p>\n<blockquote class=\"dest\">\n<p>Este servicio es totalmente <strong>gratuito<\/strong> y para adherirse, se tiene que solicitar a trav\u00e9s de este formulario.<\/p>\n<\/blockquote>\n<p>[\/et_pb_text][\/et_pb_column][et_pb_column type=\u00bb1_2&#8243; _builder_version=\u00bb4.4.4&#8243;][et_pb_image src=\u00bbhttps:\/\/nostraigua.cat\/wp-content\/uploads\/2020\/10\/Disseny-alertes-de-consum-retall.png\u00bb title_text=\u00bbAlertas de consumo\u00bb align=\u00bbright\u00bb _builder_version=\u00bb4.6.6&#8243; box_shadow_style=\u00bbpreset2&#8243;][\/et_pb_image][\/et_pb_column][\/et_pb_row][et_pb_row _builder_version=\u00bb4.6.6&#8243; _module_preset=\u00bbdefault\u00bb][et_pb_column type=\u00bb4_4&#8243; _builder_version=\u00bb4.6.6&#8243; _module_preset=\u00bbdefault\u00bb][et_pb_text _builder_version=\u00bb4.6.6&#8243; _module_preset=\u00bb4ddd77bf-24c7-4f40-bf11-b8c6268923aa\u00bb text_orientation=\u00bbleft\u00bb custom_margin=\u00bb-23px||||false|false\u00bb custom_padding=\u00bb0px||||false|false\u00bb custom_css_main_element=\u00bbcolumn-count: 2;||column-gap: 80px;\u00bb custom_css_main_element_last_edited=\u00bbon|tablet\u00bb custom_css_main_element_tablet=\u00bbcolumn-count: 0;\u00bb]\n<div class=\"wpcf7 no-js\" id=\"wpcf7-f623-o1\" lang=\"en-US\" dir=\"ltr\" data-wpcf7-id=\"623\">\n<div class=\"screen-reader-response\"><p role=\"status\" aria-live=\"polite\" aria-atomic=\"true\"><\/p> <ul><\/ul><\/div>\n<form action=\"\/es\/wp-json\/wp\/v2\/pages\/4107#wpcf7-f623-o1\" method=\"post\" class=\"wpcf7-form init\" aria-label=\"Contact form\" novalidate=\"novalidate\" data-status=\"init\">\n<fieldset class=\"hidden-fields-container\"><input type=\"hidden\" name=\"_wpcf7\" value=\"623\" \/><input type=\"hidden\" name=\"_wpcf7_version\" value=\"6.1.5\" \/><input type=\"hidden\" name=\"_wpcf7_locale\" value=\"en_US\" \/><input type=\"hidden\" name=\"_wpcf7_unit_tag\" value=\"wpcf7-f623-o1\" \/><input type=\"hidden\" name=\"_wpcf7_container_post\" value=\"0\" \/><input type=\"hidden\" name=\"_wpcf7_posted_data_hash\" value=\"\" \/><input type=\"hidden\" name=\"_wpcf7_recaptcha_response\" value=\"\" \/>\n<\/fieldset>\n<p><label class=\"color\">Nombre y apellido\/s (*)<br \/>\n<span class=\"wpcf7-form-control-wrap\" data-name=\"nom\"><input size=\"40\" maxlength=\"400\" class=\"wpcf7-form-control wpcf7-text wpcf7-validates-as-required\" aria-required=\"true\" aria-invalid=\"false\" value=\"\" type=\"text\" name=\"nom\" \/><\/span> <\/label>\n<\/p>\n<p><div class='one_half et_column_last'>\n\t\t\t\t\t<\/p>\n<p><label class=\"color\">DNI \/ NIE \/ NIF (*):\n<span class=\"wpcf7-form-control-wrap\" data-name=\"dni\"><input size=\"40\" maxlength=\"400\" class=\"wpcf7-form-control wpcf7-text wpcf7-validates-as-required\" aria-required=\"true\" aria-invalid=\"false\" value=\"\" type=\"text\" name=\"dni\" \/><\/span> <\/label>\n<\/p>\n\t\t\t\t<\/div><div class='clear'><\/div><div class='one_half'>\n\t\t\t\t\t<\/p>\n<p><label class=\"color\">E-mail (*):\n<span class=\"wpcf7-form-control-wrap\" data-name=\"email\"><input size=\"40\" maxlength=\"400\" class=\"wpcf7-form-control wpcf7-email wpcf7-validates-as-required wpcf7-text wpcf7-validates-as-email\" aria-required=\"true\" aria-invalid=\"false\" value=\"\" type=\"email\" name=\"email\" \/><\/span><\/label>\n<\/p>\n\t\t\t\t<\/div><div class='one_half et_column_last'>\n\t\t\t\t\t<\/p>\n<p><label class=\"color\">Tel\u00e9fono m\u00f3vil (*):\n<span class=\"wpcf7-form-control-wrap\" data-name=\"mobil\"><input size=\"40\" maxlength=\"400\" class=\"wpcf7-form-control wpcf7-tel wpcf7-validates-as-required wpcf7-text wpcf7-validates-as-tel\" aria-required=\"true\" aria-invalid=\"false\" value=\"\" type=\"tel\" name=\"mobil\" \/><\/span><\/label>\n<\/p>\n\t\t\t\t<\/div><div class='clear'><\/div>\n<\/p>\n<p>&nbsp;\n<\/p>\n<p><label class=\"color\">Direcci\u00f3n de suministro:<br \/>\n<span class=\"wpcf7-form-control-wrap\" data-name=\"adresa\"><input size=\"40\" maxlength=\"400\" class=\"wpcf7-form-control wpcf7-text\" aria-invalid=\"false\" value=\"\" type=\"text\" name=\"adresa\" \/><\/span><\/label>\n<\/p>\n<p><div class='one_half'>\n\t\t\t\t\t<\/p>\n<p><label class=\"color\">N\u00fam. contador:\n<span class=\"wpcf7-form-control-wrap\" data-name=\"comptador\"><input size=\"40\" maxlength=\"400\" class=\"wpcf7-form-control wpcf7-text\" aria-invalid=\"false\" value=\"\" type=\"text\" name=\"comptador\" \/><\/span> <\/label>\n<\/p>\n\t\t\t\t<\/div><div class='one_half et_column_last'>\n\t\t\t\t\t<\/p>\n<p><label class=\"color\">ID del contrato (*):\n<span class=\"wpcf7-form-control-wrap\" data-name=\"id\"><input size=\"40\" maxlength=\"400\" class=\"wpcf7-form-control wpcf7-text wpcf7-validates-as-required\" aria-required=\"true\" aria-invalid=\"false\" value=\"\" type=\"text\" name=\"id\" \/><\/span> <\/label>\n<\/p>\n\t\t\t\t<\/div><div class='clear'><\/div>\n<\/p>\n<p><label class=\"color\">Avisar a partir de (consumo en m<sup>3<\/sup>):<br \/>\n<span class=\"wpcf7-form-control-wrap\" data-name=\"m30\"><input class=\"wpcf7-form-control wpcf7-number wpcf7-validates-as-required wpcf7-validates-as-number\" min=\"0\" max=\"999999\" aria-required=\"true\" aria-invalid=\"false\" value=\"0\" type=\"number\" name=\"m30\" \/><\/span><\/label>\n<\/p>\n<p><label class=\"color\">Observaciones:<br \/>\n<span class=\"wpcf7-form-control-wrap\" data-name=\"observacions\"><textarea cols=\"40\" rows=\"3\" maxlength=\"2000\" class=\"wpcf7-form-control wpcf7-textarea\" aria-invalid=\"false\" name=\"observacions\"><\/textarea><\/span> <\/label>\n<\/p>\n<p style=\"text-align:right\">(*) Campo obligatorio\n<\/p>\n<table border=\"1\" cellspacing=\"0\" cellpadding=\"0\" align=\"left\">\n\t<tr>\n\t\t<td valign=\"top\">\n\t\t\t<p><u>Informaci\u00f3n b\u00e1sica sobre protecci\u00f3n de datos<\/u>\n\t\t\t<\/p>\n\t\t\t<p><strong>Responsable<\/strong>: Entidad P\u00fablica Empresarial para el Ciclo Completo del agua \u2013 Nostraigua\n\t\t\t<\/p>\n\t\t\t<p><strong>Finalidad<\/strong>: Darse de alta al servicio gratuito de alertas de consumo y si lo autoriza para el env\u00edo de informaci\u00f3n sobre Nostraigua por medios electr\u00f3nicos.\n\t\t\t<\/p>\n\t\t\t<p><strong>Derechos<\/strong>: Acceso, rectificaci\u00f3n, supresi\u00f3n, oposici\u00f3n, portabilidad y limitaci\u00f3n de los datos presencialmente o v\u00eda correo postal dirigiendo un escrito a Avda. Barcelona, 188 Locales 19-20, 43892 - Miami Platja, Tarragona o mediante Instancia en la Sede Electr\u00f3nica.\n\t\t\t<\/p>\n\t\t\t<p><strong>Informaci\u00f3n Adicional<\/strong>: Puede consultar la informaci\u00f3n adicional y detallada sobre el tratamiento de datos en la siguiente direcci\u00f3n <a href=\"https:\/\/nostraigua.cat\/es\/politica-privacidad\/\">https:\/\/nostraigua.cat\/es\/politica-privacidad\/<\/a>\n\t\t\t<\/p>\n\t\t<\/td>\n\t<\/tr>\n<\/table>\n<p><label><span class=\"wpcf7-form-control-wrap\" data-name=\"autoritzacio-enviament-info\"><span class=\"wpcf7-form-control wpcf7-acceptance optional\"><span class=\"wpcf7-list-item\"><label><input type=\"checkbox\" name=\"autoritzacio-enviament-info\" value=\"1\" aria-invalid=\"false\" \/><span class=\"wpcf7-list-item-label\">Autorizo el tratamiento de mis datos para poder recibir informaci\u00f3n por medios electr\u00f3nicos.<\/span><\/label><\/span><\/span><\/span><\/label>\n<\/p>\n<p><input class=\"wpcf7-form-control wpcf7-submit has-spinner\" type=\"submit\" value=\"Enviar\" \/>\n<\/p><input type='hidden' class='wpcf7-pum' value='{\"closepopup\":false,\"closedelay\":0,\"openpopup\":false,\"openpopup_id\":0}' \/><div class=\"wpcf7-response-output\" aria-hidden=\"true\"><\/div>\n<\/form>\n<\/div>\n[\/et_pb_text][\/et_pb_column][\/et_pb_row][\/et_pb_section]<\/p>\n","protected":false},"excerpt":{"rendered":"<p>SERVICIO DE ALERTAS DE CONSUMOEste servicio de alertas de consumo ofrece la posiblidad de generar avisos de control sobre vuestro consumo de agua. Se trata de un sistema de avisos gratuito que permite tener controlado el suministro indicado y detectar posibles escapes o incidencias en el contador. Con este servicio pretendemos a contribuir a incentivar [&hellip;]<\/p>\n","protected":false},"author":2,"featured_media":0,"parent":0,"menu_order":0,"comment_status":"closed","ping_status":"closed","template":"","meta":{"_et_pb_use_builder":"on","_et_pb_old_content":"","_et_gb_content_width":"","footnotes":""},"class_list":["post-4107","page","type-page","status-publish","hentry"],"yoast_head":"<!-- This site is optimized with the Yoast SEO plugin v27.1.1 - https:\/\/yoast.com\/product\/yoast-seo-wordpress\/ -->\n<title>Alertas de consumo - Nostraigua<\/title>\n<meta name=\"robots\" content=\"index, follow, max-snippet:-1, max-image-preview:large, max-video-preview:-1\" \/>\n<link rel=\"canonical\" href=\"https:\/\/nostraigua.cat\/es\/alertas\/\" \/>\n<meta property=\"og:locale\" content=\"es_ES\" \/>\n<meta property=\"og:type\" content=\"article\" \/>\n<meta property=\"og:title\" content=\"Alertas de consumo - Nostraigua\" \/>\n<meta property=\"og:description\" content=\"SERVICIO DE ALERTAS DE CONSUMOEste servicio de alertas de consumo ofrece la posiblidad de generar avisos de control sobre vuestro consumo de agua. Se trata de un sistema de avisos gratuito que permite tener controlado el suministro indicado y detectar posibles escapes o incidencias en el contador. Con este servicio pretendemos a contribuir a incentivar [&hellip;]\" \/>\n<meta property=\"og:url\" content=\"https:\/\/nostraigua.cat\/es\/alertas\/\" \/>\n<meta property=\"og:site_name\" content=\"Nostraigua\" \/>\n<meta property=\"article:modified_time\" content=\"2020-11-17T18:05:54+00:00\" \/>\n<meta name=\"twitter:card\" content=\"summary_large_image\" \/>\n<meta name=\"twitter:label1\" content=\"Tiempo de lectura\" \/>\n\t<meta name=\"twitter:data1\" content=\"3 minutos\" \/>\n<script type=\"application\/ld+json\" class=\"yoast-schema-graph\">{\"@context\":\"https:\/\/schema.org\",\"@graph\":[{\"@type\":\"WebPage\",\"@id\":\"https:\/\/nostraigua.cat\/es\/alertas\/\",\"url\":\"https:\/\/nostraigua.cat\/es\/alertas\/\",\"name\":\"Alertas de consumo - Nostraigua\",\"isPartOf\":{\"@id\":\"https:\/\/nostraigua.cat\/es\/#website\"},\"datePublished\":\"2020-11-17T17:38:23+00:00\",\"dateModified\":\"2020-11-17T18:05:54+00:00\",\"breadcrumb\":{\"@id\":\"https:\/\/nostraigua.cat\/es\/alertas\/#breadcrumb\"},\"inLanguage\":\"es\",\"potentialAction\":[{\"@type\":\"ReadAction\",\"target\":[\"https:\/\/nostraigua.cat\/es\/alertas\/\"]}]},{\"@type\":\"BreadcrumbList\",\"@id\":\"https:\/\/nostraigua.cat\/es\/alertas\/#breadcrumb\",\"itemListElement\":[{\"@type\":\"ListItem\",\"position\":1,\"name\":\"Portada\",\"item\":\"https:\/\/nostraigua.cat\/es\/\"},{\"@type\":\"ListItem\",\"position\":2,\"name\":\"Alertas de consumo\"}]},{\"@type\":\"WebSite\",\"@id\":\"https:\/\/nostraigua.cat\/es\/#website\",\"url\":\"https:\/\/nostraigua.cat\/es\/\",\"name\":\"Nostraigua\",\"description\":\"Nostraigua\",\"potentialAction\":[{\"@type\":\"SearchAction\",\"target\":{\"@type\":\"EntryPoint\",\"urlTemplate\":\"https:\/\/nostraigua.cat\/es\/?s={search_term_string}\"},\"query-input\":{\"@type\":\"PropertyValueSpecification\",\"valueRequired\":true,\"valueName\":\"search_term_string\"}}],\"inLanguage\":\"es\"}]}<\/script>\n<!-- \/ Yoast SEO plugin. -->","yoast_head_json":{"title":"Alertas de consumo - Nostraigua","robots":{"index":"index","follow":"follow","max-snippet":"max-snippet:-1","max-image-preview":"max-image-preview:large","max-video-preview":"max-video-preview:-1"},"canonical":"https:\/\/nostraigua.cat\/es\/alertas\/","og_locale":"es_ES","og_type":"article","og_title":"Alertas de consumo - Nostraigua","og_description":"SERVICIO DE ALERTAS DE CONSUMOEste servicio de alertas de consumo ofrece la posiblidad de generar avisos de control sobre vuestro consumo de agua. Se trata de un sistema de avisos gratuito que permite tener controlado el suministro indicado y detectar posibles escapes o incidencias en el contador. Con este servicio pretendemos a contribuir a incentivar [&hellip;]","og_url":"https:\/\/nostraigua.cat\/es\/alertas\/","og_site_name":"Nostraigua","article_modified_time":"2020-11-17T18:05:54+00:00","twitter_card":"summary_large_image","twitter_misc":{"Tiempo de lectura":"3 minutos"},"schema":{"@context":"https:\/\/schema.org","@graph":[{"@type":"WebPage","@id":"https:\/\/nostraigua.cat\/es\/alertas\/","url":"https:\/\/nostraigua.cat\/es\/alertas\/","name":"Alertas de consumo - Nostraigua","isPartOf":{"@id":"https:\/\/nostraigua.cat\/es\/#website"},"datePublished":"2020-11-17T17:38:23+00:00","dateModified":"2020-11-17T18:05:54+00:00","breadcrumb":{"@id":"https:\/\/nostraigua.cat\/es\/alertas\/#breadcrumb"},"inLanguage":"es","potentialAction":[{"@type":"ReadAction","target":["https:\/\/nostraigua.cat\/es\/alertas\/"]}]},{"@type":"BreadcrumbList","@id":"https:\/\/nostraigua.cat\/es\/alertas\/#breadcrumb","itemListElement":[{"@type":"ListItem","position":1,"name":"Portada","item":"https:\/\/nostraigua.cat\/es\/"},{"@type":"ListItem","position":2,"name":"Alertas de consumo"}]},{"@type":"WebSite","@id":"https:\/\/nostraigua.cat\/es\/#website","url":"https:\/\/nostraigua.cat\/es\/","name":"Nostraigua","description":"Nostraigua","potentialAction":[{"@type":"SearchAction","target":{"@type":"EntryPoint","urlTemplate":"https:\/\/nostraigua.cat\/es\/?s={search_term_string}"},"query-input":{"@type":"PropertyValueSpecification","valueRequired":true,"valueName":"search_term_string"}}],"inLanguage":"es"}]}},"publishpress_future_workflow_manual_trigger":{"enabledWorkflows":[]},"_links":{"self":[{"href":"https:\/\/nostraigua.cat\/es\/wp-json\/wp\/v2\/pages\/4107","targetHints":{"allow":["GET"]}}],"collection":[{"href":"https:\/\/nostraigua.cat\/es\/wp-json\/wp\/v2\/pages"}],"about":[{"href":"https:\/\/nostraigua.cat\/es\/wp-json\/wp\/v2\/types\/page"}],"author":[{"embeddable":true,"href":"https:\/\/nostraigua.cat\/es\/wp-json\/wp\/v2\/users\/2"}],"replies":[{"embeddable":true,"href":"https:\/\/nostraigua.cat\/es\/wp-json\/wp\/v2\/comments?post=4107"}],"version-history":[{"count":4,"href":"https:\/\/nostraigua.cat\/es\/wp-json\/wp\/v2\/pages\/4107\/revisions"}],"predecessor-version":[{"id":4178,"href":"https:\/\/nostraigua.cat\/es\/wp-json\/wp\/v2\/pages\/4107\/revisions\/4178"}],"wp:attachment":[{"href":"https:\/\/nostraigua.cat\/es\/wp-json\/wp\/v2\/media?parent=4107"}],"curies":[{"name":"wp","href":"https:\/\/api.w.org\/{rel}","templated":true}]}}