{"id":2586,"date":"2020-06-09T16:20:21","date_gmt":"2020-06-09T14:20:21","guid":{"rendered":"https:\/\/nostraigua.cat\/estado-del-servicio\/"},"modified":"2021-11-25T11:57:56","modified_gmt":"2021-11-25T10:57:56","slug":"estado","status":"publish","type":"page","link":"https:\/\/nostraigua.cat\/es\/estado\/","title":{"rendered":"Estado del servicio"},"content":{"rendered":"<p>[et_pb_section fb_built=\u00bb1&#8243; custom_padding_last_edited=\u00bbon|phone\u00bb prev_background_color=\u00bb#ffffff\u00bb admin_label=\u00bbSection: estat del servei\u00bb module_id=\u00bbestado\u00bb module_class=\u00bbestat-servei\u00bb _builder_version=\u00bb4.4.8&#8243; background_enable_color=\u00bboff\u00bb background_image=\u00bbhttps:\/\/nostraigua.cat\/wp-content\/uploads\/2020\/04\/stock-photo-pvc-pipes-244996480.jpg\u00bb parallax=\u00bbon\u00bb parallax_method=\u00bboff\u00bb custom_margin=\u00bb||||false|false\u00bb custom_padding=\u00bb10vw||10vw||false|false\u00bb custom_padding_tablet=\u00bb15vw||15vw||false|false\u00bb custom_padding_phone=\u00bb20vw|1vw|20vw|1vw|true|false\u00bb top_divider_style=\u00bbwaves2&#8243; top_divider_flip=\u00bbvertical|horizontal\u00bb top_divider_arrangement=\u00bbbelow_content\u00bb top_divider_repeat_tablet=\u00bb\u00bb top_divider_repeat_phone=\u00bb0.5x\u00bb top_divider_repeat_last_edited=\u00bbon|phone\u00bb bottom_divider_style=\u00bbwaves2&#8243; bottom_divider_color=\u00bb#ffffff\u00bb bottom_divider_flip=\u00bbvertical\u00bb bottom_divider_style_tablet=\u00bbnone\u00bb bottom_divider_style_last_edited=\u00bboff|desktop\u00bb bottom_divider_repeat_tablet=\u00bb\u00bb bottom_divider_repeat_phone=\u00bb0.5x\u00bb bottom_divider_repeat_last_edited=\u00bbon|phone\u00bb custom_width_px__hover=\u00bb1080px\u00bb custom_width_px__hover_enabled=\u00bb1080px\u00bb custom_width_percent__hover=\u00bb80%\u00bb custom_width_percent__hover_enabled=\u00bb80%\u00bb collapsed=\u00bboff\u00bb global_colors_info=\u00bb{}\u00bb box_shadow_style__hover=\u00bbnone\u00bb box_shadow_style__hover_enabled=\u00bbnone\u00bb box_shadow_color__hover=\u00bbrgba(0,0,0,0.3)\u00bb box_shadow_color__hover_enabled=\u00bbrgba(0,0,0,0.3)\u00bb gutter_width__hover=\u00bb3&#8243; gutter_width__hover_enabled=\u00bb3&#8243; parallax_1__hover=\u00bboff\u00bb parallax_1__hover_enabled=\u00bboff\u00bb parallax_2__hover=\u00bboff\u00bb parallax_2__hover_enabled=\u00bboff\u00bb parallax_3__hover=\u00bboff\u00bb parallax_3__hover_enabled=\u00bboff\u00bb parallax_method_1__hover=\u00bbon\u00bb parallax_method_1__hover_enabled=\u00bbon\u00bb parallax_method_2__hover=\u00bbon\u00bb parallax_method_2__hover_enabled=\u00bbon\u00bb parallax_method_3__hover=\u00bbon\u00bb parallax_method_3__hover_enabled=\u00bbon\u00bb parallax__hover=\u00bboff\u00bb parallax__hover_enabled=\u00bboff\u00bb use_background_color_gradient__hover=\u00bboff\u00bb use_background_color_gradient__hover_enabled=\u00bboff\u00bb background_color_gradient_start__hover=\u00bb#2b87da\u00bb background_color_gradient_start__hover_enabled=\u00bb#2b87da\u00bb background_color_gradient_end__hover=\u00bb#29c4a9&#8243; background_color_gradient_end__hover_enabled=\u00bb#29c4a9&#8243; background_color_gradient_type__hover=\u00bblinear\u00bb background_color_gradient_type__hover_enabled=\u00bblinear\u00bb background_color_gradient_direction__hover=\u00bb180deg\u00bb background_color_gradient_direction__hover_enabled=\u00bb180deg\u00bb background_color_gradient_direction_radial__hover=\u00bbcenter\u00bb background_color_gradient_direction_radial__hover_enabled=\u00bbcenter\u00bb background_color_gradient_start_position__hover=\u00bb0%\u00bb background_color_gradient_start_position__hover_enabled=\u00bb0%\u00bb background_color_gradient_end_position__hover=\u00bb100%\u00bb background_color_gradient_end_position__hover_enabled=\u00bb100%\u00bb background_color_gradient_overlays_image__hover=\u00bboff\u00bb background_color_gradient_overlays_image__hover_enabled=\u00bboff\u00bb parallax_method__hover=\u00bbon\u00bb parallax_method__hover_enabled=\u00bbon\u00bb background_size__hover=\u00bbcover\u00bb background_size__hover_enabled=\u00bbcover\u00bb background_position__hover=\u00bbcenter\u00bb background_position__hover_enabled=\u00bbcenter\u00bb background_repeat__hover=\u00bbno-repeat\u00bb background_repeat__hover_enabled=\u00bbno-repeat\u00bb background_blend__hover=\u00bbnormal\u00bb background_blend__hover_enabled=\u00bbnormal\u00bb allow_player_pause__hover=\u00bboff\u00bb allow_player_pause__hover_enabled=\u00bboff\u00bb background_video_pause_outside_viewport__hover=\u00bbon\u00bb background_video_pause_outside_viewport__hover_enabled=\u00bbon\u00bb inner_shadow__hover=\u00bboff\u00bb inner_shadow__hover_enabled=\u00bboff\u00bb make_fullwidth__hover=\u00bboff\u00bb make_fullwidth__hover_enabled=\u00bboff\u00bb use_custom_width__hover=\u00bboff\u00bb use_custom_width__hover_enabled=\u00bboff\u00bb width_unit__hover=\u00bbon\u00bb width_unit__hover_enabled=\u00bbon\u00bb make_equal__hover=\u00bboff\u00bb make_equal__hover_enabled=\u00bboff\u00bb use_custom_gutter__hover=\u00bboff\u00bb use_custom_gutter__hover_enabled=\u00bboff\u00bb border_radii__hover=\u00bbon||||\u00bb border_radii__hover_enabled=\u00bbon||||\u00bb max_width__hover=\u00bb100%\u00bb max_width__hover_enabled=\u00bb100%\u00bb filter_hue_rotate__hover=\u00bb0deg\u00bb filter_hue_rotate__hover_enabled=\u00bb0deg\u00bb filter_saturate__hover=\u00bb100%\u00bb filter_saturate__hover_enabled=\u00bb100%\u00bb filter_brightness__hover=\u00bb100%\u00bb filter_brightness__hover_enabled=\u00bb100%\u00bb filter_contrast__hover=\u00bb100%\u00bb filter_contrast__hover_enabled=\u00bb100%\u00bb filter_invert__hover=\u00bb0%\u00bb filter_invert__hover_enabled=\u00bb0%\u00bb filter_sepia__hover=\u00bb0%\u00bb filter_sepia__hover_enabled=\u00bb0%\u00bb filter_opacity__hover=\u00bb100%\u00bb filter_opacity__hover_enabled=\u00bb100%\u00bb filter_blur__hover=\u00bb0px\u00bb filter_blur__hover_enabled=\u00bb0px\u00bb mix_blend_mode__hover=\u00bbnormal\u00bb mix_blend_mode__hover_enabled=\u00bbnormal\u00bb animation_style__hover=\u00bbnone\u00bb animation_style__hover_enabled=\u00bbnone\u00bb animation_repeat__hover=\u00bbonce\u00bb animation_repeat__hover_enabled=\u00bbonce\u00bb animation_direction__hover=\u00bbcenter\u00bb animation_direction__hover_enabled=\u00bbcenter\u00bb animation_duration__hover=\u00bb1000ms\u00bb animation_duration__hover_enabled=\u00bb1000ms\u00bb animation_delay__hover=\u00bb0ms\u00bb animation_delay__hover_enabled=\u00bb0ms\u00bb animation_intensity_slide__hover=\u00bb50%\u00bb animation_intensity_slide__hover_enabled=\u00bb50%\u00bb animation_intensity_zoom__hover=\u00bb50%\u00bb animation_intensity_zoom__hover_enabled=\u00bb50%\u00bb animation_intensity_flip__hover=\u00bb50%\u00bb animation_intensity_flip__hover_enabled=\u00bb50%\u00bb animation_intensity_fold__hover=\u00bb50%\u00bb animation_intensity_fold__hover_enabled=\u00bb50%\u00bb animation_intensity_roll__hover=\u00bb50%\u00bb animation_intensity_roll__hover_enabled=\u00bb50%\u00bb animation_starting_opacity__hover=\u00bb0%\u00bb animation_starting_opacity__hover_enabled=\u00bb0%\u00bb animation_speed_curve__hover=\u00bbease-in-out\u00bb animation_speed_curve__hover_enabled=\u00bbease-in-out\u00bb hover_transition_duration__hover=\u00bb300ms\u00bb hover_transition_duration__hover_enabled=\u00bb300ms\u00bb hover_transition_delay__hover=\u00bb0ms\u00bb hover_transition_delay__hover_enabled=\u00bb0ms\u00bb hover_transition_speed_curve__hover=\u00bbease\u00bb hover_transition_speed_curve__hover_enabled=\u00bbease\u00bb][et_pb_row column_structure=\u00bb1_2,1_2&#8243; custom_padding_last_edited=\u00bbon|phone\u00bb admin_label=\u00bbgRowEstatServei\u00bb _builder_version=\u00bb4.4.5&#8243; background_color=\u00bbrgba(255,255,255,0.87)\u00bb width=\u00bb90%\u00bb width_tablet=\u00bb90%\u00bb width_phone=\u00bb100%\u00bb width_last_edited=\u00bbon|desktop\u00bb max_width=\u00bb1200px\u00bb max_width_last_edited=\u00bboff|tablet\u00bb custom_margin=\u00bb||||false|false\u00bb custom_padding=\u00bb3em|4em|3em|4em|true|true\u00bb custom_padding_tablet=\u00bb2em|3em|2em|3em|true|true\u00bb custom_padding_phone=\u00bb|2em||2em|true|true\u00bb border_radii=\u00bbon|10px|10px|10px|10px\u00bb border_radii_last_edited=\u00bboff|desktop\u00bb box_shadow_style=\u00bbpreset1&#8243; box_shadow_color=\u00bbrgba(0,0,0,0.17)\u00bb global_colors_info=\u00bb{}\u00bb][et_pb_column type=\u00bb1_2&#8243; _builder_version=\u00bb4.4.5&#8243; custom_padding=\u00bb|3em|||false|false\u00bb custom_padding_tablet=\u00bb|0em|||false|false\u00bb custom_padding_phone=\u00bb\u00bb custom_padding_last_edited=\u00bbon|desktop\u00bb border_radii=\u00bboff||||\u00bb border_width_right=\u00bb1px\u00bb border_color_right=\u00bbrgba(0,110,178,0.45)\u00bb border_radii_tablet=\u00bboff||||\u00bb border_radii_phone=\u00bboff||||\u00bb border_radii_last_edited=\u00bbon|desktop\u00bb border_width_right_tablet=\u00bb0px\u00bb border_width_right_phone=\u00bb\u00bb border_width_right_last_edited=\u00bbon|desktop\u00bb global_colors_info=\u00bb{}\u00bb custom_padding__hover=\u00bb|||\u00bb][et_pb_text _builder_version=\u00bb4.4.3&#8243; text_font=\u00bb||||||||\u00bb text_font_size=\u00bb15px\u00bb text_line_height=\u00bb2em\u00bb header_font=\u00bb||||||||\u00bb header_2_font=\u00bbMontserrat|600||on|||||\u00bb header_2_letter_spacing=\u00bb2px\u00bb header_2_line_height=\u00bb1.4em\u00bb max_width=\u00bb700px\u00bb custom_margin=\u00bb||1em||false|false\u00bb header_2_font_size_tablet=\u00bb\u00bb header_2_font_size_phone=\u00bb20px\u00bb header_2_font_size_last_edited=\u00bbon|phone\u00bb locked=\u00bboff\u00bb global_colors_info=\u00bb{}\u00bb header_font_size__hover=\u00bb30px\u00bb header_font_size__hover_enabled=\u00bb30px\u00bb header_letter_spacing__hover=\u00bb0px\u00bb header_letter_spacing__hover_enabled=\u00bb0px\u00bb header_text_shadow_style__hover=\u00bbnone\u00bb header_text_shadow_style__hover_enabled=\u00bbnone\u00bb header_text_shadow_color__hover=\u00bbrgba(0,0,0,0.4)\u00bb header_text_shadow_color__hover_enabled=\u00bbrgba(0,0,0,0.4)\u00bb header_3_font_size__hover=\u00bb22px\u00bb header_3_font_size__hover_enabled=\u00bb22px\u00bb header_3_letter_spacing__hover=\u00bb0px\u00bb header_3_letter_spacing__hover_enabled=\u00bb0px\u00bb header_3_line_height__hover=\u00bb1em\u00bb header_3_line_height__hover_enabled=\u00bb1em\u00bb header_3_text_shadow_style__hover=\u00bbnone\u00bb header_3_text_shadow_style__hover_enabled=\u00bbnone\u00bb header_3_text_shadow_color__hover=\u00bbrgba(0,0,0,0.4)\u00bb header_3_text_shadow_color__hover_enabled=\u00bbrgba(0,0,0,0.4)\u00bb]<\/p>\n<h2>Estado del servicio<\/h2>\n<p>[\/et_pb_text][et_pb_divider divider_weight=\u00bb4px\u00bb _builder_version=\u00bb4.4.3&#8243; max_width=\u00bb60px\u00bb module_alignment=\u00bbleft\u00bb height=\u00bb4px\u00bb global_colors_info=\u00bb{}\u00bb][\/et_pb_divider][et_pb_text _builder_version=\u00bb4.5.1&#8243; text_font=\u00bb||||||||\u00bb text_font_size=\u00bb15px\u00bb text_line_height=\u00bb2em\u00bb header_font=\u00bb||||||||\u00bb header_2_font=\u00bbMontserrat|600|||||||\u00bb header_2_font_size=\u00bb40px\u00bb header_2_line_height=\u00bb1.2em\u00bb header_3_font=\u00bbMontserrat|||on|||||\u00bb header_3_font_size=\u00bb14px\u00bb header_3_letter_spacing=\u00bb1px\u00bb header_3_line_height=\u00bb1.6em\u00bb max_width=\u00bb700px\u00bb locked=\u00bboff\u00bb global_colors_info=\u00bb{}\u00bb header_font_size__hover=\u00bb30px\u00bb header_font_size__hover_enabled=\u00bb30px\u00bb header_letter_spacing__hover=\u00bb0px\u00bb header_letter_spacing__hover_enabled=\u00bb0px\u00bb header_text_shadow_style__hover=\u00bbnone\u00bb header_text_shadow_style__hover_enabled=\u00bbnone\u00bb header_text_shadow_color__hover=\u00bbrgba(0,0,0,0.4)\u00bb header_text_shadow_color__hover_enabled=\u00bbrgba(0,0,0,0.4)\u00bb]<\/p>\n<p>Aqu\u00ed encontrar\u00e1 la informaci\u00f3n de los paros programados para reparaciones o trabajos de mantenimiento, as\u00ed como de las incidencias de las que tenemos constancia.<\/p>\n<p>Si quiere avisarnos de alguna fuga o de cualquier otra incidencia, puede <a href=\"\/es\/contacto\">ponerse en conctacto con nosotros<\/a>.<\/p>\n<p>[\/et_pb_text][\/et_pb_column][et_pb_column type=\u00bb1_2&#8243; _builder_version=\u00bb3.25&#8243; custom_padding=\u00bb|||\u00bb global_colors_info=\u00bb{}\u00bb custom_padding__hover=\u00bb|||\u00bb][et_pb_estatservei posts_number=\u00bb3&#8243; include_categories=\u00bb32&#8243; meta_date=\u00bbd\/m\/Y H:i\u00bb show_thumbnail=\u00bboff\u00bb show_author=\u00bboff\u00bb show_categories=\u00bboff\u00bb admin_label=\u00bbEstatServei: Incid\u00e8ncies\u00bb _builder_version=\u00bb4.13.0&#8243; header_level=\u00bbh4&#8243; header_font=\u00bb|700||on|||||\u00bb header_text_color=\u00bb#000000&#8243; header_font_size=\u00bb20px\u00bb header_letter_spacing=\u00bb1px\u00bb body_font_size=\u00bb16px\u00bb body_line_height=\u00bb1.5em\u00bb pagination_font=\u00bbMontserrat|500|||||||\u00bb pagination_text_color=\u00bb#000000&#8243; pagination_font_size=\u00bb12px\u00bb custom_margin=\u00bb1em||||false|false\u00bb hover_enabled=\u00bb0&#8243; custom_css_main_element=\u00bbmargin-bottom: 30px; \u00bb border_width_all=\u00bb2px\u00bb border_color_all=\u00bbrgba(0,88,188,0.16)\u00bb global_colors_info=\u00bb{}\u00bb show_content=\u00bbon\u00bb sticky_enabled=\u00bb0&#8243;][\/et_pb_estatservei][\/et_pb_column][\/et_pb_row][\/et_pb_section]<\/p>\n","protected":false},"excerpt":{"rendered":"<p>Estado del servicioAqu\u00ed encontrar\u00e1 la informaci\u00f3n de los paros programados para reparaciones o trabajos de mantenimiento, as\u00ed como de las incidencias de las que tenemos constancia. Si quiere avisarnos de alguna fuga o de cualquier otra incidencia, puede ponerse en conctacto con nosotros.<\/p>\n","protected":false},"author":2,"featured_media":0,"parent":0,"menu_order":0,"comment_status":"closed","ping_status":"closed","template":"","meta":{"_et_pb_use_builder":"on","_et_pb_old_content":"","_et_gb_content_width":"","footnotes":""},"class_list":["post-2586","page","type-page","status-publish","hentry"],"yoast_head":"<!-- This site is optimized with the Yoast SEO plugin v27.1.1 - https:\/\/yoast.com\/product\/yoast-seo-wordpress\/ -->\n<title>Estado del servicio - Nostraigua<\/title>\n<meta name=\"robots\" content=\"index, follow, max-snippet:-1, max-image-preview:large, max-video-preview:-1\" \/>\n<link rel=\"canonical\" href=\"https:\/\/nostraigua.cat\/es\/estado\/\" \/>\n<meta property=\"og:locale\" content=\"es_ES\" \/>\n<meta property=\"og:type\" content=\"article\" \/>\n<meta property=\"og:title\" content=\"Estado del servicio - Nostraigua\" \/>\n<meta property=\"og:description\" content=\"Estado del servicioAqu\u00ed encontrar\u00e1 la informaci\u00f3n de los paros programados para reparaciones o trabajos de mantenimiento, as\u00ed como de las incidencias de las que tenemos constancia. Si quiere avisarnos de alguna fuga o de cualquier otra incidencia, puede ponerse en conctacto con nosotros.\" \/>\n<meta property=\"og:url\" content=\"https:\/\/nostraigua.cat\/es\/estado\/\" \/>\n<meta property=\"og:site_name\" content=\"Nostraigua\" \/>\n<meta property=\"article:modified_time\" content=\"2021-11-25T10:57:56+00:00\" \/>\n<meta name=\"twitter:card\" content=\"summary_large_image\" \/>\n<meta name=\"twitter:label1\" content=\"Tiempo de lectura\" \/>\n\t<meta name=\"twitter:data1\" content=\"7 minutos\" \/>\n<script type=\"application\/ld+json\" class=\"yoast-schema-graph\">{\"@context\":\"https:\/\/schema.org\",\"@graph\":[{\"@type\":\"WebPage\",\"@id\":\"https:\/\/nostraigua.cat\/es\/estado\/\",\"url\":\"https:\/\/nostraigua.cat\/es\/estado\/\",\"name\":\"Estado del servicio - Nostraigua\",\"isPartOf\":{\"@id\":\"https:\/\/nostraigua.cat\/es\/#website\"},\"datePublished\":\"2020-06-09T14:20:21+00:00\",\"dateModified\":\"2021-11-25T10:57:56+00:00\",\"breadcrumb\":{\"@id\":\"https:\/\/nostraigua.cat\/es\/estado\/#breadcrumb\"},\"inLanguage\":\"es\",\"potentialAction\":[{\"@type\":\"ReadAction\",\"target\":[\"https:\/\/nostraigua.cat\/es\/estado\/\"]}]},{\"@type\":\"BreadcrumbList\",\"@id\":\"https:\/\/nostraigua.cat\/es\/estado\/#breadcrumb\",\"itemListElement\":[{\"@type\":\"ListItem\",\"position\":1,\"name\":\"Portada\",\"item\":\"https:\/\/nostraigua.cat\/es\/\"},{\"@type\":\"ListItem\",\"position\":2,\"name\":\"Estado del servicio\"}]},{\"@type\":\"WebSite\",\"@id\":\"https:\/\/nostraigua.cat\/es\/#website\",\"url\":\"https:\/\/nostraigua.cat\/es\/\",\"name\":\"Nostraigua\",\"description\":\"Nostraigua\",\"potentialAction\":[{\"@type\":\"SearchAction\",\"target\":{\"@type\":\"EntryPoint\",\"urlTemplate\":\"https:\/\/nostraigua.cat\/es\/?s={search_term_string}\"},\"query-input\":{\"@type\":\"PropertyValueSpecification\",\"valueRequired\":true,\"valueName\":\"search_term_string\"}}],\"inLanguage\":\"es\"}]}<\/script>\n<!-- \/ Yoast SEO plugin. -->","yoast_head_json":{"title":"Estado del servicio - Nostraigua","robots":{"index":"index","follow":"follow","max-snippet":"max-snippet:-1","max-image-preview":"max-image-preview:large","max-video-preview":"max-video-preview:-1"},"canonical":"https:\/\/nostraigua.cat\/es\/estado\/","og_locale":"es_ES","og_type":"article","og_title":"Estado del servicio - Nostraigua","og_description":"Estado del servicioAqu\u00ed encontrar\u00e1 la informaci\u00f3n de los paros programados para reparaciones o trabajos de mantenimiento, as\u00ed como de las incidencias de las que tenemos constancia. Si quiere avisarnos de alguna fuga o de cualquier otra incidencia, puede ponerse en conctacto con nosotros.","og_url":"https:\/\/nostraigua.cat\/es\/estado\/","og_site_name":"Nostraigua","article_modified_time":"2021-11-25T10:57:56+00:00","twitter_card":"summary_large_image","twitter_misc":{"Tiempo de lectura":"7 minutos"},"schema":{"@context":"https:\/\/schema.org","@graph":[{"@type":"WebPage","@id":"https:\/\/nostraigua.cat\/es\/estado\/","url":"https:\/\/nostraigua.cat\/es\/estado\/","name":"Estado del servicio - Nostraigua","isPartOf":{"@id":"https:\/\/nostraigua.cat\/es\/#website"},"datePublished":"2020-06-09T14:20:21+00:00","dateModified":"2021-11-25T10:57:56+00:00","breadcrumb":{"@id":"https:\/\/nostraigua.cat\/es\/estado\/#breadcrumb"},"inLanguage":"es","potentialAction":[{"@type":"ReadAction","target":["https:\/\/nostraigua.cat\/es\/estado\/"]}]},{"@type":"BreadcrumbList","@id":"https:\/\/nostraigua.cat\/es\/estado\/#breadcrumb","itemListElement":[{"@type":"ListItem","position":1,"name":"Portada","item":"https:\/\/nostraigua.cat\/es\/"},{"@type":"ListItem","position":2,"name":"Estado del servicio"}]},{"@type":"WebSite","@id":"https:\/\/nostraigua.cat\/es\/#website","url":"https:\/\/nostraigua.cat\/es\/","name":"Nostraigua","description":"Nostraigua","potentialAction":[{"@type":"SearchAction","target":{"@type":"EntryPoint","urlTemplate":"https:\/\/nostraigua.cat\/es\/?s={search_term_string}"},"query-input":{"@type":"PropertyValueSpecification","valueRequired":true,"valueName":"search_term_string"}}],"inLanguage":"es"}]}},"publishpress_future_workflow_manual_trigger":{"enabledWorkflows":[]},"_links":{"self":[{"href":"https:\/\/nostraigua.cat\/es\/wp-json\/wp\/v2\/pages\/2586","targetHints":{"allow":["GET"]}}],"collection":[{"href":"https:\/\/nostraigua.cat\/es\/wp-json\/wp\/v2\/pages"}],"about":[{"href":"https:\/\/nostraigua.cat\/es\/wp-json\/wp\/v2\/types\/page"}],"author":[{"embeddable":true,"href":"https:\/\/nostraigua.cat\/es\/wp-json\/wp\/v2\/users\/2"}],"replies":[{"embeddable":true,"href":"https:\/\/nostraigua.cat\/es\/wp-json\/wp\/v2\/comments?post=2586"}],"version-history":[{"count":4,"href":"https:\/\/nostraigua.cat\/es\/wp-json\/wp\/v2\/pages\/2586\/revisions"}],"predecessor-version":[{"id":5701,"href":"https:\/\/nostraigua.cat\/es\/wp-json\/wp\/v2\/pages\/2586\/revisions\/5701"}],"wp:attachment":[{"href":"https:\/\/nostraigua.cat\/es\/wp-json\/wp\/v2\/media?parent=2586"}],"curies":[{"name":"wp","href":"https:\/\/api.w.org\/{rel}","templated":true}]}}