{"id":11940,"date":"2026-01-20T14:27:36","date_gmt":"2026-01-20T13:27:36","guid":{"rendered":"https:\/\/nostraigua.cat\/?page_id=11940"},"modified":"2026-01-27T07:26:32","modified_gmt":"2026-01-27T06:26:32","slug":"representa","status":"publish","type":"page","link":"https:\/\/nostraigua.cat\/es\/representa\/","title":{"rendered":"Representa"},"content":{"rendered":"<p>[et_pb_section fb_built=\u00bb1&#8243; fullwidth=\u00bbon\u00bb _builder_version=\u00bb4.21.0&#8243; _module_preset=\u00bbdefault\u00bb background_color=\u00bb#7ca5c8&#8243; background_image=\u00bbhttps:\/\/nostraigua.cat\/wp-content\/uploads\/2022\/06\/BANER-WEB-CAT_nostraigua_oficina_virtual_web-CA.png\u00bb background_size=\u00bbcontain\u00bb custom_padding=\u00bb||45px||false|false\u00bb top_divider_color=\u00bb#e7f1f9&#8243; bottom_divider_style=\u00bbwaves2&#8243; bottom_divider_color=\u00bb#e7f1f9&#8243; bottom_divider_repeat=\u00bb0.5x\u00bb global_colors_info=\u00bb{}\u00bb][et_pb_fullwidth_slider show_arrows=\u00bboff\u00bb show_pagination=\u00bboff\u00bb use_bg_overlay=\u00bboff\u00bb use_text_overlay=\u00bboff\u00bb _builder_version=\u00bb4.27.4&#8243; _module_preset=\u00bbdefault\u00bb background_color=\u00bbRGBA(255,255,255,0)\u00bb min_height=\u00bb415px\u00bb min_height_tablet=\u00bb251px\u00bb min_height_phone=\u00bb127px\u00bb min_height_last_edited=\u00bbon|desktop\u00bb custom_margin=\u00bb0px||||false|false\u00bb custom_padding=\u00bb0px||||false|false\u00bb link_option_url=\u00bbhttps:\/\/valid.aoc.cat\/o\/oauth2\/auth?scope=autenticacio_usuari&#038;response_type=code&#038;client_id=representa.cat&#038;approval_prompt=auto&#038;access_type=offline&#038;redirect_uri=https:\/\/representa.cat\/representa\/auth\/valid\/postLogin&#038;state=4309234026&#8243; link_option_url_new_window=\u00bbon\u00bb global_colors_info=\u00bb{}\u00bb][et_pb_slide url_new_window=\u00bbon\u00bb admin_title=\u00bbRepresenta\u00bb _builder_version=\u00bb4.27.4&#8243; _module_preset=\u00bbdefault\u00bb background_color=\u00bb#66b1df\u00bb background_enable_color=\u00bbon\u00bb background_image=\u00bbhttps:\/\/nostraigua.cat\/wp-content\/uploads\/2026\/01\/BANNER-REPRESENTA_cast-scaled.png\u00bb background_enable_image=\u00bbon\u00bb link_option_url_new_window=\u00bbon\u00bb global_colors_info=\u00bb{}\u00bb sticky_transition=\u00bbon\u00bb][\/et_pb_slide][\/et_pb_fullwidth_slider][\/et_pb_section][et_pb_section fb_built=\u00bb1&#8243; _builder_version=\u00bb4.16&#8243; _module_preset=\u00bbdefault\u00bb use_background_color_gradient=\u00bbon\u00bb background_color_gradient_stops=\u00bb#e7f1f9 0%|#ffffff 180px\u00bb background_color_gradient_start=\u00bb#e7f1f9&#8243; background_color_gradient_end=\u00bb#ffffff\u00bb background_color_gradient_end_position=\u00bb180px\u00bb global_colors_info=\u00bb{}\u00bb][et_pb_row _builder_version=\u00bb4.16&#8243; _module_preset=\u00bbdefault\u00bb custom_padding=\u00bb0px|||||\u00bb global_colors_info=\u00bb{}\u00bb][et_pb_column type=\u00bb4_4&#8243; _builder_version=\u00bb4.16&#8243; _module_preset=\u00bbdefault\u00bb global_colors_info=\u00bb{}\u00bb][et_pb_post_title meta=\u00bboff\u00bb featured_image=\u00bboff\u00bb admin_label=\u00bbgPostTitle\u00bb _builder_version=\u00bb4.4.2&#8243; title_font=\u00bbMontserrat|600||on|||||\u00bb title_text_align=\u00bbcenter\u00bb title_text_color=\u00bb#000000&#8243; title_font_size=\u00bb30px\u00bb title_letter_spacing=\u00bb2px\u00bb title_line_height=\u00bb1.4em\u00bb custom_margin=\u00bb||0.8em||false|false\u00bb title_font_size_tablet=\u00bb24px\u00bb title_font_size_phone=\u00bb22px\u00bb title_font_size_last_edited=\u00bbon|phone\u00bb global_module=\u00bb681&#8243; saved_tabs=\u00bball\u00bb global_colors_info=\u00bb{}\u00bb][\/et_pb_post_title][et_pb_divider divider_weight=\u00bb4px\u00bb admin_label=\u00bbgSeparador\u00bb _builder_version=\u00bb4.4.7&#8243; max_width=\u00bb60px\u00bb module_alignment=\u00bbcenter\u00bb height=\u00bb4px\u00bb global_module=\u00bb532&#8243; saved_tabs=\u00bball\u00bb global_colors_info=\u00bb{}\u00bb][\/et_pb_divider][\/et_pb_column][\/et_pb_row][et_pb_row _builder_version=\u00bb4.21.0&#8243; _module_preset=\u00bbdefault\u00bb custom_padding=\u00bb||0px|||\u00bb global_colors_info=\u00bb{}\u00bb][et_pb_column type=\u00bb4_4&#8243; _builder_version=\u00bb4.21.0&#8243; _module_preset=\u00bbdefault\u00bb global_colors_info=\u00bb{}\u00bb][et_pb_text _builder_version=\u00bb4.27.4&#8243; _module_preset=\u00bbdefault\u00bb header_2_text_align=\u00bbcenter\u00bb header_2_text_color=\u00bb#FFFFFF\u00bb header_2_font_size=\u00bb30px\u00bb header_2_line_height=\u00bb1.5em\u00bb background_color=\u00bb#006EB3&#8243; custom_padding=\u00bb0.6em|0.8em||0.8em|false|true\u00bb global_colors_info=\u00bb{}\u00bb]<\/p>\n<h2>REGISTRO DE APODERAMIENTOS<\/h2>\n<p>[\/et_pb_text][et_pb_tabs active_tab_background_color=\u00bb#006EB3&#8243; inactive_tab_background_color=\u00bbRGBA(255,255,255,0)\u00bb active_tab_text_color=\u00bb#FFFFFF\u00bb module_class=\u00bbbe-tabs\u00bb _builder_version=\u00bb4.27.4&#8243; _module_preset=\u00bbdefault\u00bb tab_text_color=\u00bb#117788&#8243; global_colors_info=\u00bb{}\u00bb][et_pb_tab title=\u00bb\u00bfQu\u00e9 es?\u00bb _builder_version=\u00bb4.27.4&#8243; _module_preset=\u00bbdefault\u00bb global_colors_info=\u00bb{}\u00bb]<\/p>\n<p><img loading=\"lazy\" decoding=\"async\" src=\"https:\/\/nostraigua.cat\/wp-content\/uploads\/2026\/01\/icono-ordenador-265x300.png\" width=\"265\" height=\"300\" alt=\"\" class=\"wp-image-11962 alignnone size-medium\" style=\"float: left;\" srcset=\"https:\/\/nostraigua.cat\/wp-content\/uploads\/2026\/01\/icono-ordenador-265x300.png 265w, https:\/\/nostraigua.cat\/wp-content\/uploads\/2026\/01\/icono-ordenador.png 457w\" sizes=\"(max-width: 265px) 100vw, 265px\" \/><\/p>\n<p>El REPRESENTA es el registro electr\u00f3nico de apoderamientos de la Generalitat de Catalunya, gestionado por el Consorcio Administraci\u00f3n Abierta de Catalu\u00f1a (AOC).<\/p>\n<p>Este servicio permite que una persona, empresa o entidad autorice a otra persona a realizar tr\u00e1mites en su nombre ante las administraciones p\u00fablicas catalanes, de forma digital, segura y gratuita.<\/p>\n<p>Una vez el apoderamiento est\u00e1 inscrito, no es necesario presentar autorizaciones ni documentos cada vez que se hace un tr\u00e1mite, ya que la administraci\u00f3n puede consultarlo directamente.<\/p>\n<p>Actualmente los apoderamientos registrados en el Representa son v\u00e1lidos para actuar ante las Administraciones P\u00fablicas catalanas. Si se quiere hacer una representaci\u00f3n v\u00e1lida por la Administraci\u00f3n General del Estado es necesario inscribirse en la Apodera. Consulte el siguiente <a href=\"https:\/\/sede.administracion.gob.es\/PAG_Sede\/ServiciosElectronicos\/RegistroElectronicoDeApoderamientos.html\">enlace<\/a> para m\u00e1s informaci\u00f3n.<\/p>\n<p><strong>M\u00e1s informaci\u00f3n<\/strong><\/p>\n<p>Para crear o gestionar un apoderamiento, puedes acceder al servicio:<\/p>\n<p>\ud83d\udc49 <a href=\"https:\/\/valid.aoc.cat\/o\/oauth2\/auth?scope=autenticacio_usuari&amp;response_type=code&amp;client_id=representa.cat&amp;approval_prompt=auto&amp;access_type=offline&amp;redirect_uri=https:\/\/representa.cat\/representa\/auth\/valid\/postLogin&amp;state=4309234026\">Acceder al servicio REPRESENTA (AOC)<\/a><\/p>\n<p>Para dudas o incidencias t\u00e9cnicas con el servicio, es necesario consultar el <a href=\"https:\/\/suport.aoc.cat\/es-ES\/category\/?id=CAT-01057\">servicio de apoyo de la AOC.<\/a><\/p>\n<p>Si tiene dudas sobre c\u00f3mo utilizar la representaci\u00f3n en tr\u00e1mites con <strong>Nostraigua<\/strong>, puede contactar con nuestros canales de atenci\u00f3n a las personas.<\/p>\n<p>[\/et_pb_tab][et_pb_tab title=\u00bb\u00bfPara que sirve?\u00bb _builder_version=\u00bb4.27.4&#8243; _module_preset=\u00bbdefault\u00bb global_colors_info=\u00bb{}\u00bb]<\/p>\n<p>El REPRESENTA sirve para que una persona representante pueda: <img loading=\"lazy\" decoding=\"async\" src=\"https:\/\/nostraigua.cat\/wp-content\/uploads\/2026\/01\/tipus-apoderaments-300x286.png\" width=\"300\" height=\"286\" alt=\"\" class=\"wp-image-11968 alignnone size-medium\" style=\"float: right;\" \/><\/p>\n<ul>\n<li>Realizar tr\u00e1mites con Nostraigua en nombre de otra persona<\/li>\n<li>Consultar informaci\u00f3n<\/li>\n<li>Recibir notificaciones administrativas<\/li>\n<\/ul>\n<p>Todo esto sin tener que aportar documentos acreditativos en cada gesti\u00f3n.<\/p>\n<p><strong>Validez del apoderamiento<\/strong><\/p>\n<p>Los apoderamientos inscritos en el REPRESENTA <strong>son v\u00e1lidos ante las administraciones p\u00fablicas catalanas<\/strong> que est\u00e9n adheridas al servicio.<\/p>\n<p>El servicio est\u00e1 interconectado con el registro estatal <strong>Apodera<\/strong>, de modo que tambi\u00e9n puede tener efectos en el resto del Estado, siempre que la administraci\u00f3n correspondiente est\u00e9 adherida.<\/p>\n<p>&nbsp;<\/p>\n<p>[\/et_pb_tab][et_pb_tab title=\u00bb\u00bfQui\u00e9n puede utilizar el servicio?\u00bb _builder_version=\u00bb4.27.4&#8243; _module_preset=\u00bbdefault\u00bb global_colors_info=\u00bb{}\u00bb]<\/p>\n<p><strong><img loading=\"lazy\" decoding=\"async\" src=\"https:\/\/nostraigua.cat\/wp-content\/uploads\/2026\/01\/utilitzacio-servei-227x300.png\" width=\"177\" height=\"234\" alt=\"\" class=\"wp-image-11970 alignnone size-medium\" style=\"float: left;\" srcset=\"https:\/\/nostraigua.cat\/wp-content\/uploads\/2026\/01\/utilitzacio-servei-227x300.png 227w, https:\/\/nostraigua.cat\/wp-content\/uploads\/2026\/01\/utilitzacio-servei.png 474w\" sizes=\"(max-width: 177px) 100vw, 177px\" \/>Personas f\u00edsicas<\/strong><\/p>\n<p><strong>Empresas y profesionales<\/strong><\/p>\n<p><strong>Entidades sin personalidad jur\u00eddica (como comunidades de propietarios)<\/strong><\/p>\n<p>El servicio es <strong>gratuito<\/strong><\/p>\n<p>[\/et_pb_tab][et_pb_tab title=\u00bbTipos de apoderamientos\u00bb _builder_version=\u00bb4.27.4&#8243; _module_preset=\u00bbdefault\u00bb global_colors_info=\u00bb{}\u00bb]<\/p>\n<p><img loading=\"lazy\" decoding=\"async\" src=\"https:\/\/nostraigua.cat\/wp-content\/uploads\/2026\/01\/checklist-282x300.png\" width=\"212\" height=\"226\" alt=\"\" class=\"wp-image-11964 alignnone size-medium\" style=\"float: right;\" \/>Cuando se crea un apoderamiento en el REPRESENTA, es necesario indicar qu\u00e9 tipo de autorizaci\u00f3n se da:<\/p>\n<p style=\"padding-left: 40px;\"><strong>1. Apoderamiento general<\/strong><br \/>El representante puede actuar en nombre del poderdante ante cualquier administraci\u00f3n p\u00fablica y para cualquier tr\u00e1mite..<\/p>\n<p style=\"padding-left: 40px;\"><strong>2. Apoderamiento delante de un organismo concreto<\/strong><br \/>El representante puede realizar cualquier tr\u00e1mite ante una administraci\u00f3n determinada.<\/p>\n<p style=\"padding-left: 40px;\"><strong>3. Apoderamiento para un tr\u00e1mite concreto<\/strong><br \/>El representante s\u00f3lo podr\u00e1 realizar los tr\u00e1mites espec\u00edficos que se indiquen.<\/p>\n<p><strong>Duraci\u00f3n del apoderamiento<\/strong><\/p>\n<ul>\n<li>La duraci\u00f3n m\u00e1xima de un apoderamiento es de <strong>5 a\u00f1os<\/strong><\/li>\n<li>Se puede establecer un plazo m\u00e1s corto<\/li>\n<li>Se puede <strong>prorrogar<\/strong>, siempre sin superar los 5 a\u00f1os en total<\/li>\n<li>El representante tiene <strong>40 d\u00edas naturales<\/strong> para aceptar el apoderamiento<\/li>\n<\/ul>\n<p><strong>\u00a0<\/strong><\/p>\n<p>[\/et_pb_tab][et_pb_tab title=\u00bbInscripci\u00f3n de la representaci\u00f3n\u00bb _builder_version=\u00bb4.27.4&#8243; _module_preset=\u00bbdefault\u00bb global_colors_info=\u00bb{}\u00bb]<\/p>\n<p><img loading=\"lazy\" decoding=\"async\" src=\"https:\/\/nostraigua.cat\/wp-content\/uploads\/2026\/01\/inscripcio-285x300.png\" width=\"237\" height=\"250\" alt=\"\" class=\"wp-image-11972 alignnone size-medium\" style=\"float: left;\" srcset=\"https:\/\/nostraigua.cat\/wp-content\/uploads\/2026\/01\/inscripcio-285x300.png 285w, https:\/\/nostraigua.cat\/wp-content\/uploads\/2026\/01\/inscripcio.png 480w\" sizes=\"(max-width: 237px) 100vw, 237px\" \/><\/p>\n<p>La representaci\u00f3n puede inscribirse en <strong>cualquier momento<\/strong> a trav\u00e9s del servicio <a href=\"https:\/\/valid.aoc.cat\/o\/oauth2\/auth?scope=autenticacio_usuari&amp;response_type=code&amp;client_id=representa.cat&amp;approval_prompt=auto&amp;access_type=offline&amp;redirect_uri=https:\/\/representa.cat\/representa\/auth\/valid\/postLogin&amp;state=4309234026\" target=\"_blank\" rel=\"noopener\">REPRESENTA<\/a>, identific\u00e1ndose con:<\/p>\n<p>idCAT M\u00f3vil<\/p>\n<p>Certificado digital<\/p>\n<p><a href=\"mailto:Cl@ve\">Cl@ve<\/a><\/p>\n<p>&nbsp;<\/p>\n<p>Hay dos formas de hacerlo:<\/p>\n<ul>\n<li><strong>Sin aportar documentaci\u00f3n<\/strong><br \/>El poderdante manifiesta su voluntad y el representante debe aceptar el apoderamiento<strong>.<\/strong> Esta forma de inscripci\u00f3n es lo que se conoce como representaci\u00f3n apud acta<\/li>\n<li><strong>Aportando documentaci\u00f3n acreditativa<\/strong><br \/>Es necesario aportar un documento electr\u00f3nico v\u00e1lido, verificado por fedatario p\u00fablico (por ejemplo, un poder notarial).<br \/>La administraci\u00f3n deber\u00e1 validar y comprobar su contenido de la documentaci\u00f3n para que el apoderamiento sea efectivo.<\/li>\n<\/ul>\n<p>Una vez creada la representaci\u00f3n, se puede:<\/p>\n<ul>\n<li>Consultar los apoderamientos<\/li>\n<li>Modificar datos de contacto<\/li>\n<li>Revocar o renunciar a un apoderamiento<\/li>\n<li>Aceptar un apoderamiento pendiente<\/li>\n<li>Prorrogar su vigencia<\/li>\n<\/ul>\n<p><a href=\"https:\/\/nostraigua.cat\/wp-content\/uploads\/2026\/01\/Infografia-representa_Cast.pdf\" target=\"_blank\" rel=\"noopener\">Infografia del proceso de inscripci\u00f3n<\/a><\/p>\n<p>[\/et_pb_tab][\/et_pb_tabs][\/et_pb_column][\/et_pb_row][et_pb_row _builder_version=\u00bb4.27.4&#8243; _module_preset=\u00bbdefault\u00bb background_color=\u00bbrgba(0,110,178,0.68)\u00bb use_background_color_gradient=\u00bbon\u00bb background_color_gradient_stops=\u00bb#8fb6d8 0%|rgba(0,110,178,0) 100%\u00bb background_color_gradient_start=\u00bb#8fb6d8&#8243; background_color_gradient_end=\u00bbrgba(0,110,178,0)\u00bb custom_padding=\u00bb38px||48px|||\u00bb border_radii=\u00bbon|8px|8px|8px|8px\u00bb box_shadow_style=\u00bbpreset3&#8243; global_colors_info=\u00bb{}\u00bb][et_pb_column type=\u00bb4_4&#8243; _builder_version=\u00bb4.27.4&#8243; _module_preset=\u00bbdefault\u00bb hover_enabled=\u00bb0&#8243; global_colors_info=\u00bb{}\u00bb sticky_enabled=\u00bb0&#8243;][et_pb_text _builder_version=\u00bb4.27.4&#8243; _module_preset=\u00bbdefault\u00bb text_text_color=\u00bb#FFFFFF\u00bb header_2_font=\u00bb|700|||||||\u00bb header_2_text_align=\u00bbcenter\u00bb header_2_text_color=\u00bb#FFFFFF\u00bb text_orientation=\u00bbcenter\u00bb width=\u00bb80%\u00bb module_alignment=\u00bbcenter\u00bb min_height=\u00bb119.2px\u00bb hover_enabled=\u00bb0&#8243; global_colors_info=\u00bb{}\u00bb sticky_enabled=\u00bb0&#8243; link_option_url=\u00bbhttps:\/\/valid.aoc.cat\/o\/oauth2\/auth?scope=autenticacio_usuari&#038;response_type=code&#038;client_id=representa.cat&#038;approval_prompt=auto&#038;access_type=offline&#038;redirect_uri=https:\/\/representa.cat\/representa\/auth\/valid\/postLogin&#038;state=4309234026&#8243; link_option_url_new_window=\u00bbon\u00bb]<\/p>\n<h2>Acceso al Representa<\/h2>\n<p>Esta aplicaci\u00f3n es el registro electr\u00f3nico de apoderamientos gestionado por el CAOC y que permite que una persona, empresa o entidad autorice a otra persona a hacer tr\u00e1mites en su nombre delante de las administraciones p\u00fablicas catalanas.<\/p>\n<p>[\/et_pb_text][\/et_pb_column][\/et_pb_row][\/et_pb_section]<\/p>\n","protected":false},"excerpt":{"rendered":"<p>REGISTRO DE APODERAMIENTOS El REPRESENTA es el registro electr\u00f3nico de apoderamientos de la Generalitat de Catalunya, gestionado por el Consorcio Administraci\u00f3n Abierta de Catalu\u00f1a (AOC). Este servicio permite que una persona, empresa o entidad autorice a otra persona a realizar tr\u00e1mites en su nombre ante las administraciones p\u00fablicas catalanes, de forma digital, segura y gratuita. [&hellip;]<\/p>\n","protected":false},"author":4,"featured_media":0,"parent":0,"menu_order":0,"comment_status":"closed","ping_status":"closed","template":"","meta":{"_et_pb_use_builder":"on","_et_pb_old_content":"","_et_gb_content_width":"","footnotes":""},"class_list":["post-11940","page","type-page","status-publish","hentry"],"yoast_head":"<!-- This site is optimized with the Yoast SEO plugin v27.1.1 - https:\/\/yoast.com\/product\/yoast-seo-wordpress\/ -->\n<title>Representa - Nostraigua<\/title>\n<meta name=\"robots\" content=\"index, follow, max-snippet:-1, max-image-preview:large, max-video-preview:-1\" \/>\n<link rel=\"canonical\" href=\"https:\/\/nostraigua.cat\/es\/representa\/\" \/>\n<meta property=\"og:locale\" content=\"es_ES\" \/>\n<meta property=\"og:type\" content=\"article\" \/>\n<meta property=\"og:title\" content=\"Representa - Nostraigua\" \/>\n<meta property=\"og:description\" content=\"REGISTRO DE APODERAMIENTOS El REPRESENTA es el registro electr\u00f3nico de apoderamientos de la Generalitat de Catalunya, gestionado por el Consorcio Administraci\u00f3n Abierta de Catalu\u00f1a (AOC). Este servicio permite que una persona, empresa o entidad autorice a otra persona a realizar tr\u00e1mites en su nombre ante las administraciones p\u00fablicas catalanes, de forma digital, segura y gratuita. [&hellip;]\" \/>\n<meta property=\"og:url\" content=\"https:\/\/nostraigua.cat\/es\/representa\/\" \/>\n<meta property=\"og:site_name\" content=\"Nostraigua\" \/>\n<meta property=\"article:modified_time\" content=\"2026-01-27T06:26:32+00:00\" \/>\n<meta property=\"og:image\" content=\"https:\/\/nostraigua.cat\/wp-content\/uploads\/2026\/01\/icono-ordenador.png\" \/>\n\t<meta property=\"og:image:width\" content=\"457\" \/>\n\t<meta property=\"og:image:height\" content=\"517\" \/>\n\t<meta property=\"og:image:type\" content=\"image\/png\" \/>\n<meta name=\"twitter:card\" content=\"summary_large_image\" \/>\n<meta name=\"twitter:label1\" content=\"Tiempo de lectura\" \/>\n\t<meta name=\"twitter:data1\" content=\"5 minutos\" \/>\n<script type=\"application\/ld+json\" class=\"yoast-schema-graph\">{\"@context\":\"https:\/\/schema.org\",\"@graph\":[{\"@type\":\"WebPage\",\"@id\":\"https:\/\/nostraigua.cat\/es\/representa\/\",\"url\":\"https:\/\/nostraigua.cat\/es\/representa\/\",\"name\":\"Representa - Nostraigua\",\"isPartOf\":{\"@id\":\"https:\/\/nostraigua.cat\/es\/#website\"},\"primaryImageOfPage\":{\"@id\":\"https:\/\/nostraigua.cat\/es\/representa\/#primaryimage\"},\"image\":{\"@id\":\"https:\/\/nostraigua.cat\/es\/representa\/#primaryimage\"},\"thumbnailUrl\":\"https:\/\/nostraigua.cat\/wp-content\/uploads\/2026\/01\/icono-ordenador-265x300.png\",\"datePublished\":\"2026-01-20T13:27:36+00:00\",\"dateModified\":\"2026-01-27T06:26:32+00:00\",\"breadcrumb\":{\"@id\":\"https:\/\/nostraigua.cat\/es\/representa\/#breadcrumb\"},\"inLanguage\":\"es\",\"potentialAction\":[{\"@type\":\"ReadAction\",\"target\":[\"https:\/\/nostraigua.cat\/es\/representa\/\"]}]},{\"@type\":\"ImageObject\",\"inLanguage\":\"es\",\"@id\":\"https:\/\/nostraigua.cat\/es\/representa\/#primaryimage\",\"url\":\"https:\/\/nostraigua.cat\/wp-content\/uploads\/2026\/01\/icono-ordenador-265x300.png\",\"contentUrl\":\"https:\/\/nostraigua.cat\/wp-content\/uploads\/2026\/01\/icono-ordenador-265x300.png\"},{\"@type\":\"BreadcrumbList\",\"@id\":\"https:\/\/nostraigua.cat\/es\/representa\/#breadcrumb\",\"itemListElement\":[{\"@type\":\"ListItem\",\"position\":1,\"name\":\"Portada\",\"item\":\"https:\/\/nostraigua.cat\/es\/\"},{\"@type\":\"ListItem\",\"position\":2,\"name\":\"Representa\"}]},{\"@type\":\"WebSite\",\"@id\":\"https:\/\/nostraigua.cat\/es\/#website\",\"url\":\"https:\/\/nostraigua.cat\/es\/\",\"name\":\"Nostraigua\",\"description\":\"Nostraigua\",\"potentialAction\":[{\"@type\":\"SearchAction\",\"target\":{\"@type\":\"EntryPoint\",\"urlTemplate\":\"https:\/\/nostraigua.cat\/es\/?s={search_term_string}\"},\"query-input\":{\"@type\":\"PropertyValueSpecification\",\"valueRequired\":true,\"valueName\":\"search_term_string\"}}],\"inLanguage\":\"es\"}]}<\/script>\n<!-- \/ Yoast SEO plugin. -->","yoast_head_json":{"title":"Representa - Nostraigua","robots":{"index":"index","follow":"follow","max-snippet":"max-snippet:-1","max-image-preview":"max-image-preview:large","max-video-preview":"max-video-preview:-1"},"canonical":"https:\/\/nostraigua.cat\/es\/representa\/","og_locale":"es_ES","og_type":"article","og_title":"Representa - Nostraigua","og_description":"REGISTRO DE APODERAMIENTOS El REPRESENTA es el registro electr\u00f3nico de apoderamientos de la Generalitat de Catalunya, gestionado por el Consorcio Administraci\u00f3n Abierta de Catalu\u00f1a (AOC). Este servicio permite que una persona, empresa o entidad autorice a otra persona a realizar tr\u00e1mites en su nombre ante las administraciones p\u00fablicas catalanes, de forma digital, segura y gratuita. [&hellip;]","og_url":"https:\/\/nostraigua.cat\/es\/representa\/","og_site_name":"Nostraigua","article_modified_time":"2026-01-27T06:26:32+00:00","og_image":[{"width":457,"height":517,"url":"https:\/\/nostraigua.cat\/wp-content\/uploads\/2026\/01\/icono-ordenador.png","type":"image\/png"}],"twitter_card":"summary_large_image","twitter_misc":{"Tiempo de lectura":"5 minutos"},"schema":{"@context":"https:\/\/schema.org","@graph":[{"@type":"WebPage","@id":"https:\/\/nostraigua.cat\/es\/representa\/","url":"https:\/\/nostraigua.cat\/es\/representa\/","name":"Representa - Nostraigua","isPartOf":{"@id":"https:\/\/nostraigua.cat\/es\/#website"},"primaryImageOfPage":{"@id":"https:\/\/nostraigua.cat\/es\/representa\/#primaryimage"},"image":{"@id":"https:\/\/nostraigua.cat\/es\/representa\/#primaryimage"},"thumbnailUrl":"https:\/\/nostraigua.cat\/wp-content\/uploads\/2026\/01\/icono-ordenador-265x300.png","datePublished":"2026-01-20T13:27:36+00:00","dateModified":"2026-01-27T06:26:32+00:00","breadcrumb":{"@id":"https:\/\/nostraigua.cat\/es\/representa\/#breadcrumb"},"inLanguage":"es","potentialAction":[{"@type":"ReadAction","target":["https:\/\/nostraigua.cat\/es\/representa\/"]}]},{"@type":"ImageObject","inLanguage":"es","@id":"https:\/\/nostraigua.cat\/es\/representa\/#primaryimage","url":"https:\/\/nostraigua.cat\/wp-content\/uploads\/2026\/01\/icono-ordenador-265x300.png","contentUrl":"https:\/\/nostraigua.cat\/wp-content\/uploads\/2026\/01\/icono-ordenador-265x300.png"},{"@type":"BreadcrumbList","@id":"https:\/\/nostraigua.cat\/es\/representa\/#breadcrumb","itemListElement":[{"@type":"ListItem","position":1,"name":"Portada","item":"https:\/\/nostraigua.cat\/es\/"},{"@type":"ListItem","position":2,"name":"Representa"}]},{"@type":"WebSite","@id":"https:\/\/nostraigua.cat\/es\/#website","url":"https:\/\/nostraigua.cat\/es\/","name":"Nostraigua","description":"Nostraigua","potentialAction":[{"@type":"SearchAction","target":{"@type":"EntryPoint","urlTemplate":"https:\/\/nostraigua.cat\/es\/?s={search_term_string}"},"query-input":{"@type":"PropertyValueSpecification","valueRequired":true,"valueName":"search_term_string"}}],"inLanguage":"es"}]}},"publishpress_future_workflow_manual_trigger":{"enabledWorkflows":[]},"_links":{"self":[{"href":"https:\/\/nostraigua.cat\/es\/wp-json\/wp\/v2\/pages\/11940","targetHints":{"allow":["GET"]}}],"collection":[{"href":"https:\/\/nostraigua.cat\/es\/wp-json\/wp\/v2\/pages"}],"about":[{"href":"https:\/\/nostraigua.cat\/es\/wp-json\/wp\/v2\/types\/page"}],"author":[{"embeddable":true,"href":"https:\/\/nostraigua.cat\/es\/wp-json\/wp\/v2\/users\/4"}],"replies":[{"embeddable":true,"href":"https:\/\/nostraigua.cat\/es\/wp-json\/wp\/v2\/comments?post=11940"}],"version-history":[{"count":12,"href":"https:\/\/nostraigua.cat\/es\/wp-json\/wp\/v2\/pages\/11940\/revisions"}],"predecessor-version":[{"id":12046,"href":"https:\/\/nostraigua.cat\/es\/wp-json\/wp\/v2\/pages\/11940\/revisions\/12046"}],"wp:attachment":[{"href":"https:\/\/nostraigua.cat\/es\/wp-json\/wp\/v2\/media?parent=11940"}],"curies":[{"name":"wp","href":"https:\/\/api.w.org\/{rel}","templated":true}]}}